{"id":2276,"date":"2019-10-14T17:02:38","date_gmt":"2019-10-14T17:02:38","guid":{"rendered":"https:\/\/leonardo.care\/features"},"modified":"2020-10-03T08:50:41","modified_gmt":"2020-10-03T08:50:41","slug":"features","status":"publish","type":"page","link":"https:\/\/leonardo.care\/de\/features","title":{"rendered":"Features"},"content":{"rendered":"<p>[et_pb_section fb_built=&#8221;1&#8243; _builder_version=&#8221;3.22&#8243; custom_padding=&#8221;0px|||||&#8221;][et_pb_row _builder_version=&#8221;3.25&#8243; background_size=&#8221;initial&#8221; background_position=&#8221;top_left&#8221; background_repeat=&#8221;repeat&#8221;][et_pb_column type=&#8221;4_4&#8243; _builder_version=&#8221;3.25&#8243; custom_padding=&#8221;|||&#8221; custom_padding__hover=&#8221;|||&#8221;][et_pb_text _builder_version=&#8221;4.5.1&#8243; header_text_color=&#8221;#910004&#8243; header_font_size=&#8221;50px&#8221; background_size=&#8221;initial&#8221; background_position=&#8221;top_left&#8221; background_repeat=&#8221;repeat&#8221; min_height=&#8221;108px&#8221; header_font_size_tablet=&#8221;40px&#8221; header_font_size_phone=&#8221;30px&#8221; header_font_size_last_edited=&#8221;on|phone&#8221;]<\/p>\n<h1 style=\"text-align: center;\">Leonardo &#8211; Funktionen<\/h1>\n<p style=\"text-align: center;\"><strong>Karteikasten &#8211; Patientenakte &#8211; Terminkalender &#8211; Rechnungswesen &#8211; Aufgaben &#8211; Textbausteine &#8211; Einstellungen<\/strong><\/p>\n<p>Leonardo ist die Android-Anwendung f\u00fcr Privat- und Selbstzahlerpraxen unterschiedlichster Berufsgruppen. Leonardo speichert deine Patientendaten auf deinem Ger\u00e4t &#8211; nicht in einer Cloud. Du brauchst eine Internetverbindung nur f\u00fcr E-Mail Kommunikation oder wenn du einen Newsletter verschicken m\u00f6chtest.<\/p>\n<p>[\/et_pb_text][\/et_pb_column][\/et_pb_row][et_pb_row _builder_version=&#8221;4.4.2&#8243;][et_pb_column type=&#8221;4_4&#8243; _builder_version=&#8221;4.4.2&#8243;][et_pb_blurb title=&#8221;Karteikasten&#8221; image=&#8221;https:\/\/leonardo.care\/wp-content\/uploads\/2020\/04\/ClientsList.png&#8221; icon_placement=&#8221;left&#8221; _builder_version=&#8221;4.4.2&#8243; border_width_all=&#8221;0px&#8221; border_color_all=&#8221;#000000&#8243; border_width_bottom=&#8221;1px&#8221; border_color_bottom=&#8221;#dbdbdb&#8221;]<\/p>\n<ul>\n<li>Patienten-\/Kundenlisten<\/li>\n<li>Newsletter verwalten und versenden<\/li>\n<\/ul>\n<p>[\/et_pb_blurb][et_pb_blurb title=&#8221;Patientenakte&#8221; image=&#8221;https:\/\/leonardo.care\/wp-content\/uploads\/2020\/04\/ClientsRecord.png&#8221; icon_placement=&#8221;left&#8221; _builder_version=&#8221;4.4.2&#8243; animation_style=&#8221;fade&#8221; border_width_bottom=&#8221;1px&#8221; border_color_bottom=&#8221;#dbdbdb&#8221;]<\/p>\n<ul>\n<li>\u00dcbersicht Termine mit Abrechnungen<\/li>\n<li>umfangreiche Dokumentationsm\u00f6glichkeiten: Text, Bild, Video, Ton, Sprache zu Text, pdf-Anh\u00e4nge<\/li>\n<li>Verwalten von Diagnosen f\u00fcr Rechnungen, Rezepte<\/li>\n<li>Brief- und E-Mail-Management<\/li>\n<li>Adress- und Kontaktverwaltung<\/li>\n<li>Automatische Terminabrechnung m\u00f6glich<\/li>\n<\/ul>\n<p>[\/et_pb_blurb][et_pb_blurb title=&#8221;Terminkalender&#8221; image=&#8221;https:\/\/leonardo.care\/wp-content\/uploads\/2020\/04\/Calendar.png&#8221; icon_placement=&#8221;left&#8221; _builder_version=&#8221;4.4.2&#8243; animation_style=&#8221;fade&#8221; border_width_bottom=&#8221;1px&#8221; border_color_bottom=&#8221;#dbdbdb&#8221;]<\/p>\n<ul>\n<li>Ansicht Tag, 5-Tage, 7-Tage, Monat, Jahr<\/li>\n<li>Termin- und Abrechnungsassistent<\/li>\n<li>Einzel- und Gruppentermine mit Abrechnung<\/li>\n<\/ul>\n<p>[\/et_pb_blurb][et_pb_blurb title=&#8221;Rechnungswesen&#8221; image=&#8221;https:\/\/leonardo.care\/wp-content\/uploads\/2020\/04\/Billing.png&#8221; icon_placement=&#8221;left&#8221; _builder_version=&#8221;4.4.2&#8243; animation_style=&#8221;fade&#8221; border_width_bottom=&#8221;1px&#8221; border_color_bottom=&#8221;#dbdbdb&#8221;]<\/p>\n<ul>\n<li>Rechnung mit einem Klick<\/li>\n<li>\u00dcbersicht f\u00e4llige, \u00fcberf\u00e4llige und bezahlte Rechnungen<\/li>\n<li>Mahnwesen<\/li>\n<li>Stornorechnung<\/li>\n<li>Rechnung drucken<\/li>\n<li>Rechnung per mail versenden<\/li>\n<\/ul>\n<p>[\/et_pb_blurb][et_pb_blurb title=&#8221;Aufgaben&#8221; image=&#8221;https:\/\/leonardo.care\/wp-content\/uploads\/2020\/04\/Tasks.png&#8221; icon_placement=&#8221;left&#8221; _builder_version=&#8221;4.4.2&#8243; animation_style=&#8221;fade&#8221; scroll_vertical_motion_enable=&#8221;off&#8221; border_width_bottom=&#8221;1px&#8221; border_color_bottom=&#8221;#dbdbdb&#8221;]<\/p>\n<ul>\n<li>Aufgabenverwaltung mit F\u00e4lligkeitsdatum<\/li>\n<li>Anzeige im Terminkalender<\/li>\n<li>Erledigte Aufgaben automatisch l\u00f6schen<\/li>\n<\/ul>\n<p>[\/et_pb_blurb][et_pb_blurb title=&#8221;Textbausteine&#8221; image=&#8221;https:\/\/leonardo.care\/wp-content\/uploads\/2020\/04\/Textmodules.png&#8221; icon_placement=&#8221;left&#8221; _builder_version=&#8221;4.4.2&#8243; animation_style=&#8221;fade&#8221; border_width_bottom=&#8221;1px&#8221; border_color_bottom=&#8221;#dbdbdb&#8221;]<\/p>\n<ul>\n<li>Verwaltung der Kostenarten (Leistungen und Produkte)<\/li>\n<li>Textschnipsel f\u00fcr Dokumentation, Briefe und E-Mails (einmal geschrieben, immer verf\u00fcgbar)<\/li>\n<li>Verwaltung der Diagnosen<\/li>\n<li>Vorlagen f\u00fcr Rechnungen, Mahnungen, Briefe, E-Mails<\/li>\n<\/ul>\n<p>[\/et_pb_blurb][et_pb_blurb title=&#8221;Einstellungen&#8221; image=&#8221;https:\/\/leonardo.care\/wp-content\/uploads\/2020\/04\/Settings.png&#8221; icon_placement=&#8221;left&#8221; _builder_version=&#8221;4.4.2&#8243; animation_style=&#8221;fade&#8221; border_width_bottom=&#8221;1px&#8221; border_color_bottom=&#8221;#dbdbdb&#8221;]<\/p>\n<ul>\n<li>Einstellungen f\u00fcr Sprache, Layout, Rechnungswesen, Terminkalender, Aufgaben<\/li>\n<li>Import von Leistungen, Produkten<\/li>\n<li>Import bestehender Patientendaten<\/li>\n<li>Export der Einnahmen f\u00fcr Steuerberater<\/li>\n<li>Backup-Einstellungen<\/li>\n<li>Support<\/li>\n<\/ul>\n<p>[\/et_pb_blurb][\/et_pb_column][\/et_pb_row][\/et_pb_section]<\/p>\n","protected":false},"excerpt":{"rendered":"<p>Leonardo &#8211; Funktionen Karteikasten &#8211; Patientenakte &#8211; Terminkalender &#8211; Rechnungswesen &#8211; Aufgaben &#8211; Textbausteine &#8211; Einstellungen Leonardo ist die Android-Anwendung f\u00fcr Privat- und Selbstzahlerpraxen unterschiedlichster Berufsgruppen. Leonardo speichert deine Patientendaten auf deinem Ger\u00e4t &#8211; nicht in einer Cloud. Du brauchst eine Internetverbindung nur f\u00fcr E-Mail Kommunikation oder wenn du einen Newsletter verschicken m\u00f6chtest. Patienten-\/Kundenlisten Newsletter [&hellip;]<\/p>\n","protected":false},"author":1,"featured_media":0,"parent":0,"menu_order":15,"comment_status":"closed","ping_status":"closed","template":"page-template-fullwidth.php","meta":{"_et_pb_use_builder":"on","_et_pb_old_content":"<h1 style=\"text-align: center;\">Coming Soon<\/h1>","_et_gb_content_width":"","footnotes":""},"class_list":["post-2276","page","type-page","status-publish","hentry"],"_links":{"self":[{"href":"https:\/\/leonardo.care\/de\/wp-json\/wp\/v2\/pages\/2276","targetHints":{"allow":["GET"]}}],"collection":[{"href":"https:\/\/leonardo.care\/de\/wp-json\/wp\/v2\/pages"}],"about":[{"href":"https:\/\/leonardo.care\/de\/wp-json\/wp\/v2\/types\/page"}],"author":[{"embeddable":true,"href":"https:\/\/leonardo.care\/de\/wp-json\/wp\/v2\/users\/1"}],"replies":[{"embeddable":true,"href":"https:\/\/leonardo.care\/de\/wp-json\/wp\/v2\/comments?post=2276"}],"version-history":[{"count":31,"href":"https:\/\/leonardo.care\/de\/wp-json\/wp\/v2\/pages\/2276\/revisions"}],"predecessor-version":[{"id":3332,"href":"https:\/\/leonardo.care\/de\/wp-json\/wp\/v2\/pages\/2276\/revisions\/3332"}],"wp:attachment":[{"href":"https:\/\/leonardo.care\/de\/wp-json\/wp\/v2\/media?parent=2276"}],"curies":[{"name":"wp","href":"https:\/\/api.w.org\/{rel}","templated":true}]}}