{"id":3188,"date":"2020-05-29T15:18:01","date_gmt":"2020-05-29T15:18:01","guid":{"rendered":"https:\/\/leonardo.care\/privacy-policy"},"modified":"2020-06-03T05:56:57","modified_gmt":"2020-06-03T05:56:57","slug":"privacy-policy","status":"publish","type":"page","link":"https:\/\/leonardo.care\/de\/privacy-policy","title":{"rendered":"Privacy Policy"},"content":{"rendered":"<p>[et_pb_section fb_built=&#8221;1&#8243; _builder_version=&#8221;3.22&#8243;][et_pb_row _builder_version=&#8221;3.25&#8243; background_size=&#8221;initial&#8221; background_position=&#8221;top_left&#8221; background_repeat=&#8221;repeat&#8221;][et_pb_column type=&#8221;4_4&#8243; _builder_version=&#8221;3.25&#8243; custom_padding=&#8221;|||&#8221; custom_padding__hover=&#8221;|||&#8221;][et_pb_text _builder_version=&#8221;4.4.7&#8243; background_size=&#8221;initial&#8221; background_position=&#8221;top_left&#8221; background_repeat=&#8221;repeat&#8221; hover_enabled=&#8221;0&#8243;]<\/p>\n<table>\n<tbody>\n<tr>\n<td width=\"313\">\n<h1>Datenschutzerkl\u00e4rung<\/h1>\n<p>&nbsp;<\/td>\n<\/tr>\n<tr>\n<td width=\"313\">Wir m\u00f6chten weder Ihre Daten ohne Ihre Zustimmung verwenden, noch wollen wir Ihnen ungew\u00fcnschte Werbung einblenden oder noch Ihren Weg auf unseren Seiten tracken.<\/p>\n<p>Deswegen verwenden wir weder Google Analytics, noch nutzen wir andere Dienste, um Ihr Besucherverhalten zu analysieren.<\/p>\n<p>Wir fragen Sie auch nicht nach Ihrem Namen. Falls Sie mit uns in Kontakt treten m\u00f6chten, ist lediglich Ihre E-Mail-Adresse n\u00f6tig.<\/p>\n<p>Ebenso ben\u00f6tigen Sie bei der Nutzung von Leonardo keinen ADV-Vertrag (Auftragsdatenverarbeitungsvertrag). Von Ihnen erfasste Patientendaten in Leonardo werden auf Ihrem System gespeichert und nur von Ihnen verarbeitet. M\u00f6chten Sie Ihre Patientendaten lieber in der Cloud, sind Sie bei uns falsch. Patientendaten in der Cloud ben\u00f6tigen immer einen ADV-Vertrag \u2013 dieser entl\u00e4sst Sie aber nicht aus der Haftung.<\/p>\n<p>&nbsp;<\/td>\n<\/tr>\n<tr>\n<td width=\"313\">\n<h2>Verwenden wir Cookies?<\/h2>\n<p>Wir verwenden Cookies, um die Sprache Ihres Browsers zu bestimmen und die richtige Sprache zu liefern.<\/td>\n<\/tr>\n<tr>\n<td width=\"313\">&nbsp;<\/td>\n<\/tr>\n<tr>\n<td width=\"313\"><strong>Newsletter<\/strong><\/p>\n<p>&nbsp;<\/td>\n<\/tr>\n<tr>\n<td width=\"313\">Wir bieten einen Newsletter an. Dieser Newsletter informiert Sie \u00fcber neue Versionen und sonstige Neuigkeiten rund um Leonardo. Er erscheint nicht regelm\u00e4\u00dfig.<\/p>\n<p>Sie empfangen den Newsletter nur, wenn Sie sich f\u00fcr den Bezug des Newsletters angemeldet haben. Dazu ist die Angabe einer g\u00fcltigen E-Mail-Adresse ausreichend.<\/p>\n<p>Um zu \u00fcberpr\u00fcfen, dass die Anmeldung tats\u00e4chlich von Ihnen gew\u00fcnscht ist, setzen wir das \u201eDouble-opt-in\u201c-Verfahren ein. Dabei wird eine E-Mail mit einem Best\u00e4tigungs-Link von unserem System an Sie verschickt. Erst wenn Sie den Best\u00e4tigungs-Link an uns senden, erhalten Sie den Newsletter.<\/p>\n<p>Dadurch wird verhindert, dass Dritte Ihre E-Mail-Adresse bei uns eintragen, ohne dass es von Ihnen gew\u00fcnscht ist.<\/p>\n<p>Ihre E-Mail-Adresse wird ausschlie\u00dflich f\u00fcr den Newsletter Versand verwendet und nicht an Dritte weitergegeben.<\/p>\n<p>Die Einwilligung zur Speicherung Ihrer E-Mail-Adresse und ihre Nutzung f\u00fcr den Newsletter Versand k\u00f6nnen Sie jederzeit mit Wirkung f\u00fcr die Zukunft widerrufen. In jedem Newsletter findet sich dazu ein entsprechender Link. Au\u00dferdem k\u00f6nnen Sie uns Ihren Widerruf \u00fcber die am Ende dieser Datenschutzhinweise angegebene Kontaktm\u00f6glichkeit mitteilen.<\/p>\n<p>&nbsp;<\/td>\n<\/tr>\n<tr>\n<td width=\"313\">&nbsp;<\/td>\n<\/tr>\n<tr>\n<td width=\"313\"><strong>Kontaktformular<\/strong><\/p>\n<p>Durch Bereitstellung des Kontaktformulars m\u00f6chten wir Ihnen eine unkomplizierte Kontaktaufnahme erm\u00f6glichen. Ihre gemachten Angaben werden zum Zwecke der Bearbeitung der Anfrage sowie f\u00fcr m\u00f6gliche Anschlussfragen gespeichert. Hierf\u00fcr ist nur die Angabe einer g\u00fcltigen E-Mail-Adresse n\u00f6tig. Diese dient der Zuordnung der Anfrage und der anschlie\u00dfenden Beantwortung derselben. Die Angabe weiterer Daten ist optional.<\/p>\n<p>&nbsp;<\/p>\n<p><strong>Verwendung von Google Analytics<\/strong><\/p>\n<p>Wir verwenden Google Analytics nicht.<\/p>\n<p>&nbsp;<\/p>\n<p><strong>\u00c4nderung unserer Datenschutzbestimmungen<\/strong><\/p>\n<p>Wir behalten uns vor, diese Datenschutzerkl\u00e4rung gelegentlich anzupassen, damit sie stets den aktuellen rechtlichen Anforderungen entspricht oder um \u00c4nderungen unserer Leistungen in der Datenschutzerkl\u00e4rung umzusetzen, z. B. bei der Einf\u00fchrung neuer Services. F\u00fcr Ihren erneuten Besuch gilt dann die neue Datenschutzerkl\u00e4rung.<\/p>\n<p>&nbsp;<\/p>\n<p><strong>Verantwortliche Stelle im Sinne der Datenschutzgesetze ist:<\/strong><\/p>\n<p>Shen-Acupuncture<br \/>\nNeuhoefe 4<br \/>\nMarburg, 35043<br \/>\nGermany<br \/>\nj.bschaden@shenprofessional.com<\/p>\n<p>&nbsp;<\/td>\n<\/tr>\n<\/tbody>\n<\/table>\n<p>[\/et_pb_text][\/et_pb_column][\/et_pb_row][\/et_pb_section]<\/p>\n","protected":false},"excerpt":{"rendered":"<p>Datenschutzerkl\u00e4rung &nbsp; Wir m\u00f6chten weder Ihre Daten ohne Ihre Zustimmung verwenden, noch wollen wir Ihnen ungew\u00fcnschte Werbung einblenden oder noch Ihren Weg auf unseren Seiten tracken. Deswegen verwenden wir weder Google Analytics, noch nutzen wir andere Dienste, um Ihr Besucherverhalten zu analysieren. Wir fragen Sie auch nicht nach Ihrem Namen. Falls Sie mit uns in [&hellip;]<\/p>\n","protected":false},"author":1,"featured_media":0,"parent":0,"menu_order":18,"comment_status":"closed","ping_status":"closed","template":"page-template-fullwidth.php","meta":{"_et_pb_use_builder":"on","_et_pb_old_content":"Datenschutzerkl\u00e4rung\r\n\r\nWir m\u00f6chten weder Ihre Daten ohne Ihre Zustimmung verwenden, noch wollen wir Ihnen ungew\u00fcnschte Werbung einblenden oder noch Ihren Weg auf unseren Seiten tracken.\r\nDeswegen verwenden wir weder Google Analytics, noch nutzen wir andere Dienste, um Ihr Besucherverhalten zu analysieren.\r\nWir fragen Sie auch nicht nach Ihrem Namen. Falls Sie mit uns in Kontakt treten m\u00f6chten, ist lediglich Ihre E-Mail-Adresse n\u00f6tig.\r\nEbenso ben\u00f6tigen Sie bei der Nutzung von Leonardo keinen ADV-Vertrag (Auftragsdatenverarbeitungsvertrag). Von Ihnen erfasste Patientendaten in Leonardo werden auf Ihrem System gespeichert und nur von Ihnen verarbeitet. M\u00f6chten Sie Ihre Patientendaten lieber in der Cloud, sind Sie bei uns falsch. Patientendaten in der Cloud ben\u00f6tigen immer einen ADV-Vertrag \u2013 dieser entl\u00e4sst Sie aber nicht aus der Haftung.\r\n\r\nVerwenden wir Cookies?\r\nWir verwenden Cookies, um die Sprache Ihres Browsers zu bestimmen und die richtige Sprache zu liefern.\r\n\r\nNewsletter\r\n\r\nWir bieten einen Newsletter an. Dieser Newsletter informiert Sie \u00fcber neue Versionen und sonstige Neuigkeiten rund um Leonardo. Er erscheint nicht regelm\u00e4\u00dfig.\r\nSie empfangen den Newsletter nur, wenn Sie sich f\u00fcr den Bezug des Newsletters angemeldet haben. Dazu ist die Angabe einer g\u00fcltigen E-Mail-Adresse ausreichend.\r\nUm zu \u00fcberpr\u00fcfen, dass die Anmeldung tats\u00e4chlich von Ihnen gew\u00fcnscht ist, setzen wir das \u201eDouble-opt-in\u201c-Verfahren ein. Dabei wird eine E-Mail mit einem Best\u00e4tigungs-Link von unserem System an Sie verschickt. Erst wenn Sie den Best\u00e4tigungs-Link an uns senden, erhalten Sie den Newsletter.\r\nDadurch wird verhindert, dass Dritte Ihre E-Mail-Adresse bei uns eintragen, ohne dass es von Ihnen gew\u00fcnscht ist.\r\nIhre E-Mail-Adresse wird ausschlie\u00dflich f\u00fcr den Newsletter Versand verwendet und nicht an Dritte weitergegeben.\r\nDie Einwilligung zur Speicherung Ihrer E-Mail-Adresse und ihre Nutzung f\u00fcr den Newsletter Versand k\u00f6nnen Sie jederzeit mit Wirkung f\u00fcr die Zukunft widerrufen. In jedem Newsletter findet sich dazu ein entsprechender Link. Au\u00dferdem k\u00f6nnen Sie uns Ihren Widerruf \u00fcber die am Ende dieser Datenschutzhinweise angegebene Kontaktm\u00f6glichkeit mitteilen.\r\n\r\n\r\nKontaktformular\r\nDurch Bereitstellung des Kontaktformulars m\u00f6chten wir Ihnen eine unkomplizierte Kontaktaufnahme erm\u00f6glichen. Ihre gemachten Angaben werden zum Zwecke der Bearbeitung der Anfrage sowie f\u00fcr m\u00f6gliche Anschlussfragen gespeichert. Hierf\u00fcr ist nur die Angabe einer g\u00fcltigen E-Mail-Adresse n\u00f6tig. Diese dient der Zuordnung der Anfrage und der anschlie\u00dfenden Beantwortung derselben. Die Angabe weiterer Daten ist optional.\r\n \r\nVerwendung von Google Analytics\r\nWir verwenden Google Analytics nicht.\r\n \r\n\u00c4nderung unserer Datenschutzbestimmungen\r\nWir behalten uns vor, diese Datenschutzerkl\u00e4rung gelegentlich anzupassen, damit sie stets den aktuellen rechtlichen Anforderungen entspricht oder um \u00c4nderungen unserer Leistungen in der Datenschutzerkl\u00e4rung umzusetzen, z. B. bei der Einf\u00fchrung neuer Services. F\u00fcr Ihren erneuten Besuch gilt dann die neue Datenschutzerkl\u00e4rung.\r\n \r\nVerantwortliche Stelle im Sinne der Datenschutzgesetze ist:\r\nShen-Acupuncture\r\nNeuhoefe 4\r\nMarburg, 35043\r\nGermany\r\nj.bschaden@shenprofessional.com\r\n\r\n","_et_gb_content_width":"","footnotes":""},"class_list":["post-3188","page","type-page","status-publish","hentry"],"_links":{"self":[{"href":"https:\/\/leonardo.care\/de\/wp-json\/wp\/v2\/pages\/3188","targetHints":{"allow":["GET"]}}],"collection":[{"href":"https:\/\/leonardo.care\/de\/wp-json\/wp\/v2\/pages"}],"about":[{"href":"https:\/\/leonardo.care\/de\/wp-json\/wp\/v2\/types\/page"}],"author":[{"embeddable":true,"href":"https:\/\/leonardo.care\/de\/wp-json\/wp\/v2\/users\/1"}],"replies":[{"embeddable":true,"href":"https:\/\/leonardo.care\/de\/wp-json\/wp\/v2\/comments?post=3188"}],"version-history":[{"count":3,"href":"https:\/\/leonardo.care\/de\/wp-json\/wp\/v2\/pages\/3188\/revisions"}],"predecessor-version":[{"id":5421,"href":"https:\/\/leonardo.care\/de\/wp-json\/wp\/v2\/pages\/3188\/revisions\/5421"}],"wp:attachment":[{"href":"https:\/\/leonardo.care\/de\/wp-json\/wp\/v2\/media?parent=3188"}],"curies":[{"name":"wp","href":"https:\/\/api.w.org\/{rel}","templated":true}]}}