{"id":3190,"date":"2020-05-29T15:19:24","date_gmt":"2020-05-29T15:19:24","guid":{"rendered":"https:\/\/leonardo.care\/terms-conditions"},"modified":"2020-10-02T10:09:25","modified_gmt":"2020-10-02T10:09:25","slug":"terms-conditions","status":"publish","type":"page","link":"https:\/\/leonardo.care\/de\/terms-conditions","title":{"rendered":"Terms &#038; Conditions"},"content":{"rendered":"<p>[et_pb_section fb_built=&#8221;1&#8243; _builder_version=&#8221;3.29.3&#8243;][et_pb_row _builder_version=&#8221;3.29.3&#8243;][et_pb_column type=&#8221;4_4&#8243; _builder_version=&#8221;3.29.3&#8243;][et_pb_text _builder_version=&#8221;4.4.7&#8243;]<\/p>\n<table>\n<tbody>\n<tr>\n<td width=\"302\">\n<h1>Nutzungsbedingungen Leonardo<\/h1>\n<\/td>\n<\/tr>\n<tr>\n<td width=\"302\">Wenn Sie die App herunterladen oder verwenden, gelten diese Bedingungen automatisch f\u00fcr Sie. Sie sollten daher sicherstellen, dass Sie sie sorgf\u00e4ltig lesen, bevor Sie die App verwenden.<\/p>\n<p>&nbsp;<\/td>\n<\/tr>\n<tr>\n<td width=\"302\">Shen-Apps setzt sich daf\u00fcr ein, dass die App so n\u00fctzlich und effizient wie m\u00f6glich ist. Aus diesem Grund behalten wir uns das Recht vor, jederzeit und aus beliebigen Gr\u00fcnden \u00c4nderungen an der App vorzunehmen.<\/td>\n<\/tr>\n<tr>\n<td width=\"302\">Leonardo speichert Daten die Sie eingeben auf Ihrem Ger\u00e4t. Leonardo speichert keine Daten in einer Cloud. Es liegt in Ihrer Verantwortung, Ihr Telefon und den Zugriff auf die App sicher zu halten. Wir empfehlen daher, dass Sie Ihr Telefon nicht jailbreaken oder rooten.<\/p>\n<p>&nbsp;<\/td>\n<\/tr>\n<tr>\n<td width=\"302\">Sie sollten sich bewusst sein, dass es bestimmte Dinge gibt, f\u00fcr die Shen-Apps keine Verantwortung \u00fcbernimmt. F\u00fcr bestimmte Funktionen der App muss die App \u00fcber eine aktive Internetverbindung verf\u00fcgen, z.B. wenn Sie eine E-Mail verschicken m\u00f6chten. Shen-Apps kann jedoch keine Verantwortung daf\u00fcr \u00fcbernehmen, dass die App mit voller Funktionalit\u00e4t funktioniert, wenn Sie keine aktive Internetverbindung haben.<\/p>\n<p>&nbsp;<\/td>\n<\/tr>\n<tr>\n<td width=\"302\">Leonardo bietet umfangreiche Dokumentationsm\u00f6glichkeiten. Bild- und Video-Dokumentationen ben\u00f6tigen dabei mehr Speicherplatz als Texte. Sie m\u00fcssen daf\u00fcr Sorge tragen, dass Ihr Ger\u00e4t \u00fcber gen\u00fcgend Speicherplatz verf\u00fcgt.<\/td>\n<\/tr>\n<tr>\n<td width=\"302\">Das Verwenden des Produkts liegt in alleiniger Verantwortung des K\u00e4ufers.<\/p>\n<p>&nbsp;<\/p>\n<p>Der K\u00e4ufer tr\u00e4gt selbst das Risiko im Hinblick auf die Leistungsf\u00e4higkeit des Produkts. Shen-Apps haftet weder Ihnen noch anderen Personen gegen\u00fcber f\u00fcr irgendwelche indirekten, unmittelbaren oder speziellen Sch\u00e4den oder Folgesch\u00e4den, einschlie\u00dflich entgangener Einnahmen, Verlust oder Besch\u00e4digung von Daten oder anderen kommerziellen oder wirtschaftlichen Verlusten, selbst wenn wir auf die M\u00f6glichkeit solcher Sch\u00e4den hingewiesen wurden oder wenn sie vorhersehbar sind. Wir sind des Weiteren nicht verantwortlich f\u00fcr durch eine dritte Partei erhobene Rechtsanspr\u00fcche. Unsere maximale Haftung Ihnen gegen\u00fcber \u00fcberschreitet nicht den insgesamt von Ihnen f\u00fcr das Produkt bezahlten Betrag im aktuellen Abrechnungszeitraum.<\/p>\n<p>&nbsp;<\/td>\n<\/tr>\n<tr>\n<td width=\"302\">&nbsp;<\/p>\n<p>&nbsp;<\/p>\n<p>\u00c4nderungen dieser Allgemeinen Gesch\u00e4ftsbedingungen<\/p>\n<p>&nbsp;<\/p>\n<p>Wir k\u00f6nnen unsere Allgemeinen Gesch\u00e4ftsbedingungen von Zeit zu Zeit aktualisieren. Es wird daher empfohlen, diese Seite regelm\u00e4\u00dfig auf \u00c4nderungen zu \u00fcberpr\u00fcfen. Wir werden Sie \u00fcber \u00c4nderungen informieren, indem wir die neuen Allgemeinen Gesch\u00e4ftsbedingungen auf dieser Seite ver\u00f6ffentlichen. Diese \u00c4nderungen werden sofort wirksam, nachdem sie auf dieser Seite ver\u00f6ffentlicht wurden.<\/p>\n<p>&nbsp;<\/td>\n<\/tr>\n<tr>\n<td width=\"302\">Es gilt das Recht der Bundesrepublik Deutschland unter Ausschluss des UN-Kaufrechts.<br \/>\nGerichtsstand ist Marburg.<\/p>\n<p>&nbsp;<\/td>\n<\/tr>\n<tr>\n<td width=\"302\">&nbsp;<\/td>\n<\/tr>\n<tr>\n<td width=\"302\">&nbsp;<\/td>\n<\/tr>\n<\/tbody>\n<\/table>\n<p>[\/et_pb_text][\/et_pb_column][\/et_pb_row][\/et_pb_section]<\/p>\n","protected":false},"excerpt":{"rendered":"<p>Nutzungsbedingungen Leonardo Wenn Sie die App herunterladen oder verwenden, gelten diese Bedingungen automatisch f\u00fcr Sie. Sie sollten daher sicherstellen, dass Sie sie sorgf\u00e4ltig lesen, bevor Sie die App verwenden. &nbsp; Shen-Apps setzt sich daf\u00fcr ein, dass die App so n\u00fctzlich und effizient wie m\u00f6glich ist. Aus diesem Grund behalten wir uns das Recht vor, jederzeit [&hellip;]<\/p>\n","protected":false},"author":1,"featured_media":0,"parent":0,"menu_order":18,"comment_status":"closed","ping_status":"closed","template":"page-template-fullwidth.php","meta":{"_et_pb_use_builder":"on","_et_pb_old_content":"","_et_gb_content_width":"","footnotes":""},"class_list":["post-3190","page","type-page","status-publish","hentry"],"_links":{"self":[{"href":"https:\/\/leonardo.care\/de\/wp-json\/wp\/v2\/pages\/3190","targetHints":{"allow":["GET"]}}],"collection":[{"href":"https:\/\/leonardo.care\/de\/wp-json\/wp\/v2\/pages"}],"about":[{"href":"https:\/\/leonardo.care\/de\/wp-json\/wp\/v2\/types\/page"}],"author":[{"embeddable":true,"href":"https:\/\/leonardo.care\/de\/wp-json\/wp\/v2\/users\/1"}],"replies":[{"embeddable":true,"href":"https:\/\/leonardo.care\/de\/wp-json\/wp\/v2\/comments?post=3190"}],"version-history":[{"count":2,"href":"https:\/\/leonardo.care\/de\/wp-json\/wp\/v2\/pages\/3190\/revisions"}],"predecessor-version":[{"id":3766,"href":"https:\/\/leonardo.care\/de\/wp-json\/wp\/v2\/pages\/3190\/revisions\/3766"}],"wp:attachment":[{"href":"https:\/\/leonardo.care\/de\/wp-json\/wp\/v2\/media?parent=3190"}],"curies":[{"name":"wp","href":"https:\/\/api.w.org\/{rel}","templated":true}]}}