{"id":656,"date":"2018-12-02T08:14:29","date_gmt":"2018-12-02T08:14:29","guid":{"rendered":"https:\/\/leonardo.care\/?page_id=656"},"modified":"2020-10-02T18:31:42","modified_gmt":"2020-10-02T18:31:42","slug":"ueber-uns","status":"publish","type":"page","link":"https:\/\/leonardo.care\/de\/ueber-uns","title":{"rendered":"\u00dcber uns"},"content":{"rendered":"<p>[et_pb_section fb_built=&#8221;1&#8243; _builder_version=&#8221;3.22&#8243; background_image=&#8221;https:\/\/leonardo.care\/wp-content\/uploads\/2018\/12\/Neuhoefe-1.png&#8221; parallax=&#8221;on&#8221;][et_pb_row column_structure=&#8221;1_2,1_2&#8243; _builder_version=&#8221;3.25&#8243; background_color=&#8221;rgba(255,255,255,0.55)&#8221; background_size=&#8221;initial&#8221; background_position=&#8221;top_left&#8221; background_repeat=&#8221;repeat&#8221; custom_padding=&#8221;33px|33px|33px|33px|true|true&#8221;][et_pb_column type=&#8221;1_2&#8243; _builder_version=&#8221;3.25&#8243; custom_padding=&#8221;|||&#8221; custom_padding__hover=&#8221;|||&#8221;][et_pb_image src=&#8221;https:\/\/leonardo.care\/wp-content\/uploads\/2018\/12\/JB_18.jpg&#8221; align=&#8221;center&#8221; align_tablet=&#8221;center&#8221; align_phone=&#8221;&#8221; align_last_edited=&#8221;on|desktop&#8221; _builder_version=&#8221;3.23&#8243; max_width=&#8221;57%&#8221; filter_saturate=&#8221;104%&#8221; filter_brightness=&#8221;117%&#8221; filter_opacity=&#8221;64%&#8221; border_radii=&#8221;on|20px|20px|20px|20px&#8221;]<br \/>\n[\/et_pb_image][\/et_pb_column][et_pb_column type=&#8221;1_2&#8243; _builder_version=&#8221;3.25&#8243; custom_padding=&#8221;|||&#8221; custom_padding__hover=&#8221;|||&#8221;][et_pb_text _builder_version=&#8221;4.0.1&#8243;]<\/p>\n<h1>J\u00fcrgen Bschaden<\/h1>\n<p><strong>Gesch\u00e4ftsf\u00fchrer &amp; Autor<\/strong><\/p>\n<p>Unseren Firmensitz &#8211; 80 km von Frankfurt\/Main entfernt &#8211; sehen Sie im Hintergrund. Hier grasen Rehe in Sichtweite und Pferde laufen noch auf der Strasse. Hier leben und arbeiten wir.<\/p>\n<p>In meiner Praxis war ich schon fr\u00fch mit komplexen Krankheitsbildern konfrontiert. Schon damals habe ich damals begonnen, Informationen zu Akupunkturpunkten zu sammeln und in einer Datenbank zu verwalten.<\/p>\n<p>[\/et_pb_text][\/et_pb_column][\/et_pb_row][et_pb_row _builder_version=&#8221;3.25&#8243; custom_padding=&#8221;38.05px|0px|34px|0px|false|false&#8221;][et_pb_column type=&#8221;4_4&#8243; _builder_version=&#8221;3.25&#8243; custom_padding=&#8221;|||&#8221; custom_padding__hover=&#8221;|||&#8221;][\/et_pb_column][\/et_pb_row][et_pb_row _builder_version=&#8221;3.25&#8243; background_color=&#8221;rgba(255,255,255,0.55)&#8221; background_size=&#8221;initial&#8221; background_position=&#8221;top_left&#8221; background_repeat=&#8221;repeat&#8221; custom_margin=&#8221;||10px&#8221; custom_padding=&#8221;33px|33px|33px|33px|true|true&#8221;][et_pb_column type=&#8221;4_4&#8243; _builder_version=&#8221;3.25&#8243; custom_padding=&#8221;0px|||&#8221; custom_padding__hover=&#8221;|||&#8221;][et_pb_text _builder_version=&#8221;4.0.1&#8243;]<\/p>\n<div class=\"slide_toggle_content\">\n<p>&nbsp;<\/p>\n<\/div>\n<h1 style=\"text-align: center;\">Unsere Produkte:<\/h1>\n<p style=\"text-align: center;\">\u00a0Shen-Akupunktur App\u00a0 \u2013 www.shen-apps.com<\/p>\n<p style=\"text-align: center;\">ShenProfessional \u2013 Windows-Software f\u00fcr Akupunktur, TCM und Praxismanagement \u2013 www.ShenProfessional.com<\/p>\n<p>&nbsp;<\/p>\n<p>[\/et_pb_text][\/et_pb_column][\/et_pb_row][et_pb_row _builder_version=&#8221;3.25&#8243; custom_padding=&#8221;38.05px|0px|34px|0px|false|false&#8221;][et_pb_column type=&#8221;4_4&#8243; _builder_version=&#8221;3.25&#8243; custom_padding=&#8221;|||&#8221; custom_padding__hover=&#8221;|||&#8221;][\/et_pb_column][\/et_pb_row][et_pb_row _builder_version=&#8221;3.25&#8243; background_color=&#8221;rgba(255,255,255,0.55)&#8221; background_size=&#8221;initial&#8221; background_position=&#8221;top_left&#8221; background_repeat=&#8221;repeat&#8221; custom_margin=&#8221;||10px&#8221; custom_padding=&#8221;33px|33px|33px|33px|true|true&#8221;][et_pb_column type=&#8221;4_4&#8243; _builder_version=&#8221;3.25&#8243; custom_padding=&#8221;0px|||&#8221; custom_padding__hover=&#8221;|||&#8221;][et_pb_text _builder_version=&#8221;3.27.4&#8243;]<\/p>\n<h1 style=\"text-align: center;\">Impressum<\/h1>\n<p style=\"text-align: center;\">Dipl. Phys. Juergen Bschaden<br \/>\nCarl-Orff-Weg 4<br \/>\n35043 Marburg<br \/>\nDeutschland<\/p>\n<p style=\"text-align: center;\"><strong>E-mail:<\/strong><br \/>\n<a href=\"mailto:J.Bschaden@shenprofessional.com\">J.Bschaden@shenprofessional.com<\/a><\/p>\n<p style=\"text-align: center;\"><strong>Fon:<\/strong><br \/>\n+491627930889<\/p>\n<p style=\"text-align: center;\"><strong>UST-ID:<\/strong><br \/>\n060500DE206498876<\/p>\n<p>[\/et_pb_text][\/et_pb_column][\/et_pb_row][\/et_pb_section][et_pb_section fb_built=&#8221;1&#8243; _builder_version=&#8221;3.22&#8243;][et_pb_row _builder_version=&#8221;3.25&#8243; custom_margin=&#8221;0px|||&#8221; custom_padding=&#8221;0px|||&#8221; animation_style=&#8221;fade&#8221;][et_pb_column type=&#8221;4_4&#8243; _builder_version=&#8221;3.25&#8243; custom_padding=&#8221;|||&#8221; custom_padding__hover=&#8221;|||&#8221;][et_pb_text _builder_version=&#8221;3.27.4&#8243;]<\/p>\n<h1 style=\"text-align: center;\">Meine Ver\u00f6ffentlichungen<\/h1>\n<p>[\/et_pb_text][\/et_pb_column][\/et_pb_row][et_pb_row column_structure=&#8221;1_2,1_2&#8243; _builder_version=&#8221;3.25&#8243; custom_margin=&#8221;0px|||&#8221; custom_padding=&#8221;0px|||&#8221; animation_style=&#8221;fade&#8221;][et_pb_column type=&#8221;1_2&#8243; _builder_version=&#8221;3.25&#8243; custom_padding=&#8221;|||&#8221; custom_padding__hover=&#8221;|||&#8221;][et_pb_blurb title=&#8221;2018&#8243; admin_label=&#8221;2018&#8243; _builder_version=&#8221;3.17.6&#8243; text_orientation=&#8221;right&#8221; border_color_right=&#8221;#0C71C3&#8243;]<\/p>\n<p>Die Shen-Akupunktur App wird ver\u00f6ffentlicht (f\u00fcr Android und iOS).<\/p>\n<p>Beginn Entwicklung von Leonardo &#8211; Praxismanagement f\u00fcr Privatpraxen.<\/p>\n<p>[\/et_pb_blurb][\/et_pb_column][et_pb_column type=&#8221;1_2&#8243; _builder_version=&#8221;3.25&#8243; custom_padding=&#8221;|||&#8221; custom_padding__hover=&#8221;|||&#8221;][\/et_pb_column][\/et_pb_row][et_pb_row column_structure=&#8221;1_2,1_2&#8243; _builder_version=&#8221;3.25&#8243; custom_margin=&#8221;0px|||&#8221; custom_padding=&#8221;0px||0px|&#8221; animation_style=&#8221;fade&#8221;][et_pb_column type=&#8221;1_2&#8243; _builder_version=&#8221;3.25&#8243; custom_padding=&#8221;|||&#8221; custom_padding__hover=&#8221;|||&#8221;][\/et_pb_column][et_pb_column type=&#8221;1_2&#8243; _builder_version=&#8221;3.25&#8243; custom_padding=&#8221;|||&#8221; custom_padding__hover=&#8221;|||&#8221;][et_pb_blurb title=&#8221;2017&#8243; admin_label=&#8221;2017&#8243; _builder_version=&#8221;3.17.6&#8243;]<\/p>\n<p>Shen-Akupunkturatlas (eBook mit 1000 Seiten) erscheint in 7 Sprachen.<\/p>\n<p>Grundlagen der TCM wird in 4 Sprachen ver\u00f6ffentlicht.<\/p>\n<p>Chinesische Gyn\u00e4kologie wird in 4 Sprachen ver\u00f6ffentlicht.<\/p>\n<p>&nbsp;<\/p>\n<p>[\/et_pb_blurb][\/et_pb_column][\/et_pb_row][et_pb_row column_structure=&#8221;1_2,1_2&#8243; _builder_version=&#8221;3.25&#8243; custom_margin=&#8221;0px|||&#8221; custom_padding=&#8221;0px|||&#8221; animation_style=&#8221;fade&#8221;][et_pb_column type=&#8221;1_2&#8243; _builder_version=&#8221;3.25&#8243; custom_padding=&#8221;|||&#8221; custom_padding__hover=&#8221;|||&#8221;][et_pb_blurb title=&#8221;2016&#8243; admin_label=&#8221;2016&#8243; _builder_version=&#8221;3.17.6&#8243; text_orientation=&#8221;right&#8221;]<\/p>\n<p>Shen-Akupunkturatlas erscheint als eBook speziell f\u00fcr Smartphones und Tablets.<\/p>\n<p>[\/et_pb_blurb][\/et_pb_column][et_pb_column type=&#8221;1_2&#8243; _builder_version=&#8221;3.25&#8243; custom_padding=&#8221;|||&#8221; custom_padding__hover=&#8221;|||&#8221;][\/et_pb_column][\/et_pb_row][et_pb_row column_structure=&#8221;1_2,1_2&#8243; _builder_version=&#8221;3.25&#8243; custom_margin=&#8221;0px|||&#8221; custom_padding=&#8221;0px|||&#8221; animation_style=&#8221;fade&#8221;][et_pb_column type=&#8221;1_2&#8243; _builder_version=&#8221;3.25&#8243; custom_padding=&#8221;|||&#8221; custom_padding__hover=&#8221;|||&#8221;][\/et_pb_column][et_pb_column type=&#8221;1_2&#8243; _builder_version=&#8221;3.25&#8243; custom_padding=&#8221;|||&#8221; custom_padding__hover=&#8221;|||&#8221;][et_pb_blurb title=&#8221;2015&#8243; admin_label=&#8221;2015&#8243; _builder_version=&#8221;3.17.6&#8243; custom_margin=&#8221;||||true&#8221;]<\/p>\n<p>ShenProfessional 3.1 wird ver\u00f6ffenticht (Deutsch, Englisch, Spanisch, Portugiesisch und Chinesisch).<\/p>\n<p>[\/et_pb_blurb][\/et_pb_column][\/et_pb_row][et_pb_row column_structure=&#8221;1_2,1_2&#8243; _builder_version=&#8221;3.25&#8243; custom_margin=&#8221;0px|||&#8221; custom_padding=&#8221;0px|||&#8221; animation_style=&#8221;fade&#8221;][et_pb_column type=&#8221;1_2&#8243; _builder_version=&#8221;3.25&#8243; custom_padding=&#8221;|||&#8221; custom_padding__hover=&#8221;|||&#8221;][et_pb_blurb title=&#8221;2006-2015&#8243; admin_label=&#8221;2006-2015&#8243; _builder_version=&#8221;3.17.6&#8243; text_orientation=&#8221;right&#8221;]<\/p>\n<p>\u00dcbersetzung des Shen-Akupunkturatlas auf English, Chinesisch, Russisch, Spanisch, Portugiesisch, Italienisch.<\/p>\n<p>[\/et_pb_blurb][\/et_pb_column][et_pb_column type=&#8221;1_2&#8243; _builder_version=&#8221;3.25&#8243; custom_padding=&#8221;|||&#8221; custom_padding__hover=&#8221;|||&#8221;][\/et_pb_column][\/et_pb_row][et_pb_row column_structure=&#8221;1_2,1_2&#8243; _builder_version=&#8221;3.25&#8243; custom_margin=&#8221;0px|||&#8221; custom_padding=&#8221;0px|||&#8221; animation_style=&#8221;fade&#8221;][et_pb_column type=&#8221;1_2&#8243; _builder_version=&#8221;3.25&#8243; custom_padding=&#8221;|||&#8221; custom_padding__hover=&#8221;|||&#8221;][\/et_pb_column][et_pb_column type=&#8221;1_2&#8243; _builder_version=&#8221;3.25&#8243; custom_padding=&#8221;|||&#8221; custom_padding__hover=&#8221;|||&#8221;][et_pb_blurb title=&#8221;2011&#8243; admin_label=&#8221;2015&#8243; _builder_version=&#8221;3.17.6&#8243; custom_margin=&#8221;||||true&#8221;]<\/p>\n<p>ShenProfessional 3.0 &#8211; Software f\u00fcr Akupunktur, TCM und Praxismanagement wird ver\u00f6ffenticht (Deutsch, Englisch, Spanisch, Portugiesisch und Chinesisch).<\/p>\n<p>[\/et_pb_blurb][\/et_pb_column][\/et_pb_row][et_pb_row column_structure=&#8221;1_2,1_2&#8243; _builder_version=&#8221;3.25&#8243; custom_margin=&#8221;0px|||&#8221; custom_padding=&#8221;0px|||&#8221; animation_style=&#8221;fade&#8221;][et_pb_column type=&#8221;1_2&#8243; _builder_version=&#8221;3.25&#8243; custom_padding=&#8221;|||&#8221; custom_padding__hover=&#8221;|||&#8221;][et_pb_blurb title=&#8221;2007&#8243; admin_label=&#8221;2006-2015&#8243; _builder_version=&#8221;3.17.6&#8243; text_orientation=&#8221;right&#8221;]<\/p>\n<p>Erste Praxistexte \u00fcber die 8 Au\u00dferordentlichen Gef\u00e4\u00dfe<\/p>\n<p>[\/et_pb_blurb][\/et_pb_column][et_pb_column type=&#8221;1_2&#8243; _builder_version=&#8221;3.25&#8243; custom_padding=&#8221;|||&#8221; custom_padding__hover=&#8221;|||&#8221;][\/et_pb_column][\/et_pb_row][et_pb_row column_structure=&#8221;1_2,1_2&#8243; _builder_version=&#8221;3.25&#8243; custom_margin=&#8221;0px|||&#8221; custom_padding=&#8221;0px|||&#8221; animation_style=&#8221;fade&#8221;][et_pb_column type=&#8221;1_2&#8243; _builder_version=&#8221;3.25&#8243; custom_padding=&#8221;|||&#8221; custom_padding__hover=&#8221;|||&#8221;][\/et_pb_column][et_pb_column type=&#8221;1_2&#8243; _builder_version=&#8221;3.25&#8243; custom_padding=&#8221;|||&#8221; custom_padding__hover=&#8221;|||&#8221;][et_pb_blurb title=&#8221;2005&#8243; admin_label=&#8221;2015&#8243; _builder_version=&#8221;3.17.6&#8243; custom_margin=&#8221;||||true&#8221;]<\/p>\n<p>Meine Tochter Hannah wird geboren!<\/p>\n<p>[\/et_pb_blurb][\/et_pb_column][\/et_pb_row][et_pb_row column_structure=&#8221;1_2,1_2&#8243; _builder_version=&#8221;3.25&#8243; custom_margin=&#8221;0px|||&#8221; custom_padding=&#8221;0px|||&#8221; animation_style=&#8221;fade&#8221;][et_pb_column type=&#8221;1_2&#8243; _builder_version=&#8221;3.25&#8243; custom_padding=&#8221;|||&#8221; custom_padding__hover=&#8221;|||&#8221;][et_pb_blurb title=&#8221;2004&#8243; admin_label=&#8221;2006-2015&#8243; _builder_version=&#8221;3.17.6&#8243; text_orientation=&#8221;right&#8221;]<\/p>\n<p>Ver\u00f6ffentlichung von ShenProfessional 2.0 im Springer-Verlag Heidelberg<\/p>\n<p>[\/et_pb_blurb][\/et_pb_column][et_pb_column type=&#8221;1_2&#8243; _builder_version=&#8221;3.25&#8243; custom_padding=&#8221;|||&#8221; custom_padding__hover=&#8221;|||&#8221;][\/et_pb_column][\/et_pb_row][et_pb_row column_structure=&#8221;1_2,1_2&#8243; _builder_version=&#8221;3.25&#8243; custom_margin=&#8221;0px|||&#8221; custom_padding=&#8221;0px|||&#8221; animation_style=&#8221;fade&#8221;][et_pb_column type=&#8221;1_2&#8243; _builder_version=&#8221;3.25&#8243; custom_padding=&#8221;|||&#8221; custom_padding__hover=&#8221;|||&#8221;][\/et_pb_column][et_pb_column type=&#8221;1_2&#8243; _builder_version=&#8221;3.25&#8243; custom_padding=&#8221;|||&#8221; custom_padding__hover=&#8221;|||&#8221;][et_pb_blurb title=&#8221;2002&#8243; admin_label=&#8221;2015&#8243; _builder_version=&#8221;3.17.6&#8243; custom_margin=&#8221;||||true&#8221;]<\/p>\n<p>Chinesische Zungendiagnostik mit Zungengalerie in ShenProfessional integriert.<\/p>\n<p>[\/et_pb_blurb][\/et_pb_column][\/et_pb_row][et_pb_row column_structure=&#8221;1_2,1_2&#8243; _builder_version=&#8221;3.25&#8243; custom_margin=&#8221;0px|||&#8221; custom_padding=&#8221;0px|||&#8221; animation_style=&#8221;fade&#8221;][et_pb_column type=&#8221;1_2&#8243; _builder_version=&#8221;3.25&#8243; custom_padding=&#8221;|||&#8221; custom_padding__hover=&#8221;|||&#8221;][et_pb_blurb title=&#8221;2001&#8243; admin_label=&#8221;2006-2015&#8243; _builder_version=&#8221;3.17.6&#8243; text_orientation=&#8221;right&#8221;]<\/p>\n<p>Ver\u00f6ffentlichung des Shen-Akupunkturatlas im Springer-Verlag Heidelberg (10.000 er Auflage)<\/p>\n<p>[\/et_pb_blurb][\/et_pb_column][et_pb_column type=&#8221;1_2&#8243; _builder_version=&#8221;3.25&#8243; custom_padding=&#8221;|||&#8221; custom_padding__hover=&#8221;|||&#8221;][\/et_pb_column][\/et_pb_row][et_pb_row column_structure=&#8221;1_2,1_2&#8243; _builder_version=&#8221;3.25&#8243; custom_margin=&#8221;0px|||&#8221; custom_padding=&#8221;0px|||&#8221; animation_style=&#8221;fade&#8221;][et_pb_column type=&#8221;1_2&#8243; _builder_version=&#8221;3.25&#8243; custom_padding=&#8221;|||&#8221; custom_padding__hover=&#8221;|||&#8221;][\/et_pb_column][et_pb_column type=&#8221;1_2&#8243; _builder_version=&#8221;3.25&#8243; custom_padding=&#8221;|||&#8221; custom_padding__hover=&#8221;|||&#8221;][et_pb_blurb title=&#8221;2000&#8243; admin_label=&#8221;2015&#8243; _builder_version=&#8221;3.17.6&#8243; custom_margin=&#8221;||||true&#8221;]<\/p>\n<p>Ver\u00f6ffentlichung ShenProfessional 1.0 &#8211; Akupunktur, TCM &amp; Praxismanagement.<\/p>\n<p>[\/et_pb_blurb][\/et_pb_column][\/et_pb_row][et_pb_row column_structure=&#8221;1_2,1_2&#8243; _builder_version=&#8221;3.25&#8243; custom_margin=&#8221;0px|||&#8221; custom_padding=&#8221;0px|||&#8221; animation_style=&#8221;fade&#8221;][et_pb_column type=&#8221;1_2&#8243; _builder_version=&#8221;3.25&#8243; custom_padding=&#8221;|||&#8221; custom_padding__hover=&#8221;|||&#8221;][et_pb_blurb title=&#8221;1999&#8243; admin_label=&#8221;2006-2015&#8243; _builder_version=&#8221;3.17.6&#8243; text_orientation=&#8221;right&#8221;]<\/p>\n<p>Komplette \u00dcberarbeitung der Akupunkturpunkttexte.<\/p>\n<p>Chinesische Gyn\u00e4kologie<\/p>\n<p>[\/et_pb_blurb][\/et_pb_column][et_pb_column type=&#8221;1_2&#8243; _builder_version=&#8221;3.25&#8243; custom_padding=&#8221;|||&#8221; custom_padding__hover=&#8221;|||&#8221;][\/et_pb_column][\/et_pb_row][et_pb_row column_structure=&#8221;1_2,1_2&#8243; _builder_version=&#8221;3.25&#8243; custom_margin=&#8221;0px|||&#8221; custom_padding=&#8221;0px|||&#8221; animation_style=&#8221;fade&#8221;][et_pb_column type=&#8221;1_2&#8243; _builder_version=&#8221;3.25&#8243; custom_padding=&#8221;|||&#8221; custom_padding__hover=&#8221;|||&#8221;][\/et_pb_column][et_pb_column type=&#8221;1_2&#8243; _builder_version=&#8221;3.25&#8243; custom_padding=&#8221;|||&#8221; custom_padding__hover=&#8221;|||&#8221;][et_pb_blurb title=&#8221;1997-2001&#8243; admin_label=&#8221;2015&#8243; _builder_version=&#8221;3.17.6&#8243; custom_margin=&#8221;||||true&#8221;]<\/p>\n<p>Erstellen des TCM-Symptom- und Diagnosekatalogs mit mehr als 4000 Eintr\u00e4gen. Literaturrecherchen von \u00fcber 10000 Seiten waren dazu n\u00f6tig.<\/p>\n<p>[\/et_pb_blurb][\/et_pb_column][\/et_pb_row][et_pb_row column_structure=&#8221;1_2,1_2&#8243; _builder_version=&#8221;3.25&#8243; custom_margin=&#8221;0px|||&#8221; custom_padding=&#8221;0px|||&#8221; animation_style=&#8221;fade&#8221;][et_pb_column type=&#8221;1_2&#8243; _builder_version=&#8221;3.25&#8243; custom_padding=&#8221;|||&#8221; custom_padding__hover=&#8221;|||&#8221;][et_pb_blurb title=&#8221;1998&#8243; admin_label=&#8221;2006-2015&#8243; _builder_version=&#8221;3.17.6&#8243; text_orientation=&#8221;right&#8221;]<\/p>\n<p>Erwerb der Anatomievorlagen in 4 Ebenen f\u00fcr die Akupunkturtafeln. Jeder Akupunkturpunkt wurde einzeln in einem Koordinatensystem innerhalb einer Datenbank eingezeichnet. Teuer aber gut. Dadurch wurden die Akupunkturtafeln in ShenProfessional interaktiv.<\/p>\n<p>[\/et_pb_blurb][\/et_pb_column][et_pb_column type=&#8221;1_2&#8243; _builder_version=&#8221;3.25&#8243; custom_padding=&#8221;|||&#8221; custom_padding__hover=&#8221;|||&#8221;][\/et_pb_column][\/et_pb_row][et_pb_row column_structure=&#8221;1_2,1_2&#8243; _builder_version=&#8221;3.25&#8243; custom_margin=&#8221;0px|||&#8221; custom_padding=&#8221;0px|||&#8221; animation_style=&#8221;fade&#8221;][et_pb_column type=&#8221;1_2&#8243; _builder_version=&#8221;3.25&#8243; custom_padding=&#8221;|||&#8221; custom_padding__hover=&#8221;|||&#8221;][\/et_pb_column][et_pb_column type=&#8221;1_2&#8243; _builder_version=&#8221;3.25&#8243; custom_padding=&#8221;|||&#8221; custom_padding__hover=&#8221;|||&#8221;][et_pb_blurb title=&#8221;1997-1998&#8243; admin_label=&#8221;2015&#8243; _builder_version=&#8221;3.17.6&#8243; custom_margin=&#8221;||||true&#8221;]<\/p>\n<p>Erstellen der Grundlagen der Traditionellen Chinesischen Medizin \u2013 vorerst f\u00fcr meine Kurse in der Schweiz.<\/p>\n<p>[\/et_pb_blurb][\/et_pb_column][\/et_pb_row][et_pb_row column_structure=&#8221;1_2,1_2&#8243; _builder_version=&#8221;3.25&#8243; custom_margin=&#8221;0px|||&#8221; custom_padding=&#8221;0px|||&#8221; animation_style=&#8221;fade&#8221;][et_pb_column type=&#8221;1_2&#8243; _builder_version=&#8221;3.25&#8243; custom_padding=&#8221;|||&#8221; custom_padding__hover=&#8221;|||&#8221;][et_pb_blurb title=&#8221;1998&#8243; admin_label=&#8221;2006-2015&#8243; _builder_version=&#8221;3.17.6&#8243; text_orientation=&#8221;right&#8221;]<\/p>\n<p>Beginn TCM-Lehrt\u00e4tigkeit in der Schweiz.<\/p>\n<p>[\/et_pb_blurb][\/et_pb_column][et_pb_column type=&#8221;1_2&#8243; _builder_version=&#8221;3.25&#8243; custom_padding=&#8221;|||&#8221; custom_padding__hover=&#8221;|||&#8221;][\/et_pb_column][\/et_pb_row][et_pb_row column_structure=&#8221;1_2,1_2&#8243; _builder_version=&#8221;3.25&#8243; custom_margin=&#8221;0px|||&#8221; custom_padding=&#8221;0px|||&#8221; animation_style=&#8221;fade&#8221;][et_pb_column type=&#8221;1_2&#8243; _builder_version=&#8221;3.25&#8243; custom_padding=&#8221;|||&#8221; custom_padding__hover=&#8221;|||&#8221;][\/et_pb_column][et_pb_column type=&#8221;1_2&#8243; _builder_version=&#8221;3.25&#8243; custom_padding=&#8221;|||&#8221; custom_padding__hover=&#8221;|||&#8221;][et_pb_blurb title=&#8221;1993&#8243; admin_label=&#8221;2015&#8243; _builder_version=&#8221;3.17.6&#8243; custom_margin=&#8221;||||true&#8221;]<\/p>\n<p>Erstellen eigener Akupunkturpunkttexte.<\/p>\n<p>Praxiser\u00f6ffnung mit Schwerpunkt Akupressur und Traditionelle Chinesische Medizin<\/p>\n<p>Ver\u00f6ffentlichung der TCM-Software \u201eMingMen\u201c. Damals mit Kollegen W. Schr\u00f6der.<\/p>\n<p>[\/et_pb_blurb][\/et_pb_column][\/et_pb_row][\/et_pb_section]<\/p>\n","protected":false},"excerpt":{"rendered":"<p>J\u00fcrgen Bschaden Gesch\u00e4ftsf\u00fchrer &amp; Autor Unseren Firmensitz &#8211; 80 km von Frankfurt\/Main entfernt &#8211; sehen Sie im Hintergrund. Hier grasen Rehe in Sichtweite und Pferde laufen noch auf der Strasse. Hier leben und arbeiten wir. In meiner Praxis war ich schon fr\u00fch mit komplexen Krankheitsbildern konfrontiert. Schon damals habe ich damals begonnen, Informationen zu Akupunkturpunkten [&hellip;]<\/p>\n","protected":false},"author":1,"featured_media":0,"parent":0,"menu_order":18,"comment_status":"closed","ping_status":"closed","template":"page-template-fullwidth.php","meta":{"_et_pb_use_builder":"on","_et_pb_old_content":"","_et_gb_content_width":"","footnotes":""},"class_list":["post-656","page","type-page","status-publish","hentry"],"_links":{"self":[{"href":"https:\/\/leonardo.care\/de\/wp-json\/wp\/v2\/pages\/656","targetHints":{"allow":["GET"]}}],"collection":[{"href":"https:\/\/leonardo.care\/de\/wp-json\/wp\/v2\/pages"}],"about":[{"href":"https:\/\/leonardo.care\/de\/wp-json\/wp\/v2\/types\/page"}],"author":[{"embeddable":true,"href":"https:\/\/leonardo.care\/de\/wp-json\/wp\/v2\/users\/1"}],"replies":[{"embeddable":true,"href":"https:\/\/leonardo.care\/de\/wp-json\/wp\/v2\/comments?post=656"}],"version-history":[{"count":30,"href":"https:\/\/leonardo.care\/de\/wp-json\/wp\/v2\/pages\/656\/revisions"}],"predecessor-version":[{"id":3970,"href":"https:\/\/leonardo.care\/de\/wp-json\/wp\/v2\/pages\/656\/revisions\/3970"}],"wp:attachment":[{"href":"https:\/\/leonardo.care\/de\/wp-json\/wp\/v2\/media?parent=656"}],"curies":[{"name":"wp","href":"https:\/\/api.w.org\/{rel}","templated":true}]}}