{"id":3529,"date":"2020-09-30T06:39:15","date_gmt":"2020-09-30T06:39:15","guid":{"rendered":"https:\/\/leonardo.care\/caracteristicas"},"modified":"2020-10-03T08:56:14","modified_gmt":"2020-10-03T08:56:14","slug":"caracteristicas","status":"publish","type":"page","link":"https:\/\/leonardo.care\/es\/caracteristicas","title":{"rendered":"Caracter\u00edsticas"},"content":{"rendered":"<p>[et_pb_section fb_built=&#8221;1&#8243; _builder_version=&#8221;3.22&#8243; custom_padding=&#8221;0px|||||&#8221;][et_pb_row _builder_version=&#8221;3.25&#8243; background_size=&#8221;initial&#8221; background_position=&#8221;top_left&#8221; background_repeat=&#8221;repeat&#8221;][et_pb_column type=&#8221;4_4&#8243; _builder_version=&#8221;3.25&#8243; custom_padding=&#8221;|||&#8221; custom_padding__hover=&#8221;|||&#8221;][et_pb_text _builder_version=&#8221;4.5.1&#8243; header_text_color=&#8221;#910004&#8243; header_font_size=&#8221;50px&#8221; background_size=&#8221;initial&#8221; background_position=&#8221;top_left&#8221; background_repeat=&#8221;repeat&#8221; min_height=&#8221;108px&#8221; header_font_size_tablet=&#8221;40px&#8221; header_font_size_phone=&#8221;30px&#8221; header_font_size_last_edited=&#8221;on|phone&#8221;]<\/p>\n<h1 style=\"text-align: center;\" align=\"center\">Leonardo \u2013 Caracter\u00edsticas<\/h1>\n<p style=\"text-align: center;\"><strong>Lista de Clientes \u2013 Registro del Cliente \u2013 Calendario \u2013 Facturas \u2013 Tareas \u2013 M\u00f3dulos de Texto \u2013 Ajustes<\/strong><\/p>\n<p style=\"text-align: center;\"><span class=\"tlid-translation translation\" lang=\"en\"><span class=\"\" title=\"\">Leonardo es la aplicaci\u00f3n de Android para consultas privadas y de pago directo con un amplio rango de profesiones. Leonardo almacena los datos de sus clientes en su dispositivo \u2013 no en la nube. Solo necesita una conexi\u00f3n a Internet para comunicarse mediante correo o si desea enviar un bolet\u00edn.<\/span><\/span><\/p>\n<p>[\/et_pb_text][\/et_pb_column][\/et_pb_row][et_pb_row _builder_version=&#8221;4.4.2&#8243;][et_pb_column type=&#8221;4_4&#8243; _builder_version=&#8221;4.4.2&#8243;][et_pb_blurb title=&#8221;Lista de Clientes&#8221; image=&#8221;https:\/\/leonardo.care\/wp-content\/uploads\/2020\/04\/ClientsList.png&#8221; icon_placement=&#8221;left&#8221; _builder_version=&#8221;4.4.2&#8243; border_width_all=&#8221;0px&#8221; border_color_all=&#8221;#000000&#8243; border_width_bottom=&#8221;1px&#8221; border_color_bottom=&#8221;#dbdbdb&#8221;]<\/p>\n<ul>\n<li>Lista de Clientes<\/li>\n<li>Gestione y env\u00ede Boletines (tres grupos, cada uno con 500 destinatarios)<\/li>\n<\/ul>\n<p>[\/et_pb_blurb][et_pb_blurb title=&#8221;Registro del Cliente&#8221; image=&#8221;https:\/\/leonardo.care\/wp-content\/uploads\/2020\/04\/ClientsRecord.png&#8221; icon_placement=&#8221;left&#8221; _builder_version=&#8221;4.4.2&#8243; animation_style=&#8221;fade&#8221; border_width_bottom=&#8221;1px&#8221; border_color_bottom=&#8221;#dbdbdb&#8221;]<\/p>\n<ul>\n<li>Resumen de Citas con Facturaci\u00f3n<\/li>\n<li>Caracter\u00edsticas extensas de Documentaci\u00f3n: texto, imagen, video, sonido, texto con voz, adjuntos en pdf<\/li>\n<li>Gestionar diagn\u00f3sticos<\/li>\n<li>Cartas y correos<\/li>\n<li>Gesti\u00f3n de direcciones<\/li>\n<li>Facturaci\u00f3n autom\u00e1tica de citas<\/li>\n<\/ul>\n<p>[\/et_pb_blurb][et_pb_blurb title=&#8221;Calendario&#8221; image=&#8221;https:\/\/leonardo.care\/wp-content\/uploads\/2020\/04\/Calendar.png&#8221; icon_placement=&#8221;left&#8221; _builder_version=&#8221;4.4.2&#8243; animation_style=&#8221;fade&#8221; border_width_bottom=&#8221;1px&#8221; border_color_bottom=&#8221;#dbdbdb&#8221;]<\/p>\n<ul>\n<li>D\u00eda, 5 D\u00edas, 7 D\u00edas, Mes, A\u00f1o<\/li>\n<li>Asistente de Citas y Facturaci\u00f3n<\/li>\n<li>Citas individuales y grupales con facturaci\u00f3n<\/li>\n<\/ul>\n<p>[\/et_pb_blurb][et_pb_blurb title=&#8221;Facturas&#8221; image=&#8221;https:\/\/leonardo.care\/wp-content\/uploads\/2020\/04\/Billing.png&#8221; icon_placement=&#8221;left&#8221; _builder_version=&#8221;4.4.2&#8243; animation_style=&#8221;fade&#8221; border_width_bottom=&#8221;1px&#8221; border_color_bottom=&#8221;#dbdbdb&#8221;]<\/p>\n<ul>\n<li>Facturas con un clic<\/li>\n<li>Crear Facturas, Facturas Vencidas, Facturas Pagadas<\/li>\n<li>Recordatorio de pago<\/li>\n<li>Cancelaci\u00f3n de factura<\/li>\n<li>Imprimir facturas<\/li>\n<li>Facturas por correo<\/li>\n<\/ul>\n<p>[\/et_pb_blurb][et_pb_blurb title=&#8221;Tareas&#8221; image=&#8221;https:\/\/leonardo.care\/wp-content\/uploads\/2020\/04\/Tasks.png&#8221; icon_placement=&#8221;left&#8221; _builder_version=&#8221;4.4.2&#8243; animation_style=&#8221;fade&#8221; scroll_vertical_motion_enable=&#8221;off&#8221; border_width_bottom=&#8221;1px&#8221; border_color_bottom=&#8221;#dbdbdb&#8221;]<\/p>\n<ul>\n<li>Gesti\u00f3n de Tareas<\/li>\n<li>Borrado autom\u00e1tico de tareas completadas<\/li>\n<\/ul>\n<p>[\/et_pb_blurb][et_pb_blurb title=&#8221;M\u00f3dulos de Texto&#8221; image=&#8221;https:\/\/leonardo.care\/wp-content\/uploads\/2020\/04\/Textmodules.png&#8221; icon_placement=&#8221;left&#8221; _builder_version=&#8221;4.4.2&#8243; animation_style=&#8221;fade&#8221; border_width_bottom=&#8221;1px&#8221; border_color_bottom=&#8221;#dbdbdb&#8221;]<\/p>\n<ul>\n<li>Gesti\u00f3n de Procedimientos y Productos<\/li>\n<li>Fragmentos de texto para documentaci\u00f3n, cartas y correos (escriba una vez y disponible para siempre)<\/li>\n<li>Gesti\u00f3n de Diagn\u00f3sticos (disponible parte del CIE-10)<\/li>\n<li>Plantillas para Facturas, Recordatorios, Cartas, Correos.<\/li>\n<\/ul>\n<p>[\/et_pb_blurb][et_pb_blurb title=&#8221;Ajustes&#8221; image=&#8221;https:\/\/leonardo.care\/wp-content\/uploads\/2020\/04\/Settings.png&#8221; icon_placement=&#8221;left&#8221; _builder_version=&#8221;4.4.2&#8243; animation_style=&#8221;fade&#8221; border_width_bottom=&#8221;1px&#8221; border_color_bottom=&#8221;#dbdbdb&#8221;]<\/p>\n<ul>\n<li>Ajustes para Idioma, Dise\u00f1o, Facturas, Calendario, Tareas<\/li>\n<li>Importar Procedimientos y Productos<\/li>\n<li>Importar Clientes<\/li>\n<li>Exportar Asesor de Impuestos<\/li>\n<li>Respaldo<\/li>\n<li>Soporte<\/li>\n<\/ul>\n<p>[\/et_pb_blurb][\/et_pb_column][\/et_pb_row][\/et_pb_section]<\/p>\n","protected":false},"excerpt":{"rendered":"<p>Leonardo \u2013 Caracter\u00edsticas Lista de Clientes \u2013 Registro del Cliente \u2013 Calendario \u2013 Facturas \u2013 Tareas \u2013 M\u00f3dulos de Texto \u2013 Ajustes Leonardo es la aplicaci\u00f3n de Android para consultas privadas y de pago directo con un amplio rango de profesiones. Leonardo almacena los datos de sus clientes en su dispositivo \u2013 no en la [&hellip;]<\/p>\n","protected":false},"author":1,"featured_media":0,"parent":0,"menu_order":15,"comment_status":"closed","ping_status":"closed","template":"page-template-fullwidth.php","meta":{"_et_pb_use_builder":"on","_et_pb_old_content":"","_et_gb_content_width":"","footnotes":""},"class_list":["post-3529","page","type-page","status-publish","hentry"],"_links":{"self":[{"href":"https:\/\/leonardo.care\/es\/wp-json\/wp\/v2\/pages\/3529","targetHints":{"allow":["GET"]}}],"collection":[{"href":"https:\/\/leonardo.care\/es\/wp-json\/wp\/v2\/pages"}],"about":[{"href":"https:\/\/leonardo.care\/es\/wp-json\/wp\/v2\/types\/page"}],"author":[{"embeddable":true,"href":"https:\/\/leonardo.care\/es\/wp-json\/wp\/v2\/users\/1"}],"replies":[{"embeddable":true,"href":"https:\/\/leonardo.care\/es\/wp-json\/wp\/v2\/comments?post=3529"}],"version-history":[{"count":5,"href":"https:\/\/leonardo.care\/es\/wp-json\/wp\/v2\/pages\/3529\/revisions"}],"predecessor-version":[{"id":3548,"href":"https:\/\/leonardo.care\/es\/wp-json\/wp\/v2\/pages\/3529\/revisions\/3548"}],"wp:attachment":[{"href":"https:\/\/leonardo.care\/es\/wp-json\/wp\/v2\/media?parent=3529"}],"curies":[{"name":"wp","href":"https:\/\/api.w.org\/{rel}","templated":true}]}}