{"id":3549,"date":"2020-09-30T06:56:39","date_gmt":"2020-09-30T06:56:39","guid":{"rendered":"https:\/\/leonardo.care\/precios"},"modified":"2021-02-19T12:01:10","modified_gmt":"2021-02-19T12:01:10","slug":"precios","status":"publish","type":"page","link":"https:\/\/leonardo.care\/es\/precios","title":{"rendered":"Precios"},"content":{"rendered":"<p>[et_pb_section fb_built=&#8221;1&#8243; _builder_version=&#8221;3.29.3&#8243; min_height=&#8221;678px&#8221; custom_padding=&#8221;0px||0px|||&#8221;][et_pb_row _builder_version=&#8221;3.29.3&#8243; min_height=&#8221;695px&#8221; custom_padding=&#8221;||0px|||&#8221;][et_pb_column type=&#8221;4_4&#8243; _builder_version=&#8221;3.29.3&#8243;][et_pb_text content_last_edited=&#8221;off|tablet&#8221; _builder_version=&#8221;4.4.7&#8243; header_font_size=&#8221;50px&#8221; custom_padding=&#8221;0px|||||&#8221; header_font_tablet=&#8221;&#8221; header_font_phone=&#8221;&#8221; header_font_last_edited=&#8221;on|phone&#8221; header_font_size_tablet=&#8221;&#8221; header_font_size_phone=&#8221;30px&#8221; header_font_size_last_edited=&#8221;on|phone&#8221;]<\/p>\n<h1 style=\"text-align: center;\">Leonardo-Precios<\/h1>\n<p style=\"text-align: center;\">El Plan de Inicio de Leonardo es gratis para todos. No es necesario registrarse. Simplemente descargue y empiece.<\/p>\n<p style=\"text-align: center;\">PRECAUCI\u00d3N: Leonardo no est\u00e1 desarrollado para terapeutas, que quieran facturar directamente con las compa\u00f1\u00edas de seguros.<\/p>\n<p>&nbsp;<\/p>\n<p>[\/et_pb_text][et_pb_pricing_tables featured_table_background_color=&#8221;#FFFFFF&#8221; featured_table_header_text_color=&#8221;#FFFFFF&#8221; featured_table_bullet_color=&#8221;#0C71C3&#8243; bullet_color=&#8221;#0C71C3&#8243; _builder_version=&#8221;4.9.0&#8243; price_text_color=&#8221;#0C71C3&#8243; body_font=&#8221;|||||on|||&#8221; body_line_height=&#8221;1.2em&#8221; price_font_size=&#8221;66px&#8221; hover_enabled=&#8221;0&#8243; price_text_shadow_style=&#8221;preset1&#8243; border_color_all=&#8221;#e8e8e8&#8243; border_color_top_price=&#8221;#0959a3&#8243; sticky_enabled=&#8221;0&#8243;][et_pb_pricing_table title=&#8221;Inicio&#8221; subtitle=&#8221;10 Clientes&#8221; currency=&#8221;\u20ac&#8221; per=&#8221;Mes&#8221; sum=&#8221;0&#8243; bullet_color=&#8221;#0C71C3&#8243; header_background_color=&#8221;#0C71C3&#8243; _builder_version=&#8221;4.6.5&#8243; price_text_color=&#8221;#0C71C3&#8243; box_shadow_style=&#8221;preset3&#8243; sticky_transition=&#8221;on&#8221;]<\/p>\n<p>10 Clientes<br \/> <a href=\"https:\/\/leonardo.care\/es\/caracteristicas\">TODAS las functiones<\/a><br \/> Gratis<\/p>\n<p>[\/et_pb_pricing_table][et_pb_pricing_table featured=&#8221;on&#8221; title=&#8221;Pro&#8221; subtitle=&#8221;50 Clientes&#8221; currency=&#8221;\u20ac&#8221; per=&#8221;Mes&#8221; sum=&#8221;3,95&#8243; bullet_color=&#8221;#63a31b&#8221; header_background_color=&#8221;#63a31b&#8221; _builder_version=&#8221;4.9.0&#8243; price_text_color=&#8221;#63a31b&#8221; hover_enabled=&#8221;0&#8243; box_shadow_style=&#8221;preset3&#8243; sticky_transition=&#8221;on&#8221; sticky_enabled=&#8221;0&#8243;]<\/p>\n<p>50 Clientes<\/p>\n<p><a href=\"https:\/\/leonardo.care\/es\/caracteristicas\">TODAS las funciones<\/a><\/p>\n<p>\u20ac 3,95\/mes o 30\/a\u00f1o<\/p>\n<p>[\/et_pb_pricing_table][et_pb_pricing_table title=&#8221;Ilimitado&#8221; subtitle=&#8221;Clientes ilimitados&#8221; currency=&#8221;\u20ac&#8221; per=&#8221;Mes&#8221; sum=&#8221;8,95&#8243; bullet_color=&#8221;#c91c1c&#8221; header_background_color=&#8221;#bc1a1a&#8221; _builder_version=&#8221;4.9.0&#8243; price_text_color=&#8221;#bc1a1a&#8221; hover_enabled=&#8221;0&#8243; box_shadow_style=&#8221;preset3&#8243; sticky_transition=&#8221;on&#8221; sticky_enabled=&#8221;0&#8243;]<\/p>\n<p>Clientes ilimitados<\/p>\n<p><a href=\"https:\/\/leonardo.care\/es\/caracteristicas\">TODAS las funciones<\/a><\/p>\n<p>\u20ac 8,95\/mes o \u20ac 80\/a\u00f1o<\/p>\n<p>[\/et_pb_pricing_table][\/et_pb_pricing_tables][\/et_pb_column][\/et_pb_row][\/et_pb_section]<\/p>\n","protected":false},"excerpt":{"rendered":"<p>Leonardo-Precios El Plan de Inicio de Leonardo es gratis para todos. No es necesario registrarse. Simplemente descargue y empiece. PRECAUCI\u00d3N: Leonardo no est\u00e1 desarrollado para terapeutas, que quieran facturar directamente con las compa\u00f1\u00edas de seguros. &nbsp;10 Clientes TODAS las functiones Gratis50 Clientes TODAS las funciones \u20ac 3,95\/mes o 30\/a\u00f1oClientes ilimitados TODAS las funciones \u20ac 8,95\/mes [&hellip;]<\/p>\n","protected":false},"author":1,"featured_media":0,"parent":0,"menu_order":13,"comment_status":"closed","ping_status":"closed","template":"page-template-fullwidth.php","meta":{"_et_pb_use_builder":"on","_et_pb_old_content":"","_et_gb_content_width":"","footnotes":""},"class_list":["post-3549","page","type-page","status-publish","hentry"],"_links":{"self":[{"href":"https:\/\/leonardo.care\/es\/wp-json\/wp\/v2\/pages\/3549","targetHints":{"allow":["GET"]}}],"collection":[{"href":"https:\/\/leonardo.care\/es\/wp-json\/wp\/v2\/pages"}],"about":[{"href":"https:\/\/leonardo.care\/es\/wp-json\/wp\/v2\/types\/page"}],"author":[{"embeddable":true,"href":"https:\/\/leonardo.care\/es\/wp-json\/wp\/v2\/users\/1"}],"replies":[{"embeddable":true,"href":"https:\/\/leonardo.care\/es\/wp-json\/wp\/v2\/comments?post=3549"}],"version-history":[{"count":19,"href":"https:\/\/leonardo.care\/es\/wp-json\/wp\/v2\/pages\/3549\/revisions"}],"predecessor-version":[{"id":5346,"href":"https:\/\/leonardo.care\/es\/wp-json\/wp\/v2\/pages\/3549\/revisions\/5346"}],"wp:attachment":[{"href":"https:\/\/leonardo.care\/es\/wp-json\/wp\/v2\/media?parent=3549"}],"curies":[{"name":"wp","href":"https:\/\/api.w.org\/{rel}","templated":true}]}}