{"id":3591,"date":"2020-09-30T11:21:42","date_gmt":"2020-09-30T11:21:42","guid":{"rendered":"https:\/\/leonardo.care\/politica-de-privacidad"},"modified":"2020-09-30T11:21:43","modified_gmt":"2020-09-30T11:21:43","slug":"politica-de-privacidad","status":"publish","type":"page","link":"https:\/\/leonardo.care\/es\/politica-de-privacidad","title":{"rendered":"Pol\u00edtica de privacidad"},"content":{"rendered":"<p>[et_pb_section fb_built=&#8221;1&#8243; _builder_version=&#8221;3.22&#8243;][et_pb_row _builder_version=&#8221;3.25&#8243; background_size=&#8221;initial&#8221; background_position=&#8221;top_left&#8221; background_repeat=&#8221;repeat&#8221;][et_pb_column type=&#8221;4_4&#8243; _builder_version=&#8221;3.25&#8243; custom_padding=&#8221;|||&#8221; custom_padding__hover=&#8221;|||&#8221;][et_pb_text _builder_version=&#8221;4.4.7&#8243; background_size=&#8221;initial&#8221; background_position=&#8221;top_left&#8221; background_repeat=&#8221;repeat&#8221; hover_enabled=&#8221;0&#8243;]<\/p>\n<p>Pol\u00edtica de privacidad<\/p>\n<p>No queremos utilizar sus datos sin su consentimiento, ni queremos mostrarle publicidad no deseada o seguir su camino en nuestras p\u00e1ginas.<\/p>\n<p>Por eso no usamos Google Analytics, ni tampoco usamos otros servicios para analizar el comportamiento de sus visitantes.<br \/>Tampoco pedimos tu nombre. Si quieres contactarnos, todo lo que necesitas es tu direcci\u00f3n de correo electr\u00f3nico.<\/p>\n<p>Tampoco necesitas un contrato de procesamiento de datos) al usar Leonardo. Los datos de los clientes que ha introducido en Leonardo se almacenan en su sistema y s\u00f3lo son procesados por usted. Si prefiere los datos de sus pacientes en la nube, se equivoca con nosotros. Los datos de los pacientes en la nube siempre requieren un contrato de procesamiento de datos &#8211; pero esto no lo libera de la responsabilidad.<\/p>\n<p>&nbsp;<\/p>\n<p>\u00bfUsamos &#8220;cookies&#8221;?<\/p>\n<p>Utilizamos cookies para determinar el idioma de su navegador y para ofrecer el idioma correcto.<\/p>\n<p>&nbsp;<\/p>\n<p>Leonardo &#8211; Aplicaci\u00f3n de Gesti\u00f3n de la Pr\u00e1ctica<\/p>\n<p>Con Leonardo puedes documentar tu trabajo en el paciente. Hay varias maneras de hacerlo. Puedes escribir tus textos, pero con la funci\u00f3n de voz a texto, puedes tener tus textos escritos por tu voz. Para hacer esto, la aplicaci\u00f3n Leonardo necesita acceder a su micr\u00f3fono.<br \/>Tambi\u00e9n puedes subir fotos o videos de tu trabajo, por ejemplo, an\u00e1lisis de la marcha, grabar y guardar directamente en el archivo del paciente. Para ello, Leonardo App necesita acceder a su c\u00e1mara.<\/p>\n<p>&nbsp;<\/p>\n<p>Bolet\u00edn de noticias<\/p>\n<p>Ofrecemos un bolet\u00edn de noticias en nuestra p\u00e1gina web. Este bolet\u00edn le informa sobre nuevas versiones y otras noticias sobre Leonardo. No aparece regularmente. S\u00f3lo recibir\u00e1 el bolet\u00edn si se ha registrado para recibirlo. Para ello, es suficiente con proporcionar una direcci\u00f3n de correo electr\u00f3nico v\u00e1lida.<br \/>Para comprobar que realmente quieres registrarte, utilizamos el procedimiento de &#8220;doble opt-in&#8221;. Nuestro sistema le enviar\u00e1 un correo electr\u00f3nico con un enlace de confirmaci\u00f3n. S\u00f3lo recibir\u00e1s el bolet\u00edn de noticias si nos env\u00edas el enlace de confirmaci\u00f3n.<\/p>\n<p>Esto evita que terceras personas introduzcan su direcci\u00f3n de correo electr\u00f3nico sin su solicitud. Su direcci\u00f3n de correo electr\u00f3nico s\u00f3lo se utilizar\u00e1 para el env\u00edo del bolet\u00edn de noticias y no se transmitir\u00e1 a terceros. Puede revocar su consentimiento para el almacenamiento de su direcci\u00f3n de correo electr\u00f3nico y su uso para el env\u00edo del bolet\u00edn de noticias en cualquier momento con efecto futuro. En cada bolet\u00edn informativo hay un enlace correspondiente. Tambi\u00e9n puede informarnos de su revocaci\u00f3n utilizando la opci\u00f3n de contacto al final de este aviso de protecci\u00f3n de datos.<\/p>\n<p>&nbsp;<\/p>\n<p>Formulario de contacto<\/p>\n<p>Al proporcionar el formulario de contacto, nos gustar\u00eda facilitarle el contacto con nosotros. La informaci\u00f3n que nos proporcione ser\u00e1 almacenada con el fin de procesar la solicitud y para posibles preguntas de seguimiento. Todo lo que necesita hacer es proporcionar una direcci\u00f3n de correo electr\u00f3nico v\u00e1lida. Esta se utiliza para asignar la solicitud y luego responderla. La especificaci\u00f3n de otros datos es opcional.<\/p>\n<p>&nbsp;<\/p>\n<p>Uso de Google Analytics<\/p>\n<p>No usamos Google Analytics.<\/p>\n<p>&nbsp;<\/p>\n<p>Cambios en nuestra pol\u00edtica de privacidad<\/p>\n<p>Nos reservamos el derecho de adaptar ocasionalmente esta declaraci\u00f3n de protecci\u00f3n de datos para que cumpla siempre con los requisitos legales actuales o de implementar cambios en nuestros servicios en la declaraci\u00f3n de protecci\u00f3n de datos, por ejemplo, B. al introducir nuevos servicios. La nueva declaraci\u00f3n de protecci\u00f3n de datos se aplicar\u00e1 en su pr\u00f3xima visita.<\/p>\n<p>&nbsp;<\/p>\n<p>El organismo responsable en cuanto a las leyes de protecci\u00f3n de datos es:<\/p>\n<p>Juergen Bschaden<br \/>Neuhoefe 4<br \/>Marburg, 35043<br \/>Alemania<br \/>j.bschaden@leonardo.care<\/p>\n<p>[\/et_pb_text][\/et_pb_column][\/et_pb_row][\/et_pb_section]<\/p>\n","protected":false},"excerpt":{"rendered":"<p>Pol\u00edtica de privacidad No queremos utilizar sus datos sin su consentimiento, ni queremos mostrarle publicidad no deseada o seguir su camino en nuestras p\u00e1ginas. Por eso no usamos Google Analytics, ni tampoco usamos otros servicios para analizar el comportamiento de sus visitantes.Tampoco pedimos tu nombre. Si quieres contactarnos, todo lo que necesitas es tu direcci\u00f3n [&hellip;]<\/p>\n","protected":false},"author":1,"featured_media":0,"parent":0,"menu_order":18,"comment_status":"closed","ping_status":"closed","template":"page-template-fullwidth.php","meta":{"_et_pb_use_builder":"on","_et_pb_old_content":"","_et_gb_content_width":"","footnotes":""},"class_list":["post-3591","page","type-page","status-publish","hentry"],"_links":{"self":[{"href":"https:\/\/leonardo.care\/es\/wp-json\/wp\/v2\/pages\/3591","targetHints":{"allow":["GET"]}}],"collection":[{"href":"https:\/\/leonardo.care\/es\/wp-json\/wp\/v2\/pages"}],"about":[{"href":"https:\/\/leonardo.care\/es\/wp-json\/wp\/v2\/types\/page"}],"author":[{"embeddable":true,"href":"https:\/\/leonardo.care\/es\/wp-json\/wp\/v2\/users\/1"}],"replies":[{"embeddable":true,"href":"https:\/\/leonardo.care\/es\/wp-json\/wp\/v2\/comments?post=3591"}],"version-history":[{"count":2,"href":"https:\/\/leonardo.care\/es\/wp-json\/wp\/v2\/pages\/3591\/revisions"}],"predecessor-version":[{"id":3593,"href":"https:\/\/leonardo.care\/es\/wp-json\/wp\/v2\/pages\/3591\/revisions\/3593"}],"wp:attachment":[{"href":"https:\/\/leonardo.care\/es\/wp-json\/wp\/v2\/media?parent=3591"}],"curies":[{"name":"wp","href":"https:\/\/api.w.org\/{rel}","templated":true}]}}