{"id":3594,"date":"2020-09-30T11:23:09","date_gmt":"2020-09-30T11:23:09","guid":{"rendered":"https:\/\/leonardo.care\/condiciones-de-uso"},"modified":"2020-09-30T11:23:10","modified_gmt":"2020-09-30T11:23:10","slug":"condiciones-de-uso","status":"publish","type":"page","link":"https:\/\/leonardo.care\/es\/condiciones-de-uso","title":{"rendered":"Condiciones de uso"},"content":{"rendered":"<p>[et_pb_section fb_built=&#8221;1&#8243; _builder_version=&#8221;3.29.3&#8243;][et_pb_row _builder_version=&#8221;3.29.3&#8243;][et_pb_column type=&#8221;4_4&#8243; _builder_version=&#8221;3.29.3&#8243;][et_pb_text _builder_version=&#8221;4.4.7&#8243;]<\/p>\n<p>Condiciones de uso &#8211; Leonardo<\/p>\n<p>Al descargar o utilizar la aplicaci\u00f3n, estos t\u00e9rminos se aplicar\u00e1n autom\u00e1ticamente a usted &#8211; por lo tanto, debe asegurarse de leerlos cuidadosamente antes de utilizar la aplicaci\u00f3n.<\/p>\n<p>Shen-Apps se compromete a asegurar que la aplicaci\u00f3n sea tan \u00fatil y eficiente como sea posible. Por esa raz\u00f3n, nos reservamos el derecho de hacer cambios en la aplicaci\u00f3n.<\/p>\n<p>Cuando ingresa datos a Leonardo, se guardan en su dispositivo. Leonardo no guarda datos en la nube. Es su responsabilidad mantener su tel\u00e9fono y el acceso a la aplicaci\u00f3n seguros. Por lo tanto, le recomendamos que no se fugue de la c\u00e1rcel o que arraigue su tel\u00e9fono.<\/p>\n<p>Debe ser consciente de que hay ciertas cosas de las que Leonardo no se har\u00e1 responsable. Ciertas funciones de la aplicaci\u00f3n requerir\u00e1n que la aplicaci\u00f3n tenga una conexi\u00f3n activa a Internet, por ejemplo, para enviar un correo electr\u00f3nico. Pero Shen-Apps no puede responsabilizarse de que la aplicaci\u00f3n funcione a pleno rendimiento si no tiene una conexi\u00f3n a Internet activa.<\/p>\n<p>Leonardo provee extensas formas de documentar a sus clientes. La documentaci\u00f3n con im\u00e1genes o videos necesita una mayor capacidad de almacenamiento. Debes tener cuidado, que tu dispositivo siempre tenga suficiente capacidad de almacenamiento.<\/p>\n<p>El uso del producto es responsabilidad exclusiva del comprador.<\/p>\n<p>El comprador asume el riesgo en cuanto al rendimiento del producto. Shen-Apps no es responsable ante usted ni ante ninguna otra persona por ning\u00fan da\u00f1o indirecto, directo o especial o por da\u00f1os consecuentes, incluyendo la p\u00e9rdida de ingresos, la p\u00e9rdida o el da\u00f1o de datos u otras p\u00e9rdidas comerciales o econ\u00f3micas, incluso si se nos ha advertido de la posibilidad de tales da\u00f1os o si son predecibles. Tampoco somos responsables de las reclamaciones legales hechas por un tercero. Nuestra responsabilidad m\u00e1xima ante usted no supera la cantidad que pag\u00f3 por el producto en el per\u00edodo de facturaci\u00f3n actual.<\/p>\n<p>&nbsp;<\/p>\n<p>Cambios en estos t\u00e9rminos y condiciones<\/p>\n<p>Podemos actualizar nuestros T\u00e9rminos y Condiciones de vez en cuando. Por lo tanto, se le aconseja que revise esta p\u00e1gina peri\u00f3dicamente para conocer los cambios. Le notificaremos cualquier cambio publicando los nuevos T\u00e9rminos y Condiciones en esta p\u00e1gina. Estos cambios son efectivos inmediatamente despu\u00e9s de ser publicados en esta p\u00e1gina.\u00a0<\/p>\n<p>Se aplica la ley de la Rep\u00fablica Federal de Alemania, excluyendo la ley de ventas de la ONU.<br \/>El lugar de jurisdicci\u00f3n es Marburgo, Alemania.<\/p>\n<p>&nbsp;<\/p>\n<p>Cont\u00e1ctenos<\/p>\n<p>Si tiene alguna pregunta o sugerencia sobre nuestros T\u00e9rminos y Condiciones, no dude en contactarnos.<\/p>\n<p>[\/et_pb_text][\/et_pb_column][\/et_pb_row][\/et_pb_section]<\/p>\n","protected":false},"excerpt":{"rendered":"<p>Condiciones de uso &#8211; Leonardo Al descargar o utilizar la aplicaci\u00f3n, estos t\u00e9rminos se aplicar\u00e1n autom\u00e1ticamente a usted &#8211; por lo tanto, debe asegurarse de leerlos cuidadosamente antes de utilizar la aplicaci\u00f3n. Shen-Apps se compromete a asegurar que la aplicaci\u00f3n sea tan \u00fatil y eficiente como sea posible. Por esa raz\u00f3n, nos reservamos el derecho [&hellip;]<\/p>\n","protected":false},"author":1,"featured_media":0,"parent":0,"menu_order":18,"comment_status":"closed","ping_status":"closed","template":"page-template-fullwidth.php","meta":{"_et_pb_use_builder":"on","_et_pb_old_content":"","_et_gb_content_width":"","footnotes":""},"class_list":["post-3594","page","type-page","status-publish","hentry"],"_links":{"self":[{"href":"https:\/\/leonardo.care\/es\/wp-json\/wp\/v2\/pages\/3594","targetHints":{"allow":["GET"]}}],"collection":[{"href":"https:\/\/leonardo.care\/es\/wp-json\/wp\/v2\/pages"}],"about":[{"href":"https:\/\/leonardo.care\/es\/wp-json\/wp\/v2\/types\/page"}],"author":[{"embeddable":true,"href":"https:\/\/leonardo.care\/es\/wp-json\/wp\/v2\/users\/1"}],"replies":[{"embeddable":true,"href":"https:\/\/leonardo.care\/es\/wp-json\/wp\/v2\/comments?post=3594"}],"version-history":[{"count":2,"href":"https:\/\/leonardo.care\/es\/wp-json\/wp\/v2\/pages\/3594\/revisions"}],"predecessor-version":[{"id":3596,"href":"https:\/\/leonardo.care\/es\/wp-json\/wp\/v2\/pages\/3594\/revisions\/3596"}],"wp:attachment":[{"href":"https:\/\/leonardo.care\/es\/wp-json\/wp\/v2\/media?parent=3594"}],"curies":[{"name":"wp","href":"https:\/\/api.w.org\/{rel}","templated":true}]}}