{"id":3611,"date":"2020-10-01T09:40:00","date_gmt":"2020-10-01T09:40:00","guid":{"rendered":"https:\/\/leonardo.care\/sobre-nosotros"},"modified":"2020-10-03T08:37:54","modified_gmt":"2020-10-03T08:37:54","slug":"sobre-nosotros","status":"publish","type":"page","link":"https:\/\/leonardo.care\/es\/sobre-nosotros","title":{"rendered":"Sobre nosotros"},"content":{"rendered":"<p>[et_pb_section fb_built=&#8221;1&#8243; _builder_version=&#8221;3.22&#8243; background_image=&#8221;https:\/\/leonardo.care\/wp-content\/uploads\/2018\/12\/Neuhoefe-1.png&#8221; parallax=&#8221;on&#8221;][et_pb_row column_structure=&#8221;1_2,1_2&#8243; _builder_version=&#8221;3.25&#8243; background_color=&#8221;rgba(255,255,255,0.55)&#8221; background_size=&#8221;initial&#8221; background_position=&#8221;top_left&#8221; background_repeat=&#8221;repeat&#8221; custom_padding=&#8221;33px|33px|33px|33px|true|true&#8221;][et_pb_column type=&#8221;1_2&#8243; _builder_version=&#8221;3.25&#8243; custom_padding=&#8221;|||&#8221; custom_padding__hover=&#8221;|||&#8221;][et_pb_image src=&#8221;https:\/\/leonardo.care\/wp-content\/uploads\/2018\/12\/JB_18.jpg&#8221; align=&#8221;center&#8221; align_tablet=&#8221;center&#8221; align_phone=&#8221;&#8221; align_last_edited=&#8221;on|desktop&#8221; _builder_version=&#8221;3.23&#8243; max_width=&#8221;57%&#8221; filter_saturate=&#8221;104%&#8221; filter_brightness=&#8221;117%&#8221; filter_opacity=&#8221;64%&#8221; border_radii=&#8221;on|20px|20px|20px|20px&#8221;]<br \/>\n[\/et_pb_image][\/et_pb_column][et_pb_column type=&#8221;1_2&#8243; _builder_version=&#8221;3.25&#8243; custom_padding=&#8221;|||&#8221; custom_padding__hover=&#8221;|||&#8221;][et_pb_text _builder_version=&#8221;4.0.1&#8243;]<\/p>\n<h1>J\u00fcrgen Bschaden<\/h1>\n<p><strong>Director General y Autor<\/strong><\/p>\n<p>Aqu\u00ed &#8211; 80 km al norte de Frankfurt \/ Main &#8211; en una granja de 200 a\u00f1os de antig\u00fcedad, los caballos siguen corriendo por las calles, los ciervos pastan a la vista e incluso se puede ver un jabal\u00ed. Aqu\u00ed vivimos y trabajamos.<\/p>\n<p>Ya en los comienzos de mi carrera profesional tuve que tratar enfermedades complejas. En ese momento busqu\u00e9 muchas veces en atlas de acupuntura para encontrar puntos de acupuntura que ayudaran a mis pacientes a seguir adelante. Como este era un tiempo valioso que perd\u00eda en otros lugares, empec\u00e9 a recopilar informaci\u00f3n sobre los puntos de acupuntura y a gestionarlos en una base de datos.<\/p>\n<p>&nbsp;<\/p>\n<p>[\/et_pb_text][\/et_pb_column][\/et_pb_row][et_pb_row _builder_version=&#8221;3.25&#8243; custom_padding=&#8221;38.05px|0px|34px|0px|false|false&#8221;][et_pb_column type=&#8221;4_4&#8243; _builder_version=&#8221;3.25&#8243; custom_padding=&#8221;|||&#8221; custom_padding__hover=&#8221;|||&#8221;][\/et_pb_column][\/et_pb_row][et_pb_row _builder_version=&#8221;3.25&#8243; background_color=&#8221;rgba(255,255,255,0.55)&#8221; background_size=&#8221;initial&#8221; background_position=&#8221;top_left&#8221; background_repeat=&#8221;repeat&#8221; custom_margin=&#8221;||10px&#8221; custom_padding=&#8221;33px|33px|33px|33px|true|true&#8221;][et_pb_column type=&#8221;4_4&#8243; _builder_version=&#8221;3.25&#8243; custom_padding=&#8221;0px|||&#8221; custom_padding__hover=&#8221;|||&#8221;][et_pb_text _builder_version=&#8221;4.0.1&#8243;]<\/p>\n<h1 style=\"text-align: center;\">Our Products<\/h1>\n<p style=\"text-align: center;\">Leonardo \u2013 Practice Management<br \/>For All Working With People<br \/>www.leonardo.care<\/p>\n<p style=\"text-align: center;\">Shen-Acupuncture App<br \/>www.shen-apps.com<\/p>\n<p>&nbsp;<\/p>\n<p>[\/et_pb_text][\/et_pb_column][\/et_pb_row][et_pb_row _builder_version=&#8221;3.25&#8243; custom_padding=&#8221;38.05px|0px|34px|0px|false|false&#8221;][et_pb_column type=&#8221;4_4&#8243; _builder_version=&#8221;3.25&#8243; custom_padding=&#8221;|||&#8221; custom_padding__hover=&#8221;|||&#8221;][\/et_pb_column][\/et_pb_row][et_pb_row _builder_version=&#8221;3.25&#8243; background_color=&#8221;rgba(255,255,255,0.55)&#8221; background_size=&#8221;initial&#8221; background_position=&#8221;top_left&#8221; background_repeat=&#8221;repeat&#8221; custom_margin=&#8221;||10px&#8221; custom_padding=&#8221;33px|33px|33px|33px|true|true&#8221;][et_pb_column type=&#8221;4_4&#8243; _builder_version=&#8221;3.25&#8243; custom_padding=&#8221;0px|||&#8221; custom_padding__hover=&#8221;|||&#8221;][et_pb_text _builder_version=&#8221;3.27.4&#8243;]<\/p>\n<h1 style=\"text-align: center;\">Pie de imprenta<\/h1>\n<p style=\"text-align: center;\">Dipl. Phys. Juergen Bschaden Carl-Orff-Weg 4 35043 Marburg Alemania<\/p>\n<p style=\"text-align: center;\">Correo electr\u00f3nico: J.Bschaden@shenprofessional.com<\/p>\n<p style=\"text-align: center;\">Tel\u00e9fono: +491627930889<\/p>\n<p style=\"text-align: center;\"><strong>UST-ID:<\/strong> 060500DE206498876<\/p>\n<p>[\/et_pb_text][\/et_pb_column][\/et_pb_row][\/et_pb_section][et_pb_section fb_built=&#8221;1&#8243; _builder_version=&#8221;3.22&#8243;][et_pb_row _builder_version=&#8221;3.25&#8243; custom_margin=&#8221;0px|||&#8221; custom_padding=&#8221;0px|||&#8221; animation_style=&#8221;fade&#8221;][et_pb_column type=&#8221;4_4&#8243; _builder_version=&#8221;3.25&#8243; custom_padding=&#8221;|||&#8221; custom_padding__hover=&#8221;|||&#8221;][et_pb_text _builder_version=&#8221;3.27.4&#8243;]<\/p>\n<h1 style=\"text-align: center;\">El viaje de mi vida:<\/h1>\n<p style=\"text-align: left;\">2020<br \/>Leonardo para Androide es liberado. Hemos a\u00f1adido 8 idiomas.<br \/>A\u00f1adido el diagn\u00f3stico de la lengua a Shen-Acupuntura.<\/p>\n<p>2019<br \/>A\u00f1adido el idioma ruso e italiano a Shen-Acupuntura<\/p>\n<p>2018<br \/>La aplicaci\u00f3n de acupuntura Shen es liberada (para Android y iOS).<\/p>\n<p>2017<br \/>Shen-Atlas de la Acupuntura (1000 p\u00e1ginas de libro electr\u00f3nico) aparece en siete idiomas<br \/>Foundations of TCM se publica en cuatro idiomas<br \/>La ginecolog\u00eda china se publica en cuatro idiomas<\/p>\n<p>2016<br \/>El Atlas de Acupuntura Shen-Atlas se publica como un libro electr\u00f3nico espec\u00edfico para tel\u00e9fonos inteligentes y tabletas.<\/p>\n<p>2015<br \/>Se publica ShenProfessional 3.1 (alem\u00e1n, ingl\u00e9s, espa\u00f1ol, portugu\u00e9s y chino).<\/p>\n<p>2006-2015<br \/>Traducci\u00f3n del Shen-Atlas de la Acupuntura al ingl\u00e9s, chino, ruso, espa\u00f1ol, portugu\u00e9s, italiano.<\/p>\n<p>2011<br \/>ShenProfessional 3.0 est\u00e1 disponible.<\/p>\n<p>2007<br \/>Primer texto pr\u00e1ctico sobre los buques extraordinarios.<\/p>\n<p>2005<br \/>\u00a1Mi hija Hannah ha nacido!<\/p>\n<p>2004<br \/>ShenProfessional 2.0 tambi\u00e9n publicado por Springer-Verlag.<\/p>\n<p>2002<br \/>Diagn\u00f3sticos de lengua china publicados en ShenProfessional.<\/p>\n<p>2001<br \/>Public\u00f3 el Shen-Atlas de la Acupuntura en Springer House.<\/p>\n<p>2000<br \/>Liber\u00f3 ShenProfessional 1.0.<br \/>1999<br \/>Complet\u00f3 la revisi\u00f3n de los textos de los puntos de acupuntura.<br \/>Ginecolog\u00eda china publicada en ShenProfessional.<\/p>\n<p>1997-2001<br \/>Cre\u00f3 el cat\u00e1logo de s\u00edntomas y diagn\u00f3sticos con m\u00e1s de 4000 entradas. Se requirieron b\u00fasquedas bibliogr\u00e1ficas de m\u00e1s de 10.000 p\u00e1ginas.<\/p>\n<p>1998<br \/>Adquiri\u00f3 las plantillas de anatom\u00eda, en cuatro niveles, para las tablas de acupuntura. Cada punto de acupuntura fue dibujado individualmente en un sistema coordinado dentro de una base de datos. A trav\u00e9s de este m\u00e9todo, las tablas de acupuntura en ShenProfessional se volvieron interactivas.<\/p>\n<p>1997-1998<br \/>Cre\u00f3 las bases de la Medicina Tradicional China &#8211; para mis cursos en Suiza.<\/p>\n<p>1998<br \/>Empez\u00f3 a dar clases de MTC en Suiza.<\/p>\n<p>1993<br \/>Cre\u00e9 mis propios textos de puntos de acupuntura.<br \/>Abr\u00ed una pr\u00e1ctica centrada en la Acupresi\u00f3n y la Medicina Tradicional China<\/p>\n<p>[\/et_pb_text][\/et_pb_column][\/et_pb_row][\/et_pb_section]<\/p>\n","protected":false},"excerpt":{"rendered":"<p>J\u00fcrgen Bschaden Director General y Autor Aqu\u00ed &#8211; 80 km al norte de Frankfurt \/ Main &#8211; en una granja de 200 a\u00f1os de antig\u00fcedad, los caballos siguen corriendo por las calles, los ciervos pastan a la vista e incluso se puede ver un jabal\u00ed. Aqu\u00ed vivimos y trabajamos. Ya en los comienzos de mi [&hellip;]<\/p>\n","protected":false},"author":1,"featured_media":0,"parent":0,"menu_order":18,"comment_status":"closed","ping_status":"closed","template":"page-template-fullwidth.php","meta":{"_et_pb_use_builder":"on","_et_pb_old_content":"","_et_gb_content_width":"","footnotes":""},"class_list":["post-3611","page","type-page","status-publish","hentry"],"_links":{"self":[{"href":"https:\/\/leonardo.care\/es\/wp-json\/wp\/v2\/pages\/3611","targetHints":{"allow":["GET"]}}],"collection":[{"href":"https:\/\/leonardo.care\/es\/wp-json\/wp\/v2\/pages"}],"about":[{"href":"https:\/\/leonardo.care\/es\/wp-json\/wp\/v2\/types\/page"}],"author":[{"embeddable":true,"href":"https:\/\/leonardo.care\/es\/wp-json\/wp\/v2\/users\/1"}],"replies":[{"embeddable":true,"href":"https:\/\/leonardo.care\/es\/wp-json\/wp\/v2\/comments?post=3611"}],"version-history":[{"count":3,"href":"https:\/\/leonardo.care\/es\/wp-json\/wp\/v2\/pages\/3611\/revisions"}],"predecessor-version":[{"id":3621,"href":"https:\/\/leonardo.care\/es\/wp-json\/wp\/v2\/pages\/3611\/revisions\/3621"}],"wp:attachment":[{"href":"https:\/\/leonardo.care\/es\/wp-json\/wp\/v2\/media?parent=3611"}],"curies":[{"name":"wp","href":"https:\/\/api.w.org\/{rel}","templated":true}]}}