{"id":3721,"date":"2020-10-02T09:24:20","date_gmt":"2020-10-02T09:24:20","guid":{"rendered":"https:\/\/leonardo.care\/blog"},"modified":"2020-10-30T13:10:32","modified_gmt":"2020-10-30T13:10:32","slug":"blog","status":"publish","type":"page","link":"https:\/\/leonardo.care\/es\/blog","title":{"rendered":"Blog"},"content":{"rendered":"<p>[et_pb_section fb_built=&#8221;1&#8243; _builder_version=&#8221;4.4.4&#8243; custom_margin=&#8221;||-66px|||&#8221; custom_padding=&#8221;||25px|||&#8221;][et_pb_row _builder_version=&#8221;4.4.4&#8243;][et_pb_column type=&#8221;4_4&#8243; _builder_version=&#8221;4.4.4&#8243;][et_pb_text _builder_version=&#8221;4.4.7&#8243; header_font_size=&#8221;50px&#8221; header_font_size_tablet=&#8221;40px&#8221; header_font_size_phone=&#8221;30px&#8221; header_font_size_last_edited=&#8221;on|phone&#8221;]<\/p>\n<h1 style=\"text-align: center;\">Leonardo-Blog<\/h1>\n<p style=\"text-align: center;\">Art\u00edculos y Video-Tutoriales sobre Leonardo<\/p>\n<p>[\/et_pb_text][et_pb_search _builder_version=&#8221;4.4.4&#8243;][\/et_pb_search][\/et_pb_column][\/et_pb_row][\/et_pb_section][et_pb_section fb_built=&#8221;1&#8243; _builder_version=&#8221;4.4.4&#8243; min_height=&#8221;504px&#8221; custom_margin=&#8221;9px|||||&#8221; custom_padding=&#8221;0px||0px|||&#8221;][et_pb_row _builder_version=&#8221;4.4.4&#8243; width=&#8221;100%&#8221;][et_pb_column type=&#8221;4_4&#8243; _builder_version=&#8221;4.4.4&#8243;][dgbc_blog_carousel type=&#8221;3&#8243; show_excerpt_length=&#8221;80&#8243; show_categories=&#8221;off&#8221; show_author=&#8221;off&#8221; show_date=&#8221;off&#8221; show_more=&#8221;on&#8221; transition_duration=&#8221;2500&#8243; dot_nav=&#8221;on&#8221; loop=&#8221;on&#8221; autoplay=&#8221;on&#8221; dots_active_color=&#8221;#a31911&#8243; content_padding=&#8221;8px|8px|8px|8px|false|false&#8221; button_margin=&#8221;8px||||false|false&#8221; button_padding=&#8221;4px|8px|4px|8px|false|false&#8221; _builder_version=&#8221;4.4.4&#8243; header_level=&#8221;h3&#8243; header_font_size=&#8221;18px&#8221; read_more_text_align=&#8221;right&#8221; read_more_line_height=&#8221;1.7em&#8221; custom_padding=&#8221;|8px||8px|false|true&#8221; border_width_all_read_more=&#8221;1px&#8221; border_color_all_read_more=&#8221;#e0e0e0&#8243; box_shadow_style=&#8221;preset3&#8243;][\/dgbc_blog_carousel][\/et_pb_column][\/et_pb_row][\/et_pb_section][et_pb_section fb_built=&#8221;1&#8243; _builder_version=&#8221;4.4.4&#8243; custom_padding=&#8221;0px|||||&#8221;][et_pb_row _builder_version=&#8221;4.4.4&#8243; custom_padding=&#8221;||45px|||&#8221;][et_pb_column type=&#8221;4_4&#8243; _builder_version=&#8221;4.4.4&#8243;][et_pb_blog fullwidth=&#8221;off&#8221; excerpt_length=&#8221;120&#8243; show_more=&#8221;on&#8221; show_author=&#8221;off&#8221; show_date=&#8221;off&#8221; _builder_version=&#8221;4.6.6&#8243; meta_font=&#8221;|300|||||||&#8221; meta_font_size=&#8221;12px&#8221; read_more_font=&#8221;|600||||on|||&#8221; read_more_text_color=&#8221;#7a0d0d&#8221; read_more_font_size=&#8221;15px&#8221; hover_enabled=&#8221;0&#8243; box_shadow_style=&#8221;preset3&#8243; sticky_enabled=&#8221;0&#8243;][\/et_pb_blog][\/et_pb_column][\/et_pb_row][\/et_pb_section]<\/p>\n","protected":false},"excerpt":{"rendered":"<p>Leonardo-Blog Art\u00edculos y Video-Tutoriales sobre Leonardo<div class=\"et_pb_with_border et_pb_module dgbc_blog_carousel dgbc_blog_carousel_0\">\n\t\t\t\t\n\t\t\t\t\n\t\t\t\t\n\t\t\t\t\n\t\t\t\t\n\t\t\t\t\n\t\t\t\t<div class=\"et_pb_module_inner\">\n\t\t\t\t\t<div class=\"dgbc_carousel_wrapper\" data-props='{\"desktop\":\"3\",\"tablet\":\"2\",\"mobile\":\"1\",\"multislide\":\"off\",\"spacing\":\"30\",\"speed\":\"2500\",\"order\":\"0\",\"arrow\":\"off\",\"dots\":\"on\",\"centermode\":\"off\",\"loop\":\"on\",\"autoplay\":\"on\",\"hoverpause\":\"off\",\"autoplay_speed\":\"1500\",\"effect\":\"slide\",\"coverflow\":\"50\",\"shadow\":\"on\",\"xlarge\":\"4\",\"tablet_spacing\":\"30\",\"mobile_spacing\":\"30\"}'>\r\n\t\t\t\t\t\t\t\r\n\t\t\t\t\t\t\t<div class=\"swiper-container\">\r\n\t\t\t\t\t\t\t\t<div class=\"swiper-wrapper\">\t\t\t\t\r\n\t\t\t\t<article id=\"post-5286\" class=\"dgbc_post_item post-5286 post type-post status-publish format-standard has-post-thumbnail hentry category-facturas et-has-post-format-content et_post_format-et-post-format-standard\">\r\n\t\t\t\t\t<div class=\"dgbc_post_inner_wrapper\">\r\n\t\t\t\t\t\t<div class=\"dg-post-thumb\"><a href=\"https:\/\/leonardo.care\/es\/de-factura-vencida-a-factura-pagada\" data-icon=\"1\"><img loading=\"lazy\" decoding=\"async\" src=\"https:\/\/leonardo.care\/wp-content\/uploads\/2020\/11\/7-fromduetopaidinvoice-400x250.png\" alt=\"De factura vencida a factura pagada\" class=\"\" srcset=\"https:\/\/leonardo.care\/wp-content\/uploads\/2020\/11\/7-fromduetopaidinvoice.png 479w, https:\/\/leonardo.care\/wp-content\/uploads\/2020\/11\/7-fromduetopaidinvoice-400x250.png 480w \" sizes=\"auto, (max-width:479px) 479px, 100vw \"  width=\"400\" height=\"250\" \/><\/a><\/div>\t\t\t\t\t\t<div class=\"content-wrapper\">\r\n\t\t\t\t\t\t\t<h3 class=\"dg_bc_title\"><a href=\"https:\/\/leonardo.care\/es\/de-factura-vencida-a-factura-pagada\">De factura vencida a factura pagada<\/a><\/h3><div class=\"post-content\"><p>En este video aprendes a convertir una factura vencida en una factura pagada....<\/div>\t\t\t\t\t\t\t<div class=\"dg_read_more_wrapper\"><a class=\"read-more\" href=\"https:\/\/leonardo.care\/es\/de-factura-vencida-a-factura-pagada\" ><span>Read More<\/span><\/a><\/div>\t\t\t\t\t\t\t\t\t\t\t\t\t\t\r\n\t\t\t\t\t\t<\/div>\r\n\t\t\t\t\t<\/div>\r\n\t\t\t\t<\/article>\r\n\t\t\t\t\t\t\t\t\r\n\t\t\t\t<article id=\"post-5168\" class=\"dgbc_post_item post-5168 post type-post status-publish format-standard has-post-thumbnail hentry category-calendario-es et-has-post-format-content et_post_format-et-post-format-standard\">\r\n\t\t\t\t\t<div class=\"dgbc_post_inner_wrapper\">\r\n\t\t\t\t\t\t<div class=\"dg-post-thumb\"><a href=\"https:\/\/leonardo.care\/es\/calendario-y-citas\" data-icon=\"1\"><img loading=\"lazy\" decoding=\"async\" src=\"https:\/\/leonardo.care\/wp-content\/uploads\/2020\/11\/6-CalendarandAppointments-1-400x250.png\" alt=\"Calendario y citas\" class=\"\" srcset=\"https:\/\/leonardo.care\/wp-content\/uploads\/2020\/11\/6-CalendarandAppointments-1.png 479w, https:\/\/leonardo.care\/wp-content\/uploads\/2020\/11\/6-CalendarandAppointments-1-400x250.png 480w \" sizes=\"auto, (max-width:479px) 479px, 100vw \"  width=\"400\" height=\"250\" \/><\/a><\/div>\t\t\t\t\t\t<div class=\"content-wrapper\">\r\n\t\t\t\t\t\t\t<h3 class=\"dg_bc_title\"><a href=\"https:\/\/leonardo.care\/es\/calendario-y-citas\">Calendario y citas<\/a><\/h3><div class=\"post-content\"><p>Este video muestra las funciones b\u00e1sicas del Calendario y del Asistente de C...<\/div>\t\t\t\t\t\t\t<div class=\"dg_read_more_wrapper\"><a class=\"read-more\" href=\"https:\/\/leonardo.care\/es\/calendario-y-citas\" ><span>Read More<\/span><\/a><\/div>\t\t\t\t\t\t\t\t\t\t\t\t\t\t\r\n\t\t\t\t\t\t<\/div>\r\n\t\t\t\t\t<\/div>\r\n\t\t\t\t<\/article>\r\n\t\t\t\t\t\t\t\t\r\n\t\t\t\t<article id=\"post-4892\" class=\"dgbc_post_item post-4892 post type-post status-publish format-standard has-post-thumbnail hentry category-sin-categorizar et-has-post-format-content et_post_format-et-post-format-standard\">\r\n\t\t\t\t\t<div class=\"dgbc_post_inner_wrapper\">\r\n\t\t\t\t\t\t<div class=\"dg-post-thumb\"><a href=\"https:\/\/leonardo.care\/es\/leonardo-introduccion\" data-icon=\"1\"><img loading=\"lazy\" decoding=\"async\" src=\"https:\/\/leonardo.care\/wp-content\/uploads\/2019\/11\/featured_starticon-400x250.png\" alt=\"Leonardo-Introducci\u00f3n\" class=\"\" srcset=\"https:\/\/leonardo.care\/wp-content\/uploads\/2019\/11\/featured_starticon.png 479w, https:\/\/leonardo.care\/wp-content\/uploads\/2019\/11\/featured_starticon-400x250.png 480w \" sizes=\"auto, (max-width:479px) 479px, 100vw \"  width=\"400\" height=\"250\" \/><\/a><\/div>\t\t\t\t\t\t<div class=\"content-wrapper\">\r\n\t\t\t\t\t\t\t<h3 class=\"dg_bc_title\"><a href=\"https:\/\/leonardo.care\/es\/leonardo-introduccion\">Leonardo-Introducci\u00f3n<\/a><\/h3><div class=\"post-content\"><\/div>\t\t\t\t\t\t\t<div class=\"dg_read_more_wrapper\"><a class=\"read-more\" href=\"https:\/\/leonardo.care\/es\/leonardo-introduccion\" ><span>Read More<\/span><\/a><\/div>\t\t\t\t\t\t\t\t\t\t\t\t\t\t\r\n\t\t\t\t\t\t<\/div>\r\n\t\t\t\t\t<\/div>\r\n\t\t\t\t<\/article>\r\n\t\t\t\t\t\t\t\t\r\n\t\t\t\t<article id=\"post-4820\" class=\"dgbc_post_item post-4820 post type-post status-publish format-standard has-post-thumbnail hentry category-calendario-es category-facturas category-lista-de-clientes-es category-registro-del-cliente et-has-post-format-content et_post_format-et-post-format-standard\">\r\n\t\t\t\t\t<div class=\"dgbc_post_inner_wrapper\">\r\n\t\t\t\t\t\t<div class=\"dg-post-thumb\"><a href=\"https:\/\/leonardo.care\/es\/clever-activate-your-next-client\" data-icon=\"1\"><img loading=\"lazy\" decoding=\"async\" src=\"https:\/\/leonardo.care\/wp-content\/uploads\/2020\/10\/5-clientactivation-9-400x250.png\" alt=\"Inteligente: Activar su pr\u00f3ximo cliente\" class=\"\" srcset=\"https:\/\/leonardo.care\/wp-content\/uploads\/2020\/10\/5-clientactivation-9.png 479w, https:\/\/leonardo.care\/wp-content\/uploads\/2020\/10\/5-clientactivation-9-400x250.png 480w \" sizes=\"auto, (max-width:479px) 479px, 100vw \"  width=\"400\" height=\"250\" \/><\/a><\/div>\t\t\t\t\t\t<div class=\"content-wrapper\">\r\n\t\t\t\t\t\t\t<h3 class=\"dg_bc_title\"><a href=\"https:\/\/leonardo.care\/es\/clever-activate-your-next-client\">Inteligente: Activar su pr\u00f3ximo cliente<\/a><\/h3><div class=\"post-content\"><\/div>\t\t\t\t\t\t\t<div class=\"dg_read_more_wrapper\"><a class=\"read-more\" href=\"https:\/\/leonardo.care\/es\/clever-activate-your-next-client\" ><span>Read More<\/span><\/a><\/div>\t\t\t\t\t\t\t\t\t\t\t\t\t\t\r\n\t\t\t\t\t\t<\/div>\r\n\t\t\t\t\t<\/div>\r\n\t\t\t\t<\/article>\r\n\t\t\t\t\t\t\t\t\r\n\t\t\t\t<article id=\"post-4650\" class=\"dgbc_post_item post-4650 post type-post status-publish format-standard has-post-thumbnail hentry category-clients-record category-facturas category-invoices category-registro-del-cliente et-has-post-format-content et_post_format-et-post-format-standard\">\r\n\t\t\t\t\t<div class=\"dgbc_post_inner_wrapper\">\r\n\t\t\t\t\t\t<div class=\"dg-post-thumb\"><a href=\"https:\/\/leonardo.care\/es\/nuevo-cliente-con-facturacion-automatica-activada\" data-icon=\"1\"><img loading=\"lazy\" decoding=\"async\" src=\"https:\/\/leonardo.care\/wp-content\/uploads\/2020\/10\/4-newclientautomaticbilling-400x250.png\" alt=\"Nuevo cliente con facturaci\u00f3n autom\u00e1tica activada\" class=\"\" srcset=\"https:\/\/leonardo.care\/wp-content\/uploads\/2020\/10\/4-newclientautomaticbilling.png 479w, https:\/\/leonardo.care\/wp-content\/uploads\/2020\/10\/4-newclientautomaticbilling-400x250.png 480w \" sizes=\"auto, (max-width:479px) 479px, 100vw \"  width=\"400\" height=\"250\" \/><\/a><\/div>\t\t\t\t\t\t<div class=\"content-wrapper\">\r\n\t\t\t\t\t\t\t<h3 class=\"dg_bc_title\"><a href=\"https:\/\/leonardo.care\/es\/nuevo-cliente-con-facturacion-automatica-activada\">Nuevo cliente con facturaci\u00f3n autom\u00e1tica activada<\/a><\/h3><div class=\"post-content\"><p>La facturaci\u00f3n autom\u00e1tica es una caracter\u00edstica conveniente, cuando se fac...<\/div>\t\t\t\t\t\t\t<div class=\"dg_read_more_wrapper\"><a class=\"read-more\" href=\"https:\/\/leonardo.care\/es\/nuevo-cliente-con-facturacion-automatica-activada\" ><span>Read More<\/span><\/a><\/div>\t\t\t\t\t\t\t\t\t\t\t\t\t\t\r\n\t\t\t\t\t\t<\/div>\r\n\t\t\t\t\t<\/div>\r\n\t\t\t\t<\/article>\r\n\t\t\t\t\t\t\t\t\r\n\t\t\t\t<article id=\"post-4426\" class=\"dgbc_post_item post-4426 post type-post status-publish format-standard has-post-thumbnail hentry category-calendar category-calendario-es category-facturas category-invoices et-has-post-format-content et_post_format-et-post-format-standard\">\r\n\t\t\t\t\t<div class=\"dgbc_post_inner_wrapper\">\r\n\t\t\t\t\t\t<div class=\"dg-post-thumb\"><a href=\"https:\/\/leonardo.care\/es\/de-la-cita-a-la-factura\" data-icon=\"1\"><img loading=\"lazy\" decoding=\"async\" src=\"https:\/\/leonardo.care\/wp-content\/uploads\/2020\/10\/3-createinvoice-400x250.png\" alt=\"De la cita a la factura\" class=\"\" srcset=\"https:\/\/leonardo.care\/wp-content\/uploads\/2020\/10\/3-createinvoice.png 479w, https:\/\/leonardo.care\/wp-content\/uploads\/2020\/10\/3-createinvoice-400x250.png 480w \" sizes=\"auto, (max-width:479px) 479px, 100vw \"  width=\"400\" height=\"250\" \/><\/a><\/div>\t\t\t\t\t\t<div class=\"content-wrapper\">\r\n\t\t\t\t\t\t\t<h3 class=\"dg_bc_title\"><a href=\"https:\/\/leonardo.care\/es\/de-la-cita-a-la-factura\">De la cita a la factura<\/a><\/h3><div class=\"post-content\"><p>Con Leonardo puedes escribir una factura en segundos. Puedes guardar la factu...<\/div>\t\t\t\t\t\t\t<div class=\"dg_read_more_wrapper\"><a class=\"read-more\" href=\"https:\/\/leonardo.care\/es\/de-la-cita-a-la-factura\" ><span>Read More<\/span><\/a><\/div>\t\t\t\t\t\t\t\t\t\t\t\t\t\t\r\n\t\t\t\t\t\t<\/div>\r\n\t\t\t\t\t<\/div>\r\n\t\t\t\t<\/article>\r\n\t\t\t\t\t\t\t\t\r\n\t\t\t\t<article id=\"post-4389\" class=\"dgbc_post_item post-4389 post type-post status-publish format-standard has-post-thumbnail hentry category-misc-es et-has-post-format-content et_post_format-et-post-format-standard\">\r\n\t\t\t\t\t<div class=\"dgbc_post_inner_wrapper\">\r\n\t\t\t\t\t\t<div class=\"dg-post-thumb\"><a href=\"https:\/\/leonardo.care\/es\/instalando-la-aplicacion-leonardo-en-multiples-dispositivos\" data-icon=\"1\"><img loading=\"lazy\" decoding=\"async\" src=\"https:\/\/leonardo.care\/wp-content\/uploads\/2019\/11\/multipledevices-400x250.png\" alt=\"Instalando la aplicaci\u00f3n Leonardo en m\u00faltiples dispositivos\" class=\"\" srcset=\"https:\/\/leonardo.care\/wp-content\/uploads\/2019\/11\/multipledevices.png 479w, https:\/\/leonardo.care\/wp-content\/uploads\/2019\/11\/multipledevices-400x250.png 480w \" sizes=\"auto, (max-width:479px) 479px, 100vw \"  width=\"400\" height=\"250\" \/><\/a><\/div>\t\t\t\t\t\t<div class=\"content-wrapper\">\r\n\t\t\t\t\t\t\t<h3 class=\"dg_bc_title\"><a href=\"https:\/\/leonardo.care\/es\/instalando-la-aplicacion-leonardo-en-multiples-dispositivos\">Instalando la aplicaci\u00f3n Leonardo en m\u00faltiples dispositivos<\/a><\/h3><div class=\"post-content\"><p>Puedes instalar la aplicaci\u00f3n Leonardo en cualquier Android al que hayas acc...<\/div>\t\t\t\t\t\t\t<div class=\"dg_read_more_wrapper\"><a class=\"read-more\" href=\"https:\/\/leonardo.care\/es\/instalando-la-aplicacion-leonardo-en-multiples-dispositivos\" ><span>Read More<\/span><\/a><\/div>\t\t\t\t\t\t\t\t\t\t\t\t\t\t\r\n\t\t\t\t\t\t<\/div>\r\n\t\t\t\t\t<\/div>\r\n\t\t\t\t<\/article>\r\n\t\t\t\t\t\t\t\t\r\n\t\t\t\t<article id=\"post-4364\" class=\"dgbc_post_item post-4364 post type-post status-publish format-standard has-post-thumbnail hentry category-modulos-de-texto-es category-text-modules et-has-post-format-content et_post_format-et-post-format-standard\">\r\n\t\t\t\t\t<div class=\"dgbc_post_inner_wrapper\">\r\n\t\t\t\t\t\t<div class=\"dg-post-thumb\"><a href=\"https:\/\/leonardo.care\/es\/crear-una-plantilla-de-carta\" data-icon=\"1\"><img loading=\"lazy\" decoding=\"async\" src=\"https:\/\/leonardo.care\/wp-content\/uploads\/2020\/09\/1-Stationery-400x250.png\" alt=\"Crear una plantilla de carta&#8230;\" class=\"\" srcset=\"https:\/\/leonardo.care\/wp-content\/uploads\/2020\/09\/1-Stationery.png 479w, https:\/\/leonardo.care\/wp-content\/uploads\/2020\/09\/1-Stationery-400x250.png 480w \" sizes=\"auto, (max-width:479px) 479px, 100vw \"  width=\"400\" height=\"250\" \/><\/a><\/div>\t\t\t\t\t\t<div class=\"content-wrapper\">\r\n\t\t\t\t\t\t\t<h3 class=\"dg_bc_title\"><a href=\"https:\/\/leonardo.care\/es\/crear-una-plantilla-de-carta\">Crear una plantilla de carta&#8230;<\/a><\/h3><div class=\"post-content\"><p>Aprende a editar el membrete, el pie de p\u00e1gina, el saludo individual y a cre...<\/div>\t\t\t\t\t\t\t<div class=\"dg_read_more_wrapper\"><a class=\"read-more\" href=\"https:\/\/leonardo.care\/es\/crear-una-plantilla-de-carta\" ><span>Read More<\/span><\/a><\/div>\t\t\t\t\t\t\t\t\t\t\t\t\t\t\r\n\t\t\t\t\t\t<\/div>\r\n\t\t\t\t\t<\/div>\r\n\t\t\t\t<\/article>\r\n\t\t\t\t\t\t\t\t\r\n\t\t\t\t<article id=\"post-4212\" class=\"dgbc_post_item post-4212 post type-post status-publish format-standard has-post-thumbnail hentry category-misc-es et-has-post-format-content et_post_format-et-post-format-standard\">\r\n\t\t\t\t\t<div class=\"dgbc_post_inner_wrapper\">\r\n\t\t\t\t\t\t<div class=\"dg-post-thumb\"><a href=\"https:\/\/leonardo.care\/es\/quien-puede-usar-a-leonardo\" data-icon=\"1\"><img loading=\"lazy\" decoding=\"async\" src=\"https:\/\/leonardo.care\/wp-content\/uploads\/2019\/09\/whocanuseleonardo-400x250.png\" alt=\"\u00bfQui\u00e9n puede usar a Leonardo?\" class=\"\" srcset=\"https:\/\/leonardo.care\/wp-content\/uploads\/2019\/09\/whocanuseleonardo.png 479w, https:\/\/leonardo.care\/wp-content\/uploads\/2019\/09\/whocanuseleonardo-400x250.png 480w \" sizes=\"auto, (max-width:479px) 479px, 100vw \"  width=\"400\" height=\"250\" \/><\/a><\/div>\t\t\t\t\t\t<div class=\"content-wrapper\">\r\n\t\t\t\t\t\t\t<h3 class=\"dg_bc_title\"><a href=\"https:\/\/leonardo.care\/es\/quien-puede-usar-a-leonardo\">\u00bfQui\u00e9n puede usar a Leonardo?<\/a><\/h3><div class=\"post-content\"><p>Estas profesiones son las que m\u00e1s se benefician de Leonardo: Profesionales d...<\/div>\t\t\t\t\t\t\t<div class=\"dg_read_more_wrapper\"><a class=\"read-more\" href=\"https:\/\/leonardo.care\/es\/quien-puede-usar-a-leonardo\" ><span>Read More<\/span><\/a><\/div>\t\t\t\t\t\t\t\t\t\t\t\t\t\t\r\n\t\t\t\t\t\t<\/div>\r\n\t\t\t\t\t<\/div>\r\n\t\t\t\t<\/article>\r\n\t\t\t\t\t\t\t\t\r\n\t\t\t\t<article id=\"post-4252\" class=\"dgbc_post_item post-4252 post type-post status-publish format-standard has-post-thumbnail hentry category-settings-es category-misc-es et-has-post-format-content et_post_format-et-post-format-standard\">\r\n\t\t\t\t\t<div class=\"dgbc_post_inner_wrapper\">\r\n\t\t\t\t\t\t<div class=\"dg-post-thumb\"><a href=\"https:\/\/leonardo.care\/es\/five-element-colors\" data-icon=\"1\"><img loading=\"lazy\" decoding=\"async\" src=\"https:\/\/leonardo.care\/wp-content\/uploads\/2020\/06\/2-changetheme-400x250.png\" alt=\"Five Element Colors\" class=\"\" srcset=\"https:\/\/leonardo.care\/wp-content\/uploads\/2020\/06\/2-changetheme.png 479w, https:\/\/leonardo.care\/wp-content\/uploads\/2020\/06\/2-changetheme-400x250.png 480w \" sizes=\"auto, (max-width:479px) 479px, 100vw \"  width=\"400\" height=\"250\" \/><\/a><\/div>\t\t\t\t\t\t<div class=\"content-wrapper\">\r\n\t\t\t\t\t\t\t<h3 class=\"dg_bc_title\"><a href=\"https:\/\/leonardo.care\/es\/five-element-colors\">Five Element Colors<\/a><\/h3><div class=\"post-content\"><p>Change to colors of Leonardo.<\/p>\n...<\/div>\t\t\t\t\t\t\t<div class=\"dg_read_more_wrapper\"><a class=\"read-more\" href=\"https:\/\/leonardo.care\/es\/five-element-colors\" ><span>Read More<\/span><\/a><\/div>\t\t\t\t\t\t\t\t\t\t\t\t\t\t\r\n\t\t\t\t\t\t<\/div>\r\n\t\t\t\t\t<\/div>\r\n\t\t\t\t<\/article>\r\n\t\t\t\t<\/div>\r\n\t\t\t\t\t\t\t<\/div><div class=\"swiper-pagination dg-bc-dots-0\"><\/div>\r\n\t\t\t\t\t\t<\/div>\n\t\t\t\t<\/div>\n\t\t\t<\/div><\/p>\n","protected":false},"author":1,"featured_media":0,"parent":0,"menu_order":18,"comment_status":"closed","ping_status":"closed","template":"page-template-fullwidth.php","meta":{"_et_pb_use_builder":"on","_et_pb_old_content":"","_et_gb_content_width":"","footnotes":""},"class_list":["post-3721","page","type-page","status-publish","hentry"],"_links":{"self":[{"href":"https:\/\/leonardo.care\/es\/wp-json\/wp\/v2\/pages\/3721","targetHints":{"allow":["GET"]}}],"collection":[{"href":"https:\/\/leonardo.care\/es\/wp-json\/wp\/v2\/pages"}],"about":[{"href":"https:\/\/leonardo.care\/es\/wp-json\/wp\/v2\/types\/page"}],"author":[{"embeddable":true,"href":"https:\/\/leonardo.care\/es\/wp-json\/wp\/v2\/users\/1"}],"replies":[{"embeddable":true,"href":"https:\/\/leonardo.care\/es\/wp-json\/wp\/v2\/comments?post=3721"}],"version-history":[{"count":3,"href":"https:\/\/leonardo.care\/es\/wp-json\/wp\/v2\/pages\/3721\/revisions"}],"predecessor-version":[{"id":5073,"href":"https:\/\/leonardo.care\/es\/wp-json\/wp\/v2\/pages\/3721\/revisions\/5073"}],"wp:attachment":[{"href":"https:\/\/leonardo.care\/es\/wp-json\/wp\/v2\/media?parent=3721"}],"curies":[{"name":"wp","href":"https:\/\/api.w.org\/{rel}","templated":true}]}}