{"id":3679,"date":"2020-10-02T06:15:24","date_gmt":"2020-10-02T06:15:24","guid":{"rendered":"https:\/\/leonardo.care\/fonctionnalites"},"modified":"2020-10-03T08:41:53","modified_gmt":"2020-10-03T08:41:53","slug":"fonctionnalites","status":"publish","type":"page","link":"https:\/\/leonardo.care\/fr\/fonctionnalites","title":{"rendered":"Fonctionnalit\u00e9s"},"content":{"rendered":"<p>[et_pb_section fb_built=&#8221;1&#8243; _builder_version=&#8221;3.22&#8243; custom_padding=&#8221;0px|||||&#8221;][et_pb_row _builder_version=&#8221;3.25&#8243; background_size=&#8221;initial&#8221; background_position=&#8221;top_left&#8221; background_repeat=&#8221;repeat&#8221;][et_pb_column type=&#8221;4_4&#8243; _builder_version=&#8221;3.25&#8243; custom_padding=&#8221;|||&#8221; custom_padding__hover=&#8221;|||&#8221;][et_pb_text _builder_version=&#8221;4.5.1&#8243; header_text_color=&#8221;#910004&#8243; header_font_size=&#8221;50px&#8221; background_size=&#8221;initial&#8221; background_position=&#8221;top_left&#8221; background_repeat=&#8221;repeat&#8221; min_height=&#8221;108px&#8221; header_font_size_tablet=&#8221;40px&#8221; header_font_size_phone=&#8221;30px&#8221; header_font_size_last_edited=&#8221;on|phone&#8221;]<\/p>\n<h1 style=\"text-align: center;\">Leonardo \u2013 Fonctionnalit\u00e9s<\/h1>\n<p style=\"text-align: center;\"><strong>Liste de Clients\u2013 Dossier Client \u2013 Calendrier \u2013 Facturation \u2013 T\u00e2ches\u00a0 Modules de texte \u2013 Param\u00e8tres<\/strong><\/p>\n<p>Leonardo est l\u2019application Android pour le priv\u00e9 et les cabinets avec service de paiement automatique dans un large \u00e9ventail de professions. Leonardo stocke les donn\u00e9es de vos clients sur votre appareil \u2013 pas dans un cloud. Il vous faut juste une connexion internet pour la communication par email et si voulez pour envoyer des newsletters.<\/p>\n<p>[\/et_pb_text][\/et_pb_column][\/et_pb_row][et_pb_row _builder_version=&#8221;4.4.2&#8243;][et_pb_column type=&#8221;4_4&#8243; _builder_version=&#8221;4.4.2&#8243;][et_pb_blurb title=&#8221;Liste de Clients&#8221; image=&#8221;https:\/\/leonardo.care\/wp-content\/uploads\/2020\/04\/ClientsList.png&#8221; icon_placement=&#8221;left&#8221; _builder_version=&#8221;4.4.2&#8243; border_width_all=&#8221;0px&#8221; border_color_all=&#8221;#000000&#8243; border_width_bottom=&#8221;1px&#8221; border_color_bottom=&#8221;#dbdbdb&#8221;]<\/p>\n<ul>\n<li>Liste des Clients<\/li>\n<li>G\u00e9rer et envoyer des Newsletters (trois groupes, chacun avec 500 destinaires)<\/li>\n<\/ul>\n<p>[\/et_pb_blurb][et_pb_blurb title=&#8221;Dossier Client&#8221; image=&#8221;https:\/\/leonardo.care\/wp-content\/uploads\/2020\/04\/ClientsRecord.png&#8221; icon_placement=&#8221;left&#8221; _builder_version=&#8221;4.4.2&#8243; animation_style=&#8221;fade&#8221; border_width_bottom=&#8221;1px&#8221; border_color_bottom=&#8221;#dbdbdb&#8221;]<\/p>\n<ul>\n<li>Aper\u00e7u des rendez-vous avec Facturation<\/li>\n<li>Nombreuses Fonctionnalit\u00e9s de Documentation : texte, image, vid\u00e9o, son, parole en texte, pi\u00e8ce jointe en format pdf<\/li>\n<li>G\u00e9rer les diagnostics<\/li>\n<li>Lettres and emails<\/li>\n<li>Gestion des Adresses<\/li>\n<li>Facturation Automatique des rendez-vous<\/li>\n<\/ul>\n<p>[\/et_pb_blurb][et_pb_blurb title=&#8221;Calendrier&#8221; image=&#8221;https:\/\/leonardo.care\/wp-content\/uploads\/2020\/04\/Calendar.png&#8221; icon_placement=&#8221;left&#8221; _builder_version=&#8221;4.4.2&#8243; animation_style=&#8221;fade&#8221; border_width_bottom=&#8221;1px&#8221; border_color_bottom=&#8221;#dbdbdb&#8221;]<\/p>\n<ul>\n<li>Jour, 5-Jours, 7-Jours, Mois, Ann\u00e9e<\/li>\n<li>Assistant de Rendez-vous &amp; de Facturation<\/li>\n<li>Rendez-vous individuels et de groupe avec facturation<\/li>\n<\/ul>\n<p>[\/et_pb_blurb][et_pb_blurb title=&#8221;Facturation&#8221; image=&#8221;https:\/\/leonardo.care\/wp-content\/uploads\/2020\/04\/Billing.png&#8221; icon_placement=&#8221;left&#8221; _builder_version=&#8221;4.4.2&#8243; animation_style=&#8221;fade&#8221; border_width_bottom=&#8221;1px&#8221; border_color_bottom=&#8221;#dbdbdb&#8221;]<\/p>\n<ul>\n<li>Factures en un clic<\/li>\n<li>Cr\u00e9er des Factures, Factures \u00e9chues, Factures Pay\u00e9es<\/li>\n<li>Relance de paiement<\/li>\n<li>Facture d\u2019annulation<\/li>\n<li>Imprimer des factures<\/li>\n<li>Factures par e-mail<\/li>\n<\/ul>\n<p>[\/et_pb_blurb][et_pb_blurb title=&#8221;T\u00e2ches&#8221; image=&#8221;https:\/\/leonardo.care\/wp-content\/uploads\/2020\/04\/Tasks.png&#8221; icon_placement=&#8221;left&#8221; _builder_version=&#8221;4.4.2&#8243; animation_style=&#8221;fade&#8221; scroll_vertical_motion_enable=&#8221;off&#8221; border_width_bottom=&#8221;1px&#8221; border_color_bottom=&#8221;#dbdbdb&#8221;]<\/p>\n<ul>\n<li>Gestion des T\u00e2ches<\/li>\n<li>Supprimer t\u00e2ches effectu\u00e9es automatiquement<\/li>\n<\/ul>\n<p>[\/et_pb_blurb][et_pb_blurb title=&#8221;Modules de Texte&#8221; image=&#8221;https:\/\/leonardo.care\/wp-content\/uploads\/2020\/04\/Textmodules.png&#8221; icon_placement=&#8221;left&#8221; _builder_version=&#8221;4.6.5&#8243; animation_style=&#8221;fade&#8221; border_width_bottom=&#8221;1px&#8221; border_color_bottom=&#8221;#dbdbdb&#8221;]<\/p>\n<ul>\n<li>G\u00e9rer les Proc\u00e9dures and Produits<\/li>\n<li>Fragments de texte pour documentation, lettres, and mails (\u00e9crire une fois et toujours disponible)<\/li>\n<li>G\u00e9rer les Diagnostics<\/li>\n<li>Mod\u00e8les pour Factures, Relances, Lettres, Emails<\/li>\n<\/ul>\n<p>[\/et_pb_blurb][et_pb_blurb title=&#8221;Param\u00e8tres&#8221; image=&#8221;https:\/\/leonardo.care\/wp-content\/uploads\/2020\/04\/Settings.png&#8221; icon_placement=&#8221;left&#8221; _builder_version=&#8221;4.4.2&#8243; animation_style=&#8221;fade&#8221; border_width_bottom=&#8221;1px&#8221; border_color_bottom=&#8221;#dbdbdb&#8221;]<\/p>\n<ul>\n<li>Param\u00e8tres pour Langues, Lay-out, Factures, Calendrier, T\u00e2ches<\/li>\n<li>Importer des Proc\u00e9dures, Products<\/li>\n<li>Importer des Clients<\/li>\n<li>Consultation Fiscale Export<\/li>\n<li>Sauvegarde<\/li>\n<li>Assistance<\/li>\n<\/ul>\n<p>[\/et_pb_blurb][\/et_pb_column][\/et_pb_row][\/et_pb_section]<\/p>\n","protected":false},"excerpt":{"rendered":"<p>Leonardo \u2013 Fonctionnalit\u00e9s Liste de Clients\u2013 Dossier Client \u2013 Calendrier \u2013 Facturation \u2013 T\u00e2ches\u00a0 Modules de texte \u2013 Param\u00e8tres Leonardo est l\u2019application Android pour le priv\u00e9 et les cabinets avec service de paiement automatique dans un large \u00e9ventail de professions. Leonardo stocke les donn\u00e9es de vos clients sur votre appareil \u2013 pas dans un cloud. [&hellip;]<\/p>\n","protected":false},"author":1,"featured_media":0,"parent":0,"menu_order":15,"comment_status":"closed","ping_status":"closed","template":"page-template-fullwidth.php","meta":{"_et_pb_use_builder":"on","_et_pb_old_content":"","_et_gb_content_width":"","footnotes":""},"class_list":["post-3679","page","type-page","status-publish","hentry"],"_links":{"self":[{"href":"https:\/\/leonardo.care\/fr\/wp-json\/wp\/v2\/pages\/3679","targetHints":{"allow":["GET"]}}],"collection":[{"href":"https:\/\/leonardo.care\/fr\/wp-json\/wp\/v2\/pages"}],"about":[{"href":"https:\/\/leonardo.care\/fr\/wp-json\/wp\/v2\/types\/page"}],"author":[{"embeddable":true,"href":"https:\/\/leonardo.care\/fr\/wp-json\/wp\/v2\/users\/1"}],"replies":[{"embeddable":true,"href":"https:\/\/leonardo.care\/fr\/wp-json\/wp\/v2\/comments?post=3679"}],"version-history":[{"count":6,"href":"https:\/\/leonardo.care\/fr\/wp-json\/wp\/v2\/pages\/3679\/revisions"}],"predecessor-version":[{"id":4016,"href":"https:\/\/leonardo.care\/fr\/wp-json\/wp\/v2\/pages\/3679\/revisions\/4016"}],"wp:attachment":[{"href":"https:\/\/leonardo.care\/fr\/wp-json\/wp\/v2\/media?parent=3679"}],"curies":[{"name":"wp","href":"https:\/\/api.w.org\/{rel}","templated":true}]}}