{"id":3698,"date":"2019-01-16T06:55:31","date_gmt":"2019-01-16T06:55:31","guid":{"rendered":"https:\/\/leonardo.care\/about-us"},"modified":"2020-10-02T06:45:33","modified_gmt":"2020-10-02T06:45:33","slug":"about-us","status":"publish","type":"page","link":"https:\/\/leonardo.care\/fr\/about-us","title":{"rendered":"\u00c0 propos de nous"},"content":{"rendered":"<p>[et_pb_section fb_built=&#8221;1&#8243; _builder_version=&#8221;3.22&#8243; background_image=&#8221;https:\/\/leonardo.care\/wp-content\/uploads\/2019\/01\/Neuhoefe-1.png&#8221; parallax=&#8221;on&#8221;][et_pb_row column_structure=&#8221;1_2,1_2&#8243; _builder_version=&#8221;3.25&#8243; background_color=&#8221;rgba(255,255,255,0.55)&#8221; background_size=&#8221;initial&#8221; background_position=&#8221;top_left&#8221; background_repeat=&#8221;repeat&#8221; custom_padding=&#8221;33px|33px|33px|33px|true|true&#8221;][et_pb_column type=&#8221;1_2&#8243; _builder_version=&#8221;3.25&#8243; custom_padding=&#8221;|||&#8221; custom_padding__hover=&#8221;|||&#8221;][et_pb_image src=&#8221;https:\/\/leonardo.care\/wp-content\/uploads\/2019\/01\/JB_18.jpg&#8221; align=&#8221;center&#8221; align_tablet=&#8221;center&#8221; align_phone=&#8221;&#8221; align_last_edited=&#8221;on|desktop&#8221; _builder_version=&#8221;3.28&#8243; width=&#8221;100%&#8221; max_width=&#8221;57%&#8221; height_tablet=&#8221;141px&#8221; height_phone=&#8221;100px&#8221; height_last_edited=&#8221;on|phone&#8221; filter_saturate=&#8221;104%&#8221; filter_brightness=&#8221;117%&#8221; filter_opacity=&#8221;64%&#8221; border_radii=&#8221;on|20px|20px|20px|20px&#8221;][\/et_pb_image][\/et_pb_column][et_pb_column type=&#8221;1_2&#8243; _builder_version=&#8221;3.25&#8243; custom_padding=&#8221;|||&#8221; custom_padding__hover=&#8221;|||&#8221;][et_pb_text _builder_version=&#8221;4.6.5&#8243;]<\/p>\n<h1>Juergen Bschaden<\/h1>\n<p><strong>PDG et auteur<\/strong><\/p>\n<p>Ici &#8211; \u00e0 80 km au nord de Francfort-sur-le-Main &#8211; dans une ferme vieille de 200 ans, les chevaux courent toujours dans les rues, les cerfs broutent en vue et on peut m\u00eame apercevoir un sanglier. Ici, nous vivons et travaillons.<\/p>\n<p>D\u00e9j\u00e0 au d\u00e9but de ma carri\u00e8re professionnelle, j&#8217;ai d\u00fb traiter des maladies complexes. \u00c0 cette \u00e9poque, j&#8217;ai cherch\u00e9 \u00e0 plusieurs reprises dans des atlas d&#8217;acupuncture des points d&#8217;acupuncture pour aider mes patients. Comme c&#8217;\u00e9tait un temps pr\u00e9cieux que je perdais ailleurs, j&#8217;ai commenc\u00e9 \u00e0 recueillir des informations sur les points d&#8217;acupuncture et \u00e0 les g\u00e9rer dans une base de donn\u00e9es.<\/p>\n<p>[\/et_pb_text][\/et_pb_column][\/et_pb_row][et_pb_row _builder_version=&#8221;3.25&#8243; custom_padding=&#8221;0|0px|0|0px|false|false&#8221;][et_pb_column type=&#8221;4_4&#8243; _builder_version=&#8221;3.25&#8243; custom_padding=&#8221;|||&#8221; custom_padding__hover=&#8221;|||&#8221;][\/et_pb_column][\/et_pb_row][et_pb_row _builder_version=&#8221;3.25&#8243; background_color=&#8221;rgba(255,255,255,0.84)&#8221; background_size=&#8221;initial&#8221; background_position=&#8221;top_left&#8221; background_repeat=&#8221;repeat&#8221; custom_margin=&#8221;||10px&#8221; custom_padding=&#8221;0|33px|0|33px|true|true&#8221;][et_pb_column type=&#8221;4_4&#8243; _builder_version=&#8221;3.25&#8243; custom_padding=&#8221;0px|||&#8221; custom_padding__hover=&#8221;|||&#8221;][et_pb_text _builder_version=&#8221;4.6.5&#8243;]<\/p>\n<p style=\"text-align: center;\"><strong>Leonardo &#8211; Gestion de la pratique<\/strong><br \/>Pour tous ceux qui travaillent avec les gens<br \/><a href=\"https:\/\/www.leonardo.care\">www.leonardo.care<\/a><\/p>\n<p style=\"text-align: center;\">[\/et_pb_text][\/et_pb_column][\/et_pb_row][et_pb_row _builder_version=&#8221;3.25&#8243; background_color=&#8221;rgba(255,255,255,0.83)&#8221; background_size=&#8221;initial&#8221; background_position=&#8221;top_left&#8221; background_repeat=&#8221;repeat&#8221; custom_margin=&#8221;||10px&#8221; custom_padding=&#8221;5px|33px|5px|33px|true|false&#8221;][et_pb_column type=&#8221;4_4&#8243; _builder_version=&#8221;3.25&#8243; custom_padding=&#8221;0px|||&#8221; custom_padding__hover=&#8221;|||&#8221;][et_pb_text _builder_version=&#8221;4.6.5&#8243;]<\/p>\n<h1 style=\"text-align: center;\">Mentions l\u00e9gales<\/h1>\n<p style=\"text-align: center;\">Juergen Bschaden<br \/>Carl-Orff-Weg 4<br \/>Marburg, 35043<br \/>Allemagne<\/p>\n<p style=\"text-align: center;\">Courrier \u00e9lectronique:<br \/>J.Bschaden@shenprofessional.com<\/p>\n<p style=\"text-align: center;\">T\u00e9l\u00e9phone :<br \/>+491627930889<\/p>\n<p style=\"text-align: center;\">ID TVA :<br \/>060500EN206498876<\/p>\n<p>[\/et_pb_text][\/et_pb_column][\/et_pb_row][\/et_pb_section][et_pb_section fb_built=&#8221;1&#8243; _builder_version=&#8221;3.22&#8243;][et_pb_row _builder_version=&#8221;4.6.5&#8243; _module_preset=&#8221;default&#8221;][et_pb_column type=&#8221;4_4&#8243; _builder_version=&#8221;4.6.5&#8243; _module_preset=&#8221;default&#8221;][et_pb_text _builder_version=&#8221;4.6.5&#8243; _module_preset=&#8221;default&#8221; hover_enabled=&#8221;0&#8243; sticky_enabled=&#8221;0&#8243;]<\/p>\n<h1>Le voyage de ma vie :<\/h1>\n<p>2020<\/p>\n<p>Leonardo pour Android est sorti. Nous avons ajout\u00e9 8 langues.<br \/>Ajout du diagnostic de la langue \u00e0 la shen-acupuncture.<\/p>\n<p>&nbsp;<\/p>\n<p>2019<\/p>\n<p>Ajout du russe et de l&#8217;italien \u00e0 la shen-acupuncture<\/p>\n<p>&nbsp;<\/p>\n<p>2018<\/p>\n<p>L&#8217;application d&#8217;acupuncture Shen est disponible (pour Android et iOS).<\/p>\n<p>&nbsp;<\/p>\n<p>2017<\/p>\n<p>Le Shen-Atlas d&#8217;acupuncture (livre \u00e9lectronique de 1000 pages) para\u00eet en sept langues<br \/>Fondations de la MTC est publi\u00e9 en quatre langues<br \/>La gyn\u00e9cologie chinoise est publi\u00e9e en quatre langues<\/p>\n<p>&nbsp;<\/p>\n<p>2016<\/p>\n<p>L&#8217;Atlas d&#8217;acupuncture Shen-Atlas est publi\u00e9 sous forme de livre \u00e9lectronique sp\u00e9cialement con\u00e7u pour les smartphones et les tablettes.<\/p>\n<p>&nbsp;<\/p>\n<p>2015<\/p>\n<p>Sortie de ShenProfessional 3.1 (allemand, anglais, espagnol, portugais et chinois).<\/p>\n<p>&nbsp;<\/p>\n<p>2006-2015<\/p>\n<p>Traduction du Shen-Atlas d&#8217;acupuncture en anglais, chinois, russe, espagnol, portugais, italien.<\/p>\n<p>&nbsp;<\/p>\n<p>2011<\/p>\n<p>Sortie de ShenProfessional 3.0.<\/p>\n<p>&nbsp;<\/p>\n<p>2007<\/p>\n<p>Premier texte pratique sur les navires extraordinaires.<\/p>\n<p>&nbsp;<\/p>\n<p>2005<\/p>\n<p>Ma fille Hannah est n\u00e9e !<\/p>\n<p>&nbsp;<\/p>\n<p>2004<\/p>\n<p>ShenProfessional 2.0 \u00e9galement publi\u00e9 par Springer-Verlag.<\/p>\n<p>&nbsp;<\/p>\n<p>2002<\/p>\n<p>Diagnostic de la langue chinoise publi\u00e9 dans ShenProfessional.<\/p>\n<p>&nbsp;<\/p>\n<p>2001<\/p>\n<p>Publication du Shen-Atlas d&#8217;acupuncture \u00e0 Springer House.<\/p>\n<p>&nbsp;<\/p>\n<p>2000<\/p>\n<p>Sortie de ShenProfessional 1.0.<\/p>\n<p>1999<\/p>\n<p>La r\u00e9vision des textes relatifs aux points d&#8217;acupuncture est termin\u00e9e.<br \/>Publication de la gyn\u00e9cologie chinoise dans ShenProfessional.<\/p>\n<p>&nbsp;<\/p>\n<p>1997-2001<\/p>\n<p>Cr\u00e9ation du catalogue des sympt\u00f4mes et des diagnostics avec plus de 4000 entr\u00e9es. Des recherches documentaires de plus de 10 000 pages ont \u00e9t\u00e9 n\u00e9cessaires.<\/p>\n<p>&nbsp;<\/p>\n<p>1998<\/p>\n<p>Acquisition des mod\u00e8les d&#8217;anatomie, en quatre niveaux, pour les tableaux d&#8217;acupuncture. Chaque point d&#8217;acupuncture a \u00e9t\u00e9 dessin\u00e9 individuellement dans un syst\u00e8me de coordonn\u00e9es au sein d&#8217;une base de donn\u00e9es. Gr\u00e2ce \u00e0 cette m\u00e9thode, les tableaux d&#8217;acupuncture dans ShenProfessional sont devenus interactifs.<\/p>\n<p>&nbsp;<\/p>\n<p>1997-1998<\/p>\n<p>J&#8217;ai cr\u00e9\u00e9 les bases de la m\u00e9decine traditionnelle chinoise &#8211; pour mes cours en Suisse.<\/p>\n<p>&nbsp;<\/p>\n<p>1998<\/p>\n<p>D\u00e9but de l&#8217;enseignement de la MTC en Suisse.<\/p>\n<p>&nbsp;<\/p>\n<p>1993<\/p>\n<p>J&#8217;ai cr\u00e9\u00e9 mes propres textes de points d&#8217;acupuncture.<br \/>J&#8217;ai ouvert un cabinet ax\u00e9 sur l&#8217;acupression et la m\u00e9decine traditionnelle chinoise<\/p>\n<p>&nbsp;<\/p>\n<p>[\/et_pb_text][\/et_pb_column][\/et_pb_row][\/et_pb_section]<\/p>\n","protected":false},"excerpt":{"rendered":"<p>Juergen Bschaden PDG et auteur Ici &#8211; \u00e0 80 km au nord de Francfort-sur-le-Main &#8211; dans une ferme vieille de 200 ans, les chevaux courent toujours dans les rues, les cerfs broutent en vue et on peut m\u00eame apercevoir un sanglier. Ici, nous vivons et travaillons. D\u00e9j\u00e0 au d\u00e9but de ma carri\u00e8re professionnelle, j&#8217;ai d\u00fb [&hellip;]<\/p>\n","protected":false},"author":1,"featured_media":0,"parent":0,"menu_order":18,"comment_status":"closed","ping_status":"closed","template":"page-template-fullwidth.php","meta":{"_et_pb_use_builder":"on","_et_pb_old_content":"","_et_gb_content_width":"","footnotes":""},"class_list":["post-3698","page","type-page","status-publish","hentry"],"_links":{"self":[{"href":"https:\/\/leonardo.care\/fr\/wp-json\/wp\/v2\/pages\/3698","targetHints":{"allow":["GET"]}}],"collection":[{"href":"https:\/\/leonardo.care\/fr\/wp-json\/wp\/v2\/pages"}],"about":[{"href":"https:\/\/leonardo.care\/fr\/wp-json\/wp\/v2\/types\/page"}],"author":[{"embeddable":true,"href":"https:\/\/leonardo.care\/fr\/wp-json\/wp\/v2\/users\/1"}],"replies":[{"embeddable":true,"href":"https:\/\/leonardo.care\/fr\/wp-json\/wp\/v2\/comments?post=3698"}],"version-history":[{"count":7,"href":"https:\/\/leonardo.care\/fr\/wp-json\/wp\/v2\/pages\/3698\/revisions"}],"predecessor-version":[{"id":3716,"href":"https:\/\/leonardo.care\/fr\/wp-json\/wp\/v2\/pages\/3698\/revisions\/3716"}],"wp:attachment":[{"href":"https:\/\/leonardo.care\/fr\/wp-json\/wp\/v2\/media?parent=3698"}],"curies":[{"name":"wp","href":"https:\/\/api.w.org\/{rel}","templated":true}]}}