{"id":3724,"date":"2020-10-02T09:27:08","date_gmt":"2020-10-02T09:27:08","guid":{"rendered":"https:\/\/leonardo.care\/prix"},"modified":"2021-02-18T07:39:33","modified_gmt":"2021-02-18T07:39:33","slug":"prix","status":"publish","type":"page","link":"https:\/\/leonardo.care\/fr\/prix","title":{"rendered":"Prix"},"content":{"rendered":"<p>[et_pb_section fb_built=&#8221;1&#8243; _builder_version=&#8221;3.29.3&#8243; min_height=&#8221;678px&#8221; custom_padding=&#8221;0px||0px|||&#8221;][et_pb_row _builder_version=&#8221;3.29.3&#8243; min_height=&#8221;695px&#8221; custom_padding=&#8221;||0px|||&#8221;][et_pb_column type=&#8221;4_4&#8243; _builder_version=&#8221;3.29.3&#8243;][et_pb_text content_last_edited=&#8221;off|tablet&#8221; _builder_version=&#8221;4.4.7&#8243; header_font_size=&#8221;50px&#8221; custom_padding=&#8221;0px|||||&#8221; header_font_tablet=&#8221;&#8221; header_font_phone=&#8221;&#8221; header_font_last_edited=&#8221;on|phone&#8221; header_font_size_tablet=&#8221;&#8221; header_font_size_phone=&#8221;30px&#8221; header_font_size_last_edited=&#8221;on|phone&#8221;]<\/p>\n<h1 style=\"text-align: center;\">Leonardo-Prix<\/h1>\n<p style=\"text-align: center;\">Le plan Leonardo Starter est gratuit pour tous. Aucune inscription n&#8217;est n\u00e9cessaire. Il suffit de le t\u00e9l\u00e9charger et de le lancer.<\/p>\n<p style=\"text-align: center;\">\u00a0ATTENTION : Leonardo n&#8217;est pas con\u00e7u pour facturer directement les compagnies d&#8217;assurance maladie.<\/p>\n<p>[\/et_pb_text][et_pb_pricing_tables featured_table_background_color=&#8221;#FFFFFF&#8221; featured_table_header_text_color=&#8221;#FFFFFF&#8221; featured_table_bullet_color=&#8221;#0C71C3&#8243; bullet_color=&#8221;#0C71C3&#8243; _builder_version=&#8221;4.9.0&#8243; price_text_color=&#8221;#0C71C3&#8243; body_font=&#8221;|||||on|||&#8221; body_line_height=&#8221;1.2em&#8221; price_font_size=&#8221;66px&#8221; hover_enabled=&#8221;0&#8243; price_text_shadow_style=&#8221;preset1&#8243; border_color_all=&#8221;#e8e8e8&#8243; border_color_top_price=&#8221;#0959a3&#8243; sticky_enabled=&#8221;0&#8243;][et_pb_pricing_table title=&#8221;Starter&#8221; subtitle=&#8221;10 Clients&#8221; currency=&#8221;\u20ac&#8221; per=&#8221;Mois&#8221; sum=&#8221;0&#8243; bullet_color=&#8221;#0C71C3&#8243; header_background_color=&#8221;#0C71C3&#8243; _builder_version=&#8221;4.6.5&#8243; price_text_color=&#8221;#0C71C3&#8243; box_shadow_style=&#8221;preset3&#8243; sticky_transition=&#8221;on&#8221;]<\/p>\n<p>10 clients<\/p>\n<p>Nombre illimit\u00e9 de factures<\/p>\n<p>TOUTES les fonctionnalit\u00e9s<\/p>\n<p>Gratuit<\/p>\n<p>[\/et_pb_pricing_table][et_pb_pricing_table featured=&#8221;on&#8221; title=&#8221;Pro&#8221; subtitle=&#8221;50 Clients&#8221; currency=&#8221;\u20ac&#8221; per=&#8221;Mois&#8221; sum=&#8221;3,95&#8243; bullet_color=&#8221;#63a31b&#8221; header_background_color=&#8221;#63a31b&#8221; _builder_version=&#8221;4.9.0&#8243; price_text_color=&#8221;#63a31b&#8221; hover_enabled=&#8221;0&#8243; box_shadow_style=&#8221;preset3&#8243; sticky_transition=&#8221;on&#8221; sticky_enabled=&#8221;0&#8243;]<\/p>\n<p>50 clients<\/p>\n<p>Nombre illimit\u00e9 de factures<\/p>\n<p>TOUTES les fonctionnalit\u00e9s<\/p>\n<p>3,95 \u20ac\/mois ou 30 \u20ac\/an<\/p>\n<p>[\/et_pb_pricing_table][et_pb_pricing_table title=&#8221;Illimit\u00e9&#8221; subtitle=&#8221;Clients illimit\u00e9s&#8221; currency=&#8221;\u20ac&#8221; per=&#8221;Mois&#8221; sum=&#8221;8,95&#8243; bullet_color=&#8221;#c91c1c&#8221; header_background_color=&#8221;#bc1a1a&#8221; _builder_version=&#8221;4.9.0&#8243; price_text_color=&#8221;#bc1a1a&#8221; hover_enabled=&#8221;0&#8243; box_shadow_style=&#8221;preset3&#8243; sticky_transition=&#8221;on&#8221; sticky_enabled=&#8221;0&#8243;]<\/p>\n<p>Nombre de clients illimit\u00e9<\/p>\n<p>Nombre illimit\u00e9 de factures<\/p>\n<p>TOUTES les fonctionnalit\u00e9s<\/p>\n<p>8,95 \u20ac\/mois ou 80 \u20ac\/an<\/p>\n<p>[\/et_pb_pricing_table][\/et_pb_pricing_tables][\/et_pb_column][\/et_pb_row][\/et_pb_section]<\/p>\n","protected":false},"excerpt":{"rendered":"<p>Leonardo-Prix Le plan Leonardo Starter est gratuit pour tous. Aucune inscription n&#8217;est n\u00e9cessaire. Il suffit de le t\u00e9l\u00e9charger et de le lancer. \u00a0ATTENTION : Leonardo n&#8217;est pas con\u00e7u pour facturer directement les compagnies d&#8217;assurance maladie.10 clients Nombre illimit\u00e9 de factures TOUTES les fonctionnalit\u00e9s Gratuit50 clients Nombre illimit\u00e9 de factures TOUTES les fonctionnalit\u00e9s 3,95 \u20ac\/mois ou [&hellip;]<\/p>\n","protected":false},"author":1,"featured_media":0,"parent":0,"menu_order":13,"comment_status":"closed","ping_status":"closed","template":"page-template-fullwidth.php","meta":{"_et_pb_use_builder":"on","_et_pb_old_content":"","_et_gb_content_width":"","footnotes":""},"class_list":["post-3724","page","type-page","status-publish","hentry"],"_links":{"self":[{"href":"https:\/\/leonardo.care\/fr\/wp-json\/wp\/v2\/pages\/3724","targetHints":{"allow":["GET"]}}],"collection":[{"href":"https:\/\/leonardo.care\/fr\/wp-json\/wp\/v2\/pages"}],"about":[{"href":"https:\/\/leonardo.care\/fr\/wp-json\/wp\/v2\/types\/page"}],"author":[{"embeddable":true,"href":"https:\/\/leonardo.care\/fr\/wp-json\/wp\/v2\/users\/1"}],"replies":[{"embeddable":true,"href":"https:\/\/leonardo.care\/fr\/wp-json\/wp\/v2\/comments?post=3724"}],"version-history":[{"count":7,"href":"https:\/\/leonardo.care\/fr\/wp-json\/wp\/v2\/pages\/3724\/revisions"}],"predecessor-version":[{"id":5332,"href":"https:\/\/leonardo.care\/fr\/wp-json\/wp\/v2\/pages\/3724\/revisions\/5332"}],"wp:attachment":[{"href":"https:\/\/leonardo.care\/fr\/wp-json\/wp\/v2\/media?parent=3724"}],"curies":[{"name":"wp","href":"https:\/\/api.w.org\/{rel}","templated":true}]}}