{"id":3733,"date":"2020-10-02T09:35:44","date_gmt":"2020-10-02T09:35:44","guid":{"rendered":"https:\/\/leonardo.care\/politique-de-confidentialite"},"modified":"2020-10-02T09:35:44","modified_gmt":"2020-10-02T09:35:44","slug":"politique-de-confidentialite","status":"publish","type":"page","link":"https:\/\/leonardo.care\/fr\/politique-de-confidentialite","title":{"rendered":"Politique de confidentialit\u00e9"},"content":{"rendered":"<p>[et_pb_section fb_built=&#8221;1&#8243; _builder_version=&#8221;3.22&#8243;][et_pb_row _builder_version=&#8221;3.25&#8243; background_size=&#8221;initial&#8221; background_position=&#8221;top_left&#8221; background_repeat=&#8221;repeat&#8221;][et_pb_column type=&#8221;4_4&#8243; _builder_version=&#8221;3.25&#8243; custom_padding=&#8221;|||&#8221; custom_padding__hover=&#8221;|||&#8221;][et_pb_text _builder_version=&#8221;4.4.7&#8243; background_size=&#8221;initial&#8221; background_position=&#8221;top_left&#8221; background_repeat=&#8221;repeat&#8221; hover_enabled=&#8221;0&#8243;]<\/p>\n<h1>Politique de confidentialit\u00e9<\/h1>\n<p>Nous ne voulons pas utiliser vos donn\u00e9es sans votre consentement, ni vous montrer de la publicit\u00e9 non d\u00e9sir\u00e9e ou suivre votre chemin sur nos pages.<\/p>\n<p>C&#8217;est pourquoi nous n&#8217;utilisons pas Google Analytics, ni d&#8217;autres services pour analyser le comportement de vos visiteurs.<br \/>Nous ne vous demandons pas non plus votre nom. Si vous souhaitez nous contacter, il vous suffit de nous communiquer votre adresse \u00e9lectronique.<\/p>\n<p>Vous n&#8217;avez pas non plus besoin d&#8217;un contrat de traitement des donn\u00e9es) lorsque vous utilisez Leonardo. Les donn\u00e9es relatives aux clients que vous avez saisies dans Leonardo sont stock\u00e9es dans votre syst\u00e8me et ne sont trait\u00e9es que par vous. Si vous pr\u00e9f\u00e9rez que les donn\u00e9es de vos patients soient stock\u00e9es dans le nuage, vous vous trompez. Les donn\u00e9es des patients dans le nuage n\u00e9cessitent toujours un contrat de traitement des donn\u00e9es &#8211; mais cela ne vous d\u00e9gage pas de votre responsabilit\u00e9.<\/p>\n<p>&nbsp;<\/p>\n<p>Utilisons-nous des &#8220;cookies&#8221; ?<\/p>\n<p>Nous utilisons des cookies pour d\u00e9terminer la langue de votre navigateur et pour vous fournir la langue correcte.<\/p>\n<p>&nbsp;<\/p>\n<p>Leonardo &#8211; Application de gestion de cabinet<\/p>\n<p>Avec Leonardo, vous pouvez documenter votre travail sur le patient. Il y a plusieurs fa\u00e7ons de le faire. Vous pouvez \u00e9crire vos textes, mais gr\u00e2ce \u00e0 la fonction &#8220;speech-to-text&#8221;, vous pouvez faire \u00e9crire vos textes par votre voix. Pour ce faire, Leonardo App doit avoir acc\u00e8s \u00e0 votre microphone.<br \/>Vous pouvez \u00e9galement t\u00e9l\u00e9charger des photos ou des vid\u00e9os de votre travail, par exemple l&#8217;analyse de la d\u00e9marche, les enregistrer et les sauvegarder directement dans le dossier du patient. Pour ce faire, Leonardo App doit avoir acc\u00e8s \u00e0 votre cam\u00e9ra.<\/p>\n<p>&nbsp;<\/p>\n<p>Bulletin d&#8217;information<\/p>\n<p>Nous proposons un bulletin d&#8217;information sur notre page web. Ce bulletin d&#8217;information vous informe des nouvelles versions et autres nouvelles concernant Leonardo. Elle ne para\u00eet pas r\u00e9guli\u00e8rement. Vous ne recevrez le bulletin d&#8217;information que si vous vous \u00eates inscrit pour le recevoir. Pour ce faire, il suffit de fournir une adresse \u00e9lectronique valide.<br \/>Afin de v\u00e9rifier que vous souhaitez r\u00e9ellement vous inscrire, nous utilisons la proc\u00e9dure de &#8220;double opt-in&#8221;. Notre syst\u00e8me vous enverra un courriel avec un lien de confirmation. Vous ne recevrez la lettre d&#8217;information que si vous nous envoyez le lien de confirmation.<\/p>\n<p>Cela emp\u00eache les tiers de saisir votre adresse \u00e9lectronique sans votre demande. Votre adresse \u00e9lectronique ne sera utilis\u00e9e que pour l&#8217;envoi de la lettre d&#8217;information et ne sera pas transmise \u00e0 des tiers. Vous pouvez r\u00e9voquer \u00e0 tout moment avec effet futur votre consentement \u00e0 l&#8217;enregistrement de votre adresse \u00e9lectronique et \u00e0 son utilisation pour l&#8217;envoi de la lettre d&#8217;information. Chaque bulletin d&#8217;information contient un lien correspondant. Vous pouvez \u00e9galement nous informer de votre r\u00e9vocation en utilisant l&#8217;option de contact \u00e0 la fin de la pr\u00e9sente notice sur la protection des donn\u00e9es.<\/p>\n<p>&nbsp;<\/p>\n<p>Formulaire de contact<\/p>\n<p>En mettant \u00e0 votre disposition le formulaire de contact, nous souhaitons vous faciliter la t\u00e2che pour nous contacter. Les informations que vous nous fournissez seront conserv\u00e9es pour le traitement de la demande et pour d&#8217;\u00e9ventuelles questions de suivi. Il vous suffit de fournir une adresse \u00e9lectronique valide. Celle-ci est utilis\u00e9e pour attribuer la demande et ensuite y r\u00e9pondre. L&#8217;indication d&#8217;autres donn\u00e9es est facultative.<\/p>\n<p>&nbsp;<\/p>\n<p>Utilisation de Google Analytics<\/p>\n<p>Nous n&#8217;utilisons pas Google Analytics.<\/p>\n<p>&nbsp;<\/p>\n<p>Modifications de notre politique de confidentialit\u00e9<\/p>\n<p>Nous nous r\u00e9servons le droit d&#8217;adapter occasionnellement la pr\u00e9sente d\u00e9claration de protection des donn\u00e9es afin qu&#8217;elle soit toujours conforme aux exigences l\u00e9gales en vigueur ou de mettre en \u0153uvre des modifications de nos services dans la d\u00e9claration de protection des donn\u00e9es, par exemple B. lors de l&#8217;introduction de nouveaux services. La nouvelle d\u00e9claration de protection des donn\u00e9es s&#8217;applique alors \u00e0 votre prochaine visite.<\/p>\n<p>&nbsp;<\/p>\n<p>L&#8217;organe responsable en termes de l\u00e9gislation sur la protection des donn\u00e9es est :<\/p>\n<p>Juergen Bschaden<br \/>Neuhoefe 4<br \/>Marburg, 35043<br \/>Allemagne<br \/>j.bschaden@leonardo.care<\/p>\n<p>&nbsp;<\/p>\n<p>[\/et_pb_text][\/et_pb_column][\/et_pb_row][\/et_pb_section]<\/p>\n","protected":false},"excerpt":{"rendered":"<p>Politique de confidentialit\u00e9 Nous ne voulons pas utiliser vos donn\u00e9es sans votre consentement, ni vous montrer de la publicit\u00e9 non d\u00e9sir\u00e9e ou suivre votre chemin sur nos pages. C&#8217;est pourquoi nous n&#8217;utilisons pas Google Analytics, ni d&#8217;autres services pour analyser le comportement de vos visiteurs.Nous ne vous demandons pas non plus votre nom. Si vous [&hellip;]<\/p>\n","protected":false},"author":1,"featured_media":0,"parent":0,"menu_order":18,"comment_status":"closed","ping_status":"closed","template":"page-template-fullwidth.php","meta":{"_et_pb_use_builder":"on","_et_pb_old_content":"","_et_gb_content_width":"","footnotes":""},"class_list":["post-3733","page","type-page","status-publish","hentry"],"_links":{"self":[{"href":"https:\/\/leonardo.care\/fr\/wp-json\/wp\/v2\/pages\/3733","targetHints":{"allow":["GET"]}}],"collection":[{"href":"https:\/\/leonardo.care\/fr\/wp-json\/wp\/v2\/pages"}],"about":[{"href":"https:\/\/leonardo.care\/fr\/wp-json\/wp\/v2\/types\/page"}],"author":[{"embeddable":true,"href":"https:\/\/leonardo.care\/fr\/wp-json\/wp\/v2\/users\/1"}],"replies":[{"embeddable":true,"href":"https:\/\/leonardo.care\/fr\/wp-json\/wp\/v2\/comments?post=3733"}],"version-history":[{"count":2,"href":"https:\/\/leonardo.care\/fr\/wp-json\/wp\/v2\/pages\/3733\/revisions"}],"predecessor-version":[{"id":3735,"href":"https:\/\/leonardo.care\/fr\/wp-json\/wp\/v2\/pages\/3733\/revisions\/3735"}],"wp:attachment":[{"href":"https:\/\/leonardo.care\/fr\/wp-json\/wp\/v2\/media?parent=3733"}],"curies":[{"name":"wp","href":"https:\/\/api.w.org\/{rel}","templated":true}]}}