{"id":3742,"date":"2019-10-15T05:35:06","date_gmt":"2019-10-15T05:35:06","guid":{"rendered":"https:\/\/leonardo.care\/termsofuse"},"modified":"2020-10-02T09:49:31","modified_gmt":"2020-10-02T09:49:31","slug":"termsofuse","status":"publish","type":"page","link":"https:\/\/leonardo.care\/fr\/termsofuse","title":{"rendered":"Conditions d&#8217;utilisation"},"content":{"rendered":"<p>[et_pb_section fb_built=&#8221;1&#8243; _builder_version=&#8221;3.29.3&#8243;][et_pb_row _builder_version=&#8221;3.29.3&#8243;][et_pb_column type=&#8221;4_4&#8243; _builder_version=&#8221;3.29.3&#8243;][et_pb_text _builder_version=&#8221;4.6.5&#8243; hover_enabled=&#8221;0&#8243; sticky_enabled=&#8221;0&#8243;]<\/p>\n<h1>Conditions d&#8217;utilisation &#8211; Leonardo<\/h1>\n<p>En t\u00e9l\u00e9chargeant ou en utilisant l&#8217;application, ces conditions s&#8217;appliqueront automatiquement \u00e0 vous &#8211; vous devez donc vous assurer de les lire attentivement avant d&#8217;utiliser l&#8217;application.<\/p>\n<p>Shen-Apps s&#8217;engage \u00e0 faire en sorte que l&#8217;application soit aussi utile et efficace que possible. Pour cette raison, nous nous r\u00e9servons le droit d&#8217;apporter des modifications \u00e0 l&#8217;application.<\/p>\n<p>Lorsque vous entrez des donn\u00e9es dans Leonardo, elles sont enregistr\u00e9es sur votre appareil. Leonardo ne sauvegarde pas les donn\u00e9es dans le nuage. Il est de votre responsabilit\u00e9 de garder votre t\u00e9l\u00e9phone et votre acc\u00e8s \u00e0 l&#8217;application en toute s\u00e9curit\u00e9. Nous vous recommandons donc de ne pas faire de jailbreak ou de root de votre t\u00e9l\u00e9phone.<\/p>\n<p>Vous devez savoir qu&#8217;il y a certaines choses dont Leonardo n&#8217;assumera pas la responsabilit\u00e9. Certaines fonctions de l&#8217;application n\u00e9cessiteront une connexion Internet active, par exemple pour l&#8217;envoi d&#8217;un courriel. Mais Shen-Apps ne peut pas \u00eatre tenu responsable du bon fonctionnement de l&#8217;application si vous n&#8217;avez pas de connexion internet active.<\/p>\n<p>Leonardo fournit des moyens \u00e9tendus pour documenter vos clients. La documentation avec des images ou des vid\u00e9os n\u00e9cessite une capacit\u00e9 de stockage accrue. Vous devez veiller \u00e0 ce que votre appareil dispose toujours d&#8217;une capacit\u00e9 de stockage suffisante.<\/p>\n<p>L&#8217;utilisation du produit est de la seule responsabilit\u00e9 de l&#8217;acheteur.<\/p>\n<p>L&#8217;acheteur supporte le risque en ce qui concerne les performances du produit. Shen-Apps n&#8217;est pas responsable envers vous ou toute autre personne de tout dommage indirect, direct ou sp\u00e9cial ou de tout dommage cons\u00e9cutif, y compris la perte de revenus, la perte ou l&#8217;endommagement de donn\u00e9es ou toute autre perte commerciale ou \u00e9conomique, m\u00eame si nous avons \u00e9t\u00e9 inform\u00e9s de la possibilit\u00e9 de tels dommages ou si ceux-ci sont pr\u00e9visibles. Nous ne sommes pas non plus responsables des r\u00e9clamations juridiques faites par un tiers. Notre responsabilit\u00e9 maximale \u00e0 votre \u00e9gard ne d\u00e9passe pas le montant que vous avez pay\u00e9 pour le produit au cours de la p\u00e9riode de facturation en cours.<\/p>\n<p>&nbsp;<\/p>\n<p>Modifications des pr\u00e9sentes conditions g\u00e9n\u00e9rales<\/p>\n<p>Nous pouvons mettre \u00e0 jour nos conditions g\u00e9n\u00e9rales de temps en temps. Nous vous conseillons donc de consulter r\u00e9guli\u00e8rement cette page pour prendre connaissance des modifications \u00e9ventuelles. Nous vous informerons de toute modification en publiant les nouvelles conditions g\u00e9n\u00e9rales sur cette page. Ces modifications entrent en vigueur imm\u00e9diatement apr\u00e8s leur publication sur cette page.<\/p>\n<p>La loi de la R\u00e9publique f\u00e9d\u00e9rale d&#8217;Allemagne s&#8217;applique, \u00e0 l&#8217;exclusion de la loi des Nations unies sur les ventes.<br \/>Le lieu de juridiction est Marburg, en Allemagne.<\/p>\n<p>&nbsp;<\/p>\n<p>Contactez-nous<\/p>\n<p>Si vous avez des questions ou des suggestions concernant nos conditions g\u00e9n\u00e9rales, n&#8217;h\u00e9sitez pas \u00e0 nous contacter.<\/p>\n<p>&nbsp;<\/p>\n<p>[\/et_pb_text][\/et_pb_column][\/et_pb_row][\/et_pb_section]<\/p>\n","protected":false},"excerpt":{"rendered":"<p>Conditions d&#8217;utilisation &#8211; Leonardo En t\u00e9l\u00e9chargeant ou en utilisant l&#8217;application, ces conditions s&#8217;appliqueront automatiquement \u00e0 vous &#8211; vous devez donc vous assurer de les lire attentivement avant d&#8217;utiliser l&#8217;application. Shen-Apps s&#8217;engage \u00e0 faire en sorte que l&#8217;application soit aussi utile et efficace que possible. Pour cette raison, nous nous r\u00e9servons le droit d&#8217;apporter des modifications [&hellip;]<\/p>\n","protected":false},"author":1,"featured_media":0,"parent":0,"menu_order":18,"comment_status":"closed","ping_status":"closed","template":"page-template-fullwidth.php","meta":{"_et_pb_use_builder":"on","_et_pb_old_content":"","_et_gb_content_width":"","footnotes":""},"class_list":["post-3742","page","type-page","status-publish","hentry"],"_links":{"self":[{"href":"https:\/\/leonardo.care\/fr\/wp-json\/wp\/v2\/pages\/3742","targetHints":{"allow":["GET"]}}],"collection":[{"href":"https:\/\/leonardo.care\/fr\/wp-json\/wp\/v2\/pages"}],"about":[{"href":"https:\/\/leonardo.care\/fr\/wp-json\/wp\/v2\/types\/page"}],"author":[{"embeddable":true,"href":"https:\/\/leonardo.care\/fr\/wp-json\/wp\/v2\/users\/1"}],"replies":[{"embeddable":true,"href":"https:\/\/leonardo.care\/fr\/wp-json\/wp\/v2\/comments?post=3742"}],"version-history":[{"count":3,"href":"https:\/\/leonardo.care\/fr\/wp-json\/wp\/v2\/pages\/3742\/revisions"}],"predecessor-version":[{"id":3747,"href":"https:\/\/leonardo.care\/fr\/wp-json\/wp\/v2\/pages\/3742\/revisions\/3747"}],"wp:attachment":[{"href":"https:\/\/leonardo.care\/fr\/wp-json\/wp\/v2\/media?parent=3742"}],"curies":[{"name":"wp","href":"https:\/\/api.w.org\/{rel}","templated":true}]}}