{"id":3831,"date":"2020-10-02T11:49:33","date_gmt":"2020-10-02T11:49:33","guid":{"rendered":"https:\/\/leonardo.care\/informativa-sulla-privacy"},"modified":"2020-10-02T11:49:33","modified_gmt":"2020-10-02T11:49:33","slug":"informativa-sulla-privacy","status":"publish","type":"page","link":"https:\/\/leonardo.care\/it\/informativa-sulla-privacy","title":{"rendered":"Informativa sulla privacy"},"content":{"rendered":"<p>[et_pb_section fb_built=&#8221;1&#8243; _builder_version=&#8221;3.22&#8243;][et_pb_row _builder_version=&#8221;3.25&#8243; background_size=&#8221;initial&#8221; background_position=&#8221;top_left&#8221; background_repeat=&#8221;repeat&#8221;][et_pb_column type=&#8221;4_4&#8243; _builder_version=&#8221;3.25&#8243; custom_padding=&#8221;|||&#8221; custom_padding__hover=&#8221;|||&#8221;][et_pb_text _builder_version=&#8221;4.4.7&#8243; background_size=&#8221;initial&#8221; background_position=&#8221;top_left&#8221; background_repeat=&#8221;repeat&#8221; hover_enabled=&#8221;0&#8243;]<\/p>\n<h1>Informativa sulla privacy<\/h1>\n<p>Non vogliamo utilizzare i vostri dati senza il vostro consenso, n\u00e9 vogliamo mostrarvi pubblicit\u00e0 indesiderata o seguire il vostro percorso sulle nostre pagine.<\/p>\n<p>Per questo motivo non utilizziamo Google Analytics, n\u00e9 utilizziamo altri servizi per analizzare il comportamento dei visitatori.<br \/>Inoltre non chiediamo il vostro nome. Se desiderate contattarci, tutto ci\u00f2 di cui avete bisogno \u00e8 il vostro indirizzo e-mail.<\/p>\n<p>Inoltre non \u00e8 necessario un contratto di elaborazione dati) quando si utilizza Leonardo. I dati dei clienti che hai inserito in Leonardo vengono memorizzati nel tuo sistema e trattati solo da te. Se preferisci i dati dei tuoi pazienti nel cloud, ti sbagli con noi. I dati dei pazienti nel cloud richiedono sempre un contratto di elaborazione dati &#8211; ma questo non vi esonera dalla responsabilit\u00e0.<\/p>\n<p>&nbsp;<\/p>\n<p>Utilizziamo i &#8220;cookie&#8221;?<\/p>\n<p>Utilizziamo i cookie per determinare la lingua del vostro browser e per fornire la lingua corretta.<\/p>\n<p>&nbsp;<\/p>\n<p>Leonardo &#8211; Praticare l&#8217;applicazione di gestione<\/p>\n<p>Con Leonardo puoi documentare il tuo lavoro sul paziente. Ci sono vari modi per farlo. Puoi scrivere i tuoi testi, ma con la funzione Speech-to-text puoi far scrivere i tuoi testi con la tua voce. Per fare questo, Leonardo App ha bisogno di accedere al tuo microfono.<br \/>Puoi anche caricare foto o video del tuo lavoro, ad esempio l&#8217;analisi della deambulazione, registrare e salvare direttamente nella cartella del paziente. Per fare questo, Leonardo App ha bisogno dell&#8217;accesso alla tua macchina fotografica.<\/p>\n<p>&nbsp;<\/p>\n<p>Newsletter<\/p>\n<p>Offriamo una newsletter sulla nostra pagina web. Questa newsletter vi informa sulle nuove versioni e sulle altre novit\u00e0 di Leonardo. Non appare regolarmente. Riceverete la newsletter solo se vi siete registrati per riceverla. Per farlo \u00e8 sufficiente fornire un indirizzo e-mail valido.<br \/>Per verificare che tu voglia veramente registrarti, utilizziamo la procedura &#8220;double opt-in&#8221;. Il nostro sistema vi invier\u00e0 un&#8217;e-mail con un link di conferma. Riceverete la newsletter solo se ci inviate il link di conferma.<\/p>\n<p>Questo impedisce a terzi di inserire il vostro indirizzo e-mail senza la vostra richiesta. Il vostro indirizzo e-mail verr\u00e0 utilizzato solo per l&#8217;invio della newsletter e non verr\u00e0 trasmesso a terzi. Potete revocare il vostro consenso alla memorizzazione del vostro indirizzo e-mail e al suo utilizzo per l&#8217;invio della newsletter in qualsiasi momento con effetto futuro. Ogni newsletter contiene un link corrispondente. Potete anche informarci della vostra revoca utilizzando l&#8217;opzione di contatto alla fine di questa nota sulla protezione dei dati.<\/p>\n<p>&nbsp;<\/p>\n<p>Modulo di contatto<\/p>\n<p>Fornendo il modulo di contatto, vorremmo facilitare il vostro contatto con noi. I dati da voi forniti saranno conservati per l&#8217;elaborazione della richiesta e per eventuali domande di follow-up. Tutto ci\u00f2 che dovete fare \u00e8 fornire un indirizzo e-mail valido. Questo serve per assegnare la richiesta e poi rispondere. La specificazione di ulteriori dati \u00e8 facoltativa.<\/p>\n<p>&nbsp;<\/p>\n<p>Utilizzo di Google Analytics<\/p>\n<p>Non utilizziamo Google Analytics.<\/p>\n<p>&nbsp;<\/p>\n<p>Modifiche alla nostra politica sulla privacy<\/p>\n<p>Ci riserviamo il diritto di adeguare occasionalmente la presente dichiarazione sulla protezione dei dati in modo che sia sempre conforme alle disposizioni di legge vigenti o di apportare modifiche ai nostri servizi nella dichiarazione sulla protezione dei dati, ad esempio B. in caso di introduzione di nuovi servizi. La nuova dichiarazione sulla protezione dei dati vale poi per la vostra prossima visita.<\/p>\n<p>&nbsp;<\/p>\n<p>L&#8217;organo responsabile in termini di leggi sulla protezione dei dati \u00e8:<\/p>\n<p>Juergen Bschaden<br \/>Neuhoefe 4<br \/>Marburg, 35043<br \/>Germania<br \/>j.bschaden@leonardo.care<\/p>\n<p>&nbsp;<\/p>\n<p>[\/et_pb_text][\/et_pb_column][\/et_pb_row][\/et_pb_section]<\/p>\n","protected":false},"excerpt":{"rendered":"<p>Informativa sulla privacy Non vogliamo utilizzare i vostri dati senza il vostro consenso, n\u00e9 vogliamo mostrarvi pubblicit\u00e0 indesiderata o seguire il vostro percorso sulle nostre pagine. Per questo motivo non utilizziamo Google Analytics, n\u00e9 utilizziamo altri servizi per analizzare il comportamento dei visitatori.Inoltre non chiediamo il vostro nome. Se desiderate contattarci, tutto ci\u00f2 di cui [&hellip;]<\/p>\n","protected":false},"author":1,"featured_media":0,"parent":0,"menu_order":18,"comment_status":"closed","ping_status":"closed","template":"page-template-fullwidth.php","meta":{"_et_pb_use_builder":"on","_et_pb_old_content":"","_et_gb_content_width":"","footnotes":""},"class_list":["post-3831","page","type-page","status-publish","hentry"],"_links":{"self":[{"href":"https:\/\/leonardo.care\/it\/wp-json\/wp\/v2\/pages\/3831","targetHints":{"allow":["GET"]}}],"collection":[{"href":"https:\/\/leonardo.care\/it\/wp-json\/wp\/v2\/pages"}],"about":[{"href":"https:\/\/leonardo.care\/it\/wp-json\/wp\/v2\/types\/page"}],"author":[{"embeddable":true,"href":"https:\/\/leonardo.care\/it\/wp-json\/wp\/v2\/users\/1"}],"replies":[{"embeddable":true,"href":"https:\/\/leonardo.care\/it\/wp-json\/wp\/v2\/comments?post=3831"}],"version-history":[{"count":2,"href":"https:\/\/leonardo.care\/it\/wp-json\/wp\/v2\/pages\/3831\/revisions"}],"predecessor-version":[{"id":3833,"href":"https:\/\/leonardo.care\/it\/wp-json\/wp\/v2\/pages\/3831\/revisions\/3833"}],"wp:attachment":[{"href":"https:\/\/leonardo.care\/it\/wp-json\/wp\/v2\/media?parent=3831"}],"curies":[{"name":"wp","href":"https:\/\/api.w.org\/{rel}","templated":true}]}}