{"id":3943,"date":"2020-10-02T17:38:06","date_gmt":"2020-10-02T17:38:06","guid":{"rendered":"https:\/\/leonardo.care\/chi-siamo"},"modified":"2020-10-02T17:38:10","modified_gmt":"2020-10-02T17:38:10","slug":"chi-siamo","status":"publish","type":"page","link":"https:\/\/leonardo.care\/it\/chi-siamo","title":{"rendered":"Chi siamo"},"content":{"rendered":"<p>[et_pb_section fb_built=&#8221;1&#8243; _builder_version=&#8221;3.22&#8243; background_image=&#8221;https:\/\/leonardo.care\/wp-content\/uploads\/2019\/01\/Neuhoefe-1.png&#8221; parallax=&#8221;on&#8221;][et_pb_row column_structure=&#8221;1_2,1_2&#8243; _builder_version=&#8221;3.25&#8243; background_color=&#8221;rgba(255,255,255,0.55)&#8221; background_size=&#8221;initial&#8221; background_position=&#8221;top_left&#8221; background_repeat=&#8221;repeat&#8221; custom_padding=&#8221;33px|33px|33px|33px|true|true&#8221;][et_pb_column type=&#8221;1_2&#8243; _builder_version=&#8221;3.25&#8243; custom_padding=&#8221;|||&#8221; custom_padding__hover=&#8221;|||&#8221;][et_pb_image src=&#8221;https:\/\/leonardo.care\/wp-content\/uploads\/2019\/01\/JB_18.jpg&#8221; align=&#8221;center&#8221; align_tablet=&#8221;center&#8221; align_phone=&#8221;&#8221; align_last_edited=&#8221;on|desktop&#8221; _builder_version=&#8221;3.28&#8243; width=&#8221;100%&#8221; max_width=&#8221;57%&#8221; height_tablet=&#8221;141px&#8221; height_phone=&#8221;100px&#8221; height_last_edited=&#8221;on|phone&#8221; filter_saturate=&#8221;104%&#8221; filter_brightness=&#8221;117%&#8221; filter_opacity=&#8221;64%&#8221; border_radii=&#8221;on|20px|20px|20px|20px&#8221;][\/et_pb_image][\/et_pb_column][et_pb_column type=&#8221;1_2&#8243; _builder_version=&#8221;3.25&#8243; custom_padding=&#8221;|||&#8221; custom_padding__hover=&#8221;|||&#8221;][et_pb_text _builder_version=&#8221;3.28&#8243;]<\/p>\n<h1>Juergen Bschaden<\/h1>\n<p>&nbsp;<\/p>\n<p>&nbsp;<\/p>\n<p><strong>CEO &amp; Autore<\/strong><\/p>\n<p>Qui &#8211; 80 km a nord di Francoforte sul Meno &#8211; in una fattoria di 200 anni, i cavalli corrono ancora per le strade, i cervi pascolano in vista e si vede persino un cinghiale. Qui si vive e si lavora.<\/p>\n<p>Gi\u00e0 all&#8217;inizio della mia carriera professionale ho dovuto curare malattie complesse. All&#8217;epoca ho cercato pi\u00f9 volte punti di agopuntura negli atlanti di agopuntura per aiutare ulteriormente i miei pazienti. Poich\u00e9 questo era un tempo prezioso che stavo perdendo da altre parti, ho iniziato a raccogliere informazioni sui punti di agopuntura e a gestirli in una banca dati.<\/p>\n<p>[\/et_pb_text][\/et_pb_column][\/et_pb_row][et_pb_row _builder_version=&#8221;3.25&#8243; custom_padding=&#8221;0|0px|0|0px|false|false&#8221;][et_pb_column type=&#8221;4_4&#8243; _builder_version=&#8221;3.25&#8243; custom_padding=&#8221;|||&#8221; custom_padding__hover=&#8221;|||&#8221;][\/et_pb_column][\/et_pb_row][et_pb_row _builder_version=&#8221;3.25&#8243; background_color=&#8221;rgba(255,255,255,0.84)&#8221; background_size=&#8221;initial&#8221; background_position=&#8221;top_left&#8221; background_repeat=&#8221;repeat&#8221; custom_margin=&#8221;||10px&#8221; custom_padding=&#8221;0|33px|0|33px|true|true&#8221;][et_pb_column type=&#8221;4_4&#8243; _builder_version=&#8221;3.25&#8243; custom_padding=&#8221;0px|||&#8221; custom_padding__hover=&#8221;|||&#8221;][et_pb_text _builder_version=&#8221;4.4.7&#8243;]<\/p>\n<h1 style=\"text-align: center;\">I nostri prodotti<\/h1>\n<p style=\"text-align: center;\"><strong>Leonardo &#8211; Gestione della pratica<\/strong><br \/>Per tutti coloro che lavorano con le persone<br \/>www.leonardo.care<\/p>\n<p style=\"text-align: center;\"><strong>App Shen-Acupuntura<\/strong><br \/>www.shen-apps.com<\/p>\n<p>[\/et_pb_text][\/et_pb_column][\/et_pb_row][et_pb_row _builder_version=&#8221;3.25&#8243; background_color=&#8221;rgba(255,255,255,0.83)&#8221; background_size=&#8221;initial&#8221; background_position=&#8221;top_left&#8221; background_repeat=&#8221;repeat&#8221; custom_margin=&#8221;||10px&#8221; custom_padding=&#8221;5px|33px|5px|33px|true|false&#8221;][et_pb_column type=&#8221;4_4&#8243; _builder_version=&#8221;3.25&#8243; custom_padding=&#8221;0px|||&#8221; custom_padding__hover=&#8221;|||&#8221;][et_pb_text _builder_version=&#8221;3.27.4&#8243;]<\/p>\n<h1 style=\"text-align: center;\">Impressum<\/h1>\n<p style=\"text-align: center;\">Dipl. Phys. Juergen Bschaden<br \/>Carl-Orff-Weg 4<br \/>Marburg, 35043<br \/>Germania<\/p>\n<p style=\"text-align: center;\">E-mail:<br \/>J.Bschaden@shenprofessional.com<\/p>\n<p style=\"text-align: center;\">Telefono:<br \/>+491627930889<\/p>\n<p style=\"text-align: center;\">PARTITA IVA:<br \/>060500DE206498876<\/p>\n<p>[\/et_pb_text][\/et_pb_column][\/et_pb_row][\/et_pb_section][et_pb_section fb_built=&#8221;1&#8243; _builder_version=&#8221;3.22&#8243;][et_pb_row _builder_version=&#8221;4.6.5&#8243; _module_preset=&#8221;default&#8221;][et_pb_column type=&#8221;4_4&#8243; _builder_version=&#8221;4.6.5&#8243; _module_preset=&#8221;default&#8221;][et_pb_text _builder_version=&#8221;4.6.5&#8243; _module_preset=&#8221;default&#8221;]<\/p>\n<h1 style=\"text-align: center;\">Viaggio della mia vita:<\/h1>\n<p style=\"text-align: left;\">2020<\/p>\n<p>Leonardo per Android viene rilasciato. Abbiamo aggiunto 8 lingue.<br \/>Aggiunta diagnosi della lingua a Shen-Acupuncture.<\/p>\n<p>&nbsp;<\/p>\n<p>2019<\/p>\n<p>\u00a0Aggiunto il russo e l&#8217;italiano a Shen-Acupuncture<\/p>\n<p>&nbsp;<\/p>\n<p>2018<\/p>\n<p>Viene rilasciata l&#8217;applicazione di agopuntura Shen (per Android e iOS).<\/p>\n<p>&nbsp;<\/p>\n<p>2017<\/p>\n<p>Shen-Atlante dell&#8217;agopuntura (1000 pagine di eBook) appare in sette lingue<br \/>Fondazioni di TCM \u00e8 pubblicato in quattro lingue<br \/>La ginecologia cinese \u00e8 pubblicata in quattro lingue<\/p>\n<p>&nbsp;<\/p>\n<p>2016<\/p>\n<p>Shen-Atlante dell&#8217;Atlante dell&#8217;Agopuntura \u00e8 pubblicato come eBook specifico per smartphone e tablet.<\/p>\n<p>&nbsp;<\/p>\n<p>2015<\/p>\n<p>Viene rilasciato ShenProfessional 3.1 (tedesco, inglese, spagnolo, portoghese e cinese).<\/p>\n<p>&nbsp;<\/p>\n<p>2006-2015<\/p>\n<p>Traduzione dello Shen-Atlante dell&#8217;Agopuntura in inglese, cinese, russo, spagnolo, portoghese, italiano.<\/p>\n<p>&nbsp;<\/p>\n<p>2011<\/p>\n<p>ShenProfessional 3.0 viene rilasciato.<\/p>\n<p>&nbsp;<\/p>\n<p>2007<\/p>\n<p>Primo testo pratico sulle Navi Straordinarie.<\/p>\n<p>&nbsp;<\/p>\n<p>2005<\/p>\n<p>\u00c8 nata mia figlia Hannah!<\/p>\n<p>&nbsp;<\/p>\n<p>2004<\/p>\n<p>ShenProfessional 2.0 pubblicato anche da Springer-Verlag.<\/p>\n<p>&nbsp;<\/p>\n<p>2002<\/p>\n<p>Diagnostica della lingua cinese pubblicata su ShenProfessional.<\/p>\n<p>&nbsp;<\/p>\n<p>2001<\/p>\n<p>Pubblicato lo Shen-Atlante dell&#8217;Agopuntura a Springer House.<\/p>\n<p>&nbsp;<\/p>\n<p>2000<\/p>\n<p>Rilasciato ShenProfessional 1.0.<\/p>\n<p>1999<\/p>\n<p>Revisione completa dei testi dei punti di agopuntura.<br \/>Ginecologia cinese pubblicata su ShenProfessional.<\/p>\n<p>&nbsp;<\/p>\n<p>1997-2001<\/p>\n<p>Ha creato il catalogo dei sintomi e della diagnostica con pi\u00f9 di 4000 voci. Sono state richieste ricerche di letteratura di oltre 10.000 pagine.<\/p>\n<p>&nbsp;<\/p>\n<p>1998<\/p>\n<p>Acquisite le sagome anatomiche, in quattro livelli, per le tabelle di agopuntura. Ogni punto di agopuntura \u00e8 stato disegnato individualmente in un sistema di coordinate all&#8217;interno di un database. Con questo metodo le carte di agopuntura in ShenProfessional sono diventate interattive.<\/p>\n<p>&nbsp;<\/p>\n<p>1997-1998<\/p>\n<p>Ho creato le basi della Medicina Tradizionale Cinese &#8211; per i miei corsi in Svizzera.<\/p>\n<p>&nbsp;<\/p>\n<p>1998<\/p>\n<p>Ha iniziato l&#8217;insegnamento della MTC in Svizzera.<\/p>\n<p>&nbsp;<\/p>\n<p>1993<\/p>\n<p>Ho creato i miei testi di punti di agopuntura.<br \/>Ho aperto una pratica incentrata sulla digitopressione e la Medicina Tradizionale Cinese<\/p>\n<p>[\/et_pb_text][\/et_pb_column][\/et_pb_row][\/et_pb_section]<\/p>\n","protected":false},"excerpt":{"rendered":"<p>Juergen Bschaden &nbsp; &nbsp; CEO &amp; Autore Qui &#8211; 80 km a nord di Francoforte sul Meno &#8211; in una fattoria di 200 anni, i cavalli corrono ancora per le strade, i cervi pascolano in vista e si vede persino un cinghiale. Qui si vive e si lavora. Gi\u00e0 all&#8217;inizio della mia carriera professionale ho [&hellip;]<\/p>\n","protected":false},"author":1,"featured_media":0,"parent":0,"menu_order":18,"comment_status":"closed","ping_status":"closed","template":"page-template-fullwidth.php","meta":{"_et_pb_use_builder":"on","_et_pb_old_content":"","_et_gb_content_width":"","footnotes":""},"class_list":["post-3943","page","type-page","status-publish","hentry"],"_links":{"self":[{"href":"https:\/\/leonardo.care\/it\/wp-json\/wp\/v2\/pages\/3943","targetHints":{"allow":["GET"]}}],"collection":[{"href":"https:\/\/leonardo.care\/it\/wp-json\/wp\/v2\/pages"}],"about":[{"href":"https:\/\/leonardo.care\/it\/wp-json\/wp\/v2\/types\/page"}],"author":[{"embeddable":true,"href":"https:\/\/leonardo.care\/it\/wp-json\/wp\/v2\/users\/1"}],"replies":[{"embeddable":true,"href":"https:\/\/leonardo.care\/it\/wp-json\/wp\/v2\/comments?post=3943"}],"version-history":[{"count":2,"href":"https:\/\/leonardo.care\/it\/wp-json\/wp\/v2\/pages\/3943\/revisions"}],"predecessor-version":[{"id":3948,"href":"https:\/\/leonardo.care\/it\/wp-json\/wp\/v2\/pages\/3943\/revisions\/3948"}],"wp:attachment":[{"href":"https:\/\/leonardo.care\/it\/wp-json\/wp\/v2\/media?parent=3943"}],"curies":[{"name":"wp","href":"https:\/\/api.w.org\/{rel}","templated":true}]}}