{"id":3757,"date":"2019-10-15T05:35:06","date_gmt":"2019-10-15T05:35:06","guid":{"rendered":"https:\/\/leonardo.care\/termsofuse"},"modified":"2020-10-02T10:13:42","modified_gmt":"2020-10-02T10:13:42","slug":"termsofuse","status":"publish","type":"page","link":"https:\/\/leonardo.care\/pt-br\/termsofuse","title":{"rendered":"Termos de uso"},"content":{"rendered":"<p>[et_pb_section fb_built=&#8221;1&#8243; _builder_version=&#8221;3.29.3&#8243;][et_pb_row _builder_version=&#8221;3.29.3&#8243;][et_pb_column type=&#8221;4_4&#8243; _builder_version=&#8221;3.29.3&#8243;][et_pb_text _builder_version=&#8221;4.6.5&#8243; hover_enabled=&#8221;0&#8243; sticky_enabled=&#8221;0&#8243;]<\/p>\n<h1>Termos de uso &#8211; Leonardo<\/h1>\n<p>Ao baixar ou usar o aplicativo, estes termos se aplicar\u00e3o automaticamente a voc\u00ea &#8211; voc\u00ea deve certificar-se, portanto, de l\u00ea-los cuidadosamente antes de usar o aplicativo.<\/p>\n<p>Shen-Apps est\u00e1 empenhado em assegurar que o aplicativo seja o mais \u00fatil e eficiente poss\u00edvel. Por esse motivo, reservamo-nos o direito de fazer altera\u00e7\u00f5es no aplicativo.<\/p>\n<p>Quando voc\u00ea insere dados no Leonardo, eles s\u00e3o salvos em seu dispositivo. Leonardo n\u00e3o salva dados na nuvem. \u00c9 de sua responsabilidade manter seu telefone e acesso ao aplicativo seguros. Recomendamos, portanto, que voc\u00ea n\u00e3o quebre a pris\u00e3o ou n\u00e3o fa\u00e7a o root de seu telefone.<\/p>\n<p>Voc\u00ea deve estar ciente de que h\u00e1 certas coisas pelas quais Leonardo n\u00e3o assumir\u00e1 responsabilidade. Certas fun\u00e7\u00f5es do aplicativo exigir\u00e3o que o aplicativo tenha uma conex\u00e3o ativa com a Internet, por exemplo, para enviar um e-mail. Mas Shen-Apps n\u00e3o pode se responsabilizar pelo aplicativo que funciona em plena funcionalidade se voc\u00ea n\u00e3o tiver uma conex\u00e3o ativa com a Internet.<\/p>\n<p>Leonardo fornece extensas maneiras de documentar seus Clientes. A documenta\u00e7\u00e3o com imagens ou v\u00eddeos precisa de maior capacidade de armazenamento. Voc\u00ea tem que tomar cuidado, que seu dispositivo sempre tenha capacidade de armazenamento suficiente.<\/p>\n<p>O uso do produto \u00e9 de responsabilidade exclusiva do comprador.<\/p>\n<p>O comprador assume o risco no que diz respeito ao desempenho do produto. Shen-Apps n\u00e3o \u00e9 respons\u00e1vel perante voc\u00ea ou qualquer outra pessoa por qualquer dano indireto, direto ou especial ou danos conseq\u00fcentes, incluindo perda de receita, perda ou dano a dados ou outras perdas comerciais ou econ\u00f4micas, mesmo que tenhamos sido avisados da possibilidade de tais danos ou se eles forem previs\u00edveis. Tamb\u00e9m n\u00e3o somos respons\u00e1veis por reclama\u00e7\u00f5es legais feitas por terceiros. Nossa responsabilidade m\u00e1xima perante voc\u00ea n\u00e3o excede o valor pago pelo produto no per\u00edodo de faturamento atual.<\/p>\n<p>&nbsp;<\/p>\n<p>Altera\u00e7\u00f5es a estes Termos e Condi\u00e7\u00f5es<\/p>\n<p>Podemos atualizar nossos Termos e Condi\u00e7\u00f5es de tempos em tempos. Assim, voc\u00ea \u00e9 aconselhado a revisar esta p\u00e1gina periodicamente para quaisquer altera\u00e7\u00f5es. Notificaremos voc\u00ea sobre quaisquer mudan\u00e7as, colocando os novos Termos e Condi\u00e7\u00f5es nesta p\u00e1gina. Estas altera\u00e7\u00f5es entram em vigor imediatamente ap\u00f3s serem postadas nesta p\u00e1gina.<\/p>\n<p>A lei da Rep\u00fablica Federal da Alemanha se aplica, excluindo a lei de vendas da ONU.<br \/>O local de jurisdi\u00e7\u00e3o \u00e9 Marburg, Alemanha.<\/p>\n<p>&nbsp;<\/p>\n<p>Contate-nos<\/p>\n<p>Se voc\u00ea tiver alguma d\u00favida ou sugest\u00e3o sobre nossos Termos e Condi\u00e7\u00f5es, n\u00e3o hesite em entrar em contato conosco.<\/p>\n<p>&nbsp;<\/p>\n<p>[\/et_pb_text][\/et_pb_column][\/et_pb_row][\/et_pb_section]<\/p>\n","protected":false},"excerpt":{"rendered":"<p>Termos de uso &#8211; Leonardo Ao baixar ou usar o aplicativo, estes termos se aplicar\u00e3o automaticamente a voc\u00ea &#8211; voc\u00ea deve certificar-se, portanto, de l\u00ea-los cuidadosamente antes de usar o aplicativo. Shen-Apps est\u00e1 empenhado em assegurar que o aplicativo seja o mais \u00fatil e eficiente poss\u00edvel. Por esse motivo, reservamo-nos o direito de fazer altera\u00e7\u00f5es [&hellip;]<\/p>\n","protected":false},"author":1,"featured_media":0,"parent":0,"menu_order":18,"comment_status":"closed","ping_status":"closed","template":"page-template-fullwidth.php","meta":{"_et_pb_use_builder":"on","_et_pb_old_content":"","_et_gb_content_width":"","footnotes":""},"class_list":["post-3757","page","type-page","status-publish","hentry"],"_links":{"self":[{"href":"https:\/\/leonardo.care\/pt-br\/wp-json\/wp\/v2\/pages\/3757","targetHints":{"allow":["GET"]}}],"collection":[{"href":"https:\/\/leonardo.care\/pt-br\/wp-json\/wp\/v2\/pages"}],"about":[{"href":"https:\/\/leonardo.care\/pt-br\/wp-json\/wp\/v2\/types\/page"}],"author":[{"embeddable":true,"href":"https:\/\/leonardo.care\/pt-br\/wp-json\/wp\/v2\/users\/1"}],"replies":[{"embeddable":true,"href":"https:\/\/leonardo.care\/pt-br\/wp-json\/wp\/v2\/comments?post=3757"}],"version-history":[{"count":3,"href":"https:\/\/leonardo.care\/pt-br\/wp-json\/wp\/v2\/pages\/3757\/revisions"}],"predecessor-version":[{"id":3772,"href":"https:\/\/leonardo.care\/pt-br\/wp-json\/wp\/v2\/pages\/3757\/revisions\/3772"}],"wp:attachment":[{"href":"https:\/\/leonardo.care\/pt-br\/wp-json\/wp\/v2\/media?parent=3757"}],"curies":[{"name":"wp","href":"https:\/\/api.w.org\/{rel}","templated":true}]}}