{"id":3815,"date":"2020-10-02T11:01:07","date_gmt":"2020-10-02T11:01:07","guid":{"rendered":"https:\/\/leonardo.care\/apoio"},"modified":"2020-10-02T11:01:07","modified_gmt":"2020-10-02T11:01:07","slug":"apoio","status":"publish","type":"page","link":"https:\/\/leonardo.care\/pt-br\/apoio","title":{"rendered":"Apoio"},"content":{"rendered":"<p>[et_pb_section fb_built=&#8221;1&#8243; _builder_version=&#8221;4.4.4&#8243; background_color=&#8221;#0c71c3&#8243; use_background_color_gradient=&#8221;on&#8221; background_color_gradient_start=&#8221;#ffffff&#8221; background_color_gradient_end=&#8221;rgba(255,255,255,0.87)&#8221; background_color_gradient_start_position=&#8221;19%&#8221; custom_padding=&#8221;||24px|||&#8221; top_divider_color=&#8221;rgba(216,216,216,0.94)&#8221; top_divider_height=&#8221;77px&#8221; top_divider_flip=&#8221;vertical&#8221; bottom_divider_color=&#8221;#2b73a3&#8243;][et_pb_row _builder_version=&#8221;3.25&#8243; background_size=&#8221;initial&#8221; background_position=&#8221;top_left&#8221; background_repeat=&#8221;repeat&#8221;][et_pb_column type=&#8221;4_4&#8243; _builder_version=&#8221;3.25&#8243; custom_padding=&#8221;|||&#8221; custom_padding__hover=&#8221;|||&#8221;][et_pb_text _builder_version=&#8221;4.4.4&#8243; header_font_size=&#8221;50px&#8221;]<\/p>\n<h1 style=\"text-align: center;\">Perguntar n\u00e3o custa nada!<\/h1>\n<p>Leonardo foi projetado para que mesmo os iniciantes possam encontrar rapidamente seu caminho. Tendo este objetivo em mente, tivemos que aceitar alguns compromissos: Por exemplo, Leonardo \u00e9 quase perfeito para auto-pagamento e pr\u00e1ticas privadas, mas n\u00e3o para faturamento com companhias de seguro.\u00a0 Se voc\u00ea precisa de faturamento com companhias de seguros, por favor, procure outro software, existem muitos no mercado.<\/p>\n<p>O suporte \u00e9 gratuito! Para mant\u00ea-lo gratuito, use primeiro a busca &#8211; sua pergunta pode j\u00e1 ter sido respondida.<\/p>\n<p>[\/et_pb_text][et_pb_search exclude_pages=&#8221;on&#8221; placeholder=&#8221;Digite um termo de busca&#8230;&#8221; _builder_version=&#8221;4.4.4&#8243;][\/et_pb_search][et_pb_text _builder_version=&#8221;4.4.5&#8243;]<\/p>\n<p style=\"text-align: center;\">Voc\u00ea gostaria de fazer uma ronda em Artigos e V\u00eddeo-Tutoriais? Visite <a href=\"https:\/\/leonardo.care\/en\/blog\">Leonardo-Blog<\/a>.<\/p>\n<p>[\/et_pb_text][et_pb_button button_text_tablet=&#8221;&#8221; button_text_phone=&#8221;&#8221; button_text_last_edited=&#8221;on|desktop&#8221; _builder_version=&#8221;4.4.5&#8243;][\/et_pb_button][\/et_pb_column][\/et_pb_row][et_pb_row _builder_version=&#8221;3.25&#8243; border_radii=&#8221;on|0px|0px|0px|0px&#8221;][et_pb_column type=&#8221;4_4&#8243; _builder_version=&#8221;3.25&#8243; custom_padding=&#8221;|||&#8221; custom_padding__hover=&#8221;|||&#8221;][et_pb_text _builder_version=&#8221;4.4.4&#8243;]<\/p>\n<p style=\"text-align: center;\">Nenhuma resposta encontrada? Fa\u00e7a uma pergunta:<\/p>\n<p>[\/et_pb_text][et_pb_contact_form email=&#8221;j.bschaden@leonardo.care&#8221; title=&#8221;Escreva um E-Mail&#8221; success_message=&#8221;Sua mensagem foi enviada com sucesso.&#8221; submit_button_text=&#8221;Enviar&#8221; module_id=&#8221;et_pb_contact_form_0&#8243; _builder_version=&#8221;4.4.5&#8243; form_field_background_color=&#8221;#FFFFFF&#8221; title_font=&#8221;|700|||||||&#8221; title_font_size=&#8221;20&#8243; form_field_font=&#8221;||||||||&#8221; background_color=&#8221;#ffffff&#8221; custom_button=&#8221;on&#8221; button_text_size=&#8221;22px&#8221; button_text_color=&#8221;#FFFFFF&#8221; button_bg_color=&#8221;rgba(224,94,87,0.85)&#8221; button_border_width=&#8221;0px&#8221; button_border_color=&#8221;rgba(0,0,0,0)&#8221; button_border_radius=&#8221;5px&#8221; button_letter_spacing=&#8221;0px&#8221; button_font=&#8221;||||||||&#8221; button_on_hover=&#8221;off&#8221; custom_margin=&#8221;5px|5px|5px|5px&#8221; custom_padding=&#8221;15px|5px|5px|5px&#8221; animation_style=&#8221;fade&#8221; hover_enabled=&#8221;0&#8243; border_radii=&#8221;on|5px|5px|5px|5px&#8221; border_width_all=&#8221;1px&#8221; border_color_all=&#8221;#dddddd&#8221; box_shadow_style=&#8221;preset3&#8243; form_background_color=&#8221;#FFFFFF&#8221;][et_pb_contact_field field_id=&#8221;Email&#8221; field_title=&#8221;Seu endere\u00e7o de E-Mail&#8221; field_type=&#8221;email&#8221; fullwidth_field=&#8221;on&#8221; _builder_version=&#8221;3.17.6&#8243; border_radii=&#8221;|5px|5px|5px|5px&#8221; border_width_all=&#8221;1px&#8221; border_color_all=&#8221;#dddddd&#8221;][\/et_pb_contact_field][et_pb_contact_field field_id=&#8221;Message&#8221; field_title=&#8221;Sua mensagem&#8230;&#8221; field_type=&#8221;text&#8221; fullwidth_field=&#8221;on&#8221; _builder_version=&#8221;3.17.6&#8243; form_field_font=&#8221;||||||||&#8221;][\/et_pb_contact_field][\/et_pb_contact_form][\/et_pb_column][\/et_pb_row][et_pb_row _builder_version=&#8221;3.25&#8243;][et_pb_column type=&#8221;4_4&#8243; _builder_version=&#8221;3.25&#8243; custom_padding=&#8221;|||&#8221; custom_padding__hover=&#8221;|||&#8221;][dgbc_blog_carousel show_thumbnail=&#8221;off&#8221; show_excerpt_length=&#8221;100&#8243; show_author=&#8221;off&#8221; show_date=&#8221;off&#8221; transition_duration=&#8221;2500&#8243; dot_nav=&#8221;on&#8221; centermode=&#8221;on&#8221; loop=&#8221;on&#8221; autoplay=&#8221;on&#8221; hoverpause=&#8221;on&#8221; autoplay_speed=&#8221;2000&#8243; equal_height=&#8221;on&#8221; inner_container_padding=&#8221;||||true|true&#8221; content_margin=&#8221;8px|8px|8px|8px|true|true&#8221; _builder_version=&#8221;4.4.4&#8243; background_color=&#8221;rgba(0,0,0,0)&#8221; box_shadow_style=&#8221;preset3&#8243;][\/dgbc_blog_carousel][\/et_pb_column][\/et_pb_row][\/et_pb_section]<\/p>\n","protected":false},"excerpt":{"rendered":"<p>Perguntar n\u00e3o custa nada! Leonardo foi projetado para que mesmo os iniciantes possam encontrar rapidamente seu caminho. Tendo este objetivo em mente, tivemos que aceitar alguns compromissos: Por exemplo, Leonardo \u00e9 quase perfeito para auto-pagamento e pr\u00e1ticas privadas, mas n\u00e3o para faturamento com companhias de seguro.\u00a0 Se voc\u00ea precisa de faturamento com companhias de seguros, [&hellip;]<\/p>\n","protected":false},"author":1,"featured_media":0,"parent":0,"menu_order":18,"comment_status":"closed","ping_status":"closed","template":"page-template-fullwidth.php","meta":{"_et_pb_use_builder":"on","_et_pb_old_content":"","_et_gb_content_width":"","footnotes":""},"class_list":["post-3815","page","type-page","status-publish","hentry"],"_links":{"self":[{"href":"https:\/\/leonardo.care\/pt-br\/wp-json\/wp\/v2\/pages\/3815","targetHints":{"allow":["GET"]}}],"collection":[{"href":"https:\/\/leonardo.care\/pt-br\/wp-json\/wp\/v2\/pages"}],"about":[{"href":"https:\/\/leonardo.care\/pt-br\/wp-json\/wp\/v2\/types\/page"}],"author":[{"embeddable":true,"href":"https:\/\/leonardo.care\/pt-br\/wp-json\/wp\/v2\/users\/1"}],"replies":[{"embeddable":true,"href":"https:\/\/leonardo.care\/pt-br\/wp-json\/wp\/v2\/comments?post=3815"}],"version-history":[{"count":2,"href":"https:\/\/leonardo.care\/pt-br\/wp-json\/wp\/v2\/pages\/3815\/revisions"}],"predecessor-version":[{"id":3818,"href":"https:\/\/leonardo.care\/pt-br\/wp-json\/wp\/v2\/pages\/3815\/revisions\/3818"}],"wp:attachment":[{"href":"https:\/\/leonardo.care\/pt-br\/wp-json\/wp\/v2\/media?parent=3815"}],"curies":[{"name":"wp","href":"https:\/\/api.w.org\/{rel}","templated":true}]}}