{"id":3834,"date":"2020-10-02T11:50:34","date_gmt":"2020-10-02T11:50:34","guid":{"rendered":"https:\/\/leonardo.care\/politica-de-privacidade"},"modified":"2020-10-02T11:50:34","modified_gmt":"2020-10-02T11:50:34","slug":"politica-de-privacidade","status":"publish","type":"page","link":"https:\/\/leonardo.care\/pt-br\/politica-de-privacidade","title":{"rendered":"Pol\u00edtica de Privacidade"},"content":{"rendered":"<p>[et_pb_section fb_built=&#8221;1&#8243; _builder_version=&#8221;3.22&#8243;][et_pb_row _builder_version=&#8221;3.25&#8243; background_size=&#8221;initial&#8221; background_position=&#8221;top_left&#8221; background_repeat=&#8221;repeat&#8221;][et_pb_column type=&#8221;4_4&#8243; _builder_version=&#8221;3.25&#8243; custom_padding=&#8221;|||&#8221; custom_padding__hover=&#8221;|||&#8221;][et_pb_text _builder_version=&#8221;4.4.7&#8243; background_size=&#8221;initial&#8221; background_position=&#8221;top_left&#8221; background_repeat=&#8221;repeat&#8221; hover_enabled=&#8221;0&#8243;]<\/p>\n<h1>Pol\u00edtica de Privacidade<\/h1>\n<p>N\u00e3o queremos usar seus dados sem seu consentimento, nem mostrar-lhe publicidade indesejada ou rastrear seu caminho em nossas p\u00e1ginas.<\/p>\n<p>\u00c9 por isso que n\u00e3o usamos o Google Analytics, nem utilizamos outros servi\u00e7os para analisar seu comportamento como visitante.<br \/>Tamb\u00e9m n\u00e3o pedimos seu nome. Se voc\u00ea gostaria de entrar em contato conosco, tudo o que voc\u00ea precisa \u00e9 seu endere\u00e7o de e-mail.<\/p>\n<p>Voc\u00ea tamb\u00e9m n\u00e3o precisa de um contrato de processamento de dados) ao utilizar o Leonardo. Os dados do cliente que voc\u00ea inseriu no Leonardo s\u00e3o armazenados em seu sistema e processados somente por voc\u00ea. Se voc\u00ea preferir seus dados de pacientes na nuvem, voc\u00ea est\u00e1 errado conosco. Os dados do paciente na nuvem sempre exigem um contrato de processamento de dados &#8211; mas isto n\u00e3o o exime de responsabilidade.<\/p>\n<p>&nbsp;<\/p>\n<p>Usamos &#8216;cookies&#8217;?<\/p>\n<p>Utilizamos cookies para determinar o idioma de seu navegador e para fornecer o idioma correto.<\/p>\n<p>&nbsp;<\/p>\n<p>Leonardo &#8211; Aplicativo de Gerenciamento de Pr\u00e1tica<\/p>\n<p>Com Leonardo voc\u00ea pode documentar seu trabalho sobre o paciente. H\u00e1 v\u00e1rias maneiras de fazer isso. Voc\u00ea pode escrever seus textos, mas com a fun\u00e7\u00e3o fala a texto, voc\u00ea pode ter seus textos escritos por sua voz. Para fazer isso, Leonardo App precisa ter acesso ao seu microfone.<br \/>Voc\u00ea tamb\u00e9m pode carregar fotos ou v\u00eddeos de seu trabalho, por exemplo, an\u00e1lise de marcha, gravar e salvar diretamente no arquivo do paciente. Para fazer isso, Leonardo App precisa ter acesso \u00e0 sua c\u00e2mera.<\/p>\n<p>&nbsp;<\/p>\n<p>Boletim informativo<\/p>\n<p>Oferecemos um boletim informativo em nossa p\u00e1gina web. Este boletim informativo o informa sobre novas vers\u00f5es e outras not\u00edcias sobre o Leonardo. Ele n\u00e3o aparece regularmente. Voc\u00ea s\u00f3 receber\u00e1 o boletim se tiver se registrado para receber o boletim. Para isso, \u00e9 suficiente fornecer um endere\u00e7o de e-mail v\u00e1lido.<br \/>Para verificar se voc\u00ea realmente deseja se cadastrar, usamos o procedimento de &#8220;double opt-in&#8221;. Nosso sistema enviar\u00e1 a voc\u00ea um e-mail com um link de confirma\u00e7\u00e3o. Voc\u00ea s\u00f3 receber\u00e1 o boletim informativo se nos enviar o link de confirma\u00e7\u00e3o.<\/p>\n<p>Isto impede que terceiros digitem seu endere\u00e7o de e-mail sem sua solicita\u00e7\u00e3o. Seu endere\u00e7o de e-mail s\u00f3 ser\u00e1 utilizado para o envio do boletim e n\u00e3o ser\u00e1 repassado a terceiros. Voc\u00ea pode revogar seu consentimento para o armazenamento de seu endere\u00e7o de e-mail e seu uso para o envio do boletim a qualquer momento com efeito futuro. H\u00e1 um link correspondente em cada boletim informativo. Voc\u00ea tamb\u00e9m pode nos informar sobre sua revoga\u00e7\u00e3o usando a op\u00e7\u00e3o de contato no final deste aviso de prote\u00e7\u00e3o de dados.<\/p>\n<p>&nbsp;<\/p>\n<p>Formul\u00e1rio para contato<\/p>\n<p>Ao fornecer o formul\u00e1rio de contato, gostar\u00edamos de facilitar o seu contato conosco. As informa\u00e7\u00f5es que voc\u00ea fornecer ser\u00e3o armazenadas para fins de processamento do pedido e para poss\u00edveis perguntas de acompanhamento. Tudo o que voc\u00ea precisa fazer \u00e9 fornecer um endere\u00e7o de e-mail v\u00e1lido. Este \u00e9 usado para atribuir o pedido e, em seguida, respond\u00ea-lo. A especifica\u00e7\u00e3o de outros dados \u00e9 opcional.<\/p>\n<p>&nbsp;<\/p>\n<p>Uso do Google Analytics<\/p>\n<p>N\u00e3o utilizamos o Google Analytics.<\/p>\n<p>&nbsp;<\/p>\n<p>Mudan\u00e7as em nossa pol\u00edtica de privacidade<\/p>\n<p>Reservamo-nos o direito de ocasionalmente adaptar esta declara\u00e7\u00e3o de prote\u00e7\u00e3o de dados para que ela sempre esteja de acordo com as exig\u00eancias legais atuais ou para implementar mudan\u00e7as em nossos servi\u00e7os na declara\u00e7\u00e3o de prote\u00e7\u00e3o de dados, por exemplo, B. ao introduzir novos servi\u00e7os. A nova declara\u00e7\u00e3o de prote\u00e7\u00e3o de dados se aplica ent\u00e3o \u00e0 sua pr\u00f3xima visita.<\/p>\n<p>&nbsp;<\/p>\n<p>O \u00f3rg\u00e3o respons\u00e1vel em termos de leis de prote\u00e7\u00e3o de dados \u00e9:<\/p>\n<p>Juergen Bschaden<br \/>Neuhoefe 4<br \/>Marburg, 35043<br \/>Alemanha<br \/>j.bschaden@leonardo.care<\/p>\n<p>[\/et_pb_text][\/et_pb_column][\/et_pb_row][\/et_pb_section]<\/p>\n","protected":false},"excerpt":{"rendered":"<p>Pol\u00edtica de Privacidade N\u00e3o queremos usar seus dados sem seu consentimento, nem mostrar-lhe publicidade indesejada ou rastrear seu caminho em nossas p\u00e1ginas. \u00c9 por isso que n\u00e3o usamos o Google Analytics, nem utilizamos outros servi\u00e7os para analisar seu comportamento como visitante.Tamb\u00e9m n\u00e3o pedimos seu nome. Se voc\u00ea gostaria de entrar em contato conosco, tudo o [&hellip;]<\/p>\n","protected":false},"author":1,"featured_media":0,"parent":0,"menu_order":18,"comment_status":"closed","ping_status":"closed","template":"page-template-fullwidth.php","meta":{"_et_pb_use_builder":"on","_et_pb_old_content":"","_et_gb_content_width":"","footnotes":""},"class_list":["post-3834","page","type-page","status-publish","hentry"],"_links":{"self":[{"href":"https:\/\/leonardo.care\/pt-br\/wp-json\/wp\/v2\/pages\/3834","targetHints":{"allow":["GET"]}}],"collection":[{"href":"https:\/\/leonardo.care\/pt-br\/wp-json\/wp\/v2\/pages"}],"about":[{"href":"https:\/\/leonardo.care\/pt-br\/wp-json\/wp\/v2\/types\/page"}],"author":[{"embeddable":true,"href":"https:\/\/leonardo.care\/pt-br\/wp-json\/wp\/v2\/users\/1"}],"replies":[{"embeddable":true,"href":"https:\/\/leonardo.care\/pt-br\/wp-json\/wp\/v2\/comments?post=3834"}],"version-history":[{"count":2,"href":"https:\/\/leonardo.care\/pt-br\/wp-json\/wp\/v2\/pages\/3834\/revisions"}],"predecessor-version":[{"id":3836,"href":"https:\/\/leonardo.care\/pt-br\/wp-json\/wp\/v2\/pages\/3834\/revisions\/3836"}],"wp:attachment":[{"href":"https:\/\/leonardo.care\/pt-br\/wp-json\/wp\/v2\/media?parent=3834"}],"curies":[{"name":"wp","href":"https:\/\/api.w.org\/{rel}","templated":true}]}}