{"id":3933,"date":"2020-10-02T17:08:01","date_gmt":"2020-10-02T17:08:01","guid":{"rendered":"https:\/\/leonardo.care\/blog"},"modified":"2020-10-30T13:07:21","modified_gmt":"2020-10-30T13:07:21","slug":"blog","status":"publish","type":"page","link":"https:\/\/leonardo.care\/pt-br\/blog","title":{"rendered":"Blog"},"content":{"rendered":"<p>[et_pb_section fb_built=&#8221;1&#8243; _builder_version=&#8221;4.4.4&#8243; custom_margin=&#8221;||-66px|||&#8221; custom_padding=&#8221;||25px|||&#8221;][et_pb_row _builder_version=&#8221;4.4.4&#8243;][et_pb_column type=&#8221;4_4&#8243; _builder_version=&#8221;4.4.4&#8243;][et_pb_text _builder_version=&#8221;4.4.7&#8243; header_font_size=&#8221;50px&#8221; header_font_size_tablet=&#8221;40px&#8221; header_font_size_phone=&#8221;30px&#8221; header_font_size_last_edited=&#8221;on|phone&#8221;]<\/p>\n<h1 style=\"text-align: center;\">Leonardo-Blog<\/h1>\n<p style=\"text-align: center;\">Artigos e V\u00eddeo-Tutoriais sobre Leonardo<\/p>\n<p>[\/et_pb_text][et_pb_search _builder_version=&#8221;4.4.4&#8243;][\/et_pb_search][\/et_pb_column][\/et_pb_row][\/et_pb_section][et_pb_section fb_built=&#8221;1&#8243; _builder_version=&#8221;4.4.4&#8243; min_height=&#8221;504px&#8221; custom_margin=&#8221;9px|||||&#8221; custom_padding=&#8221;0px||0px|||&#8221;][et_pb_row _builder_version=&#8221;4.4.4&#8243; width=&#8221;100%&#8221;][et_pb_column type=&#8221;4_4&#8243; _builder_version=&#8221;4.4.4&#8243;][dgbc_blog_carousel type=&#8221;3&#8243; show_excerpt_length=&#8221;80&#8243; show_categories=&#8221;off&#8221; show_author=&#8221;off&#8221; show_date=&#8221;off&#8221; show_more=&#8221;on&#8221; transition_duration=&#8221;2500&#8243; dot_nav=&#8221;on&#8221; loop=&#8221;on&#8221; autoplay=&#8221;on&#8221; dots_active_color=&#8221;#a31911&#8243; content_padding=&#8221;8px|8px|8px|8px|false|false&#8221; button_margin=&#8221;8px||||false|false&#8221; button_padding=&#8221;4px|8px|4px|8px|false|false&#8221; _builder_version=&#8221;4.4.4&#8243; header_level=&#8221;h3&#8243; header_font_size=&#8221;18px&#8221; read_more_text_align=&#8221;right&#8221; read_more_line_height=&#8221;1.7em&#8221; custom_padding=&#8221;|8px||8px|false|true&#8221; border_width_all_read_more=&#8221;1px&#8221; border_color_all_read_more=&#8221;#e0e0e0&#8243; box_shadow_style=&#8221;preset3&#8243;][\/dgbc_blog_carousel][\/et_pb_column][\/et_pb_row][\/et_pb_section][et_pb_section fb_built=&#8221;1&#8243; _builder_version=&#8221;4.4.4&#8243; custom_padding=&#8221;0px|||||&#8221;][et_pb_row _builder_version=&#8221;4.4.4&#8243; custom_padding=&#8221;||45px|||&#8221;][et_pb_column type=&#8221;4_4&#8243; _builder_version=&#8221;4.4.4&#8243;][et_pb_blog fullwidth=&#8221;off&#8221; excerpt_length=&#8221;120&#8243; show_more=&#8221;on&#8221; show_author=&#8221;off&#8221; show_date=&#8221;off&#8221; _builder_version=&#8221;4.6.6&#8243; meta_font=&#8221;|300|||||||&#8221; meta_font_size=&#8221;12px&#8221; read_more_font=&#8221;|600||||on|||&#8221; read_more_text_color=&#8221;#7a0d0d&#8221; read_more_font_size=&#8221;15px&#8221; hover_enabled=&#8221;0&#8243; box_shadow_style=&#8221;preset3&#8243; sticky_enabled=&#8221;0&#8243;][\/et_pb_blog][\/et_pb_column][\/et_pb_row][\/et_pb_section]<\/p>\n","protected":false},"excerpt":{"rendered":"<p>Leonardo-Blog Artigos e V\u00eddeo-Tutoriais sobre Leonardo<div class=\"et_pb_with_border et_pb_module dgbc_blog_carousel dgbc_blog_carousel_0\">\n\t\t\t\t\n\t\t\t\t\n\t\t\t\t\n\t\t\t\t\n\t\t\t\t\n\t\t\t\t\n\t\t\t\t<div class=\"et_pb_module_inner\">\n\t\t\t\t\t<div class=\"dgbc_carousel_wrapper\" data-props='{\"desktop\":\"3\",\"tablet\":\"2\",\"mobile\":\"1\",\"multislide\":\"off\",\"spacing\":\"30\",\"speed\":\"2500\",\"order\":\"0\",\"arrow\":\"off\",\"dots\":\"on\",\"centermode\":\"off\",\"loop\":\"on\",\"autoplay\":\"on\",\"hoverpause\":\"off\",\"autoplay_speed\":\"1500\",\"effect\":\"slide\",\"coverflow\":\"50\",\"shadow\":\"on\",\"xlarge\":\"4\",\"tablet_spacing\":\"30\",\"mobile_spacing\":\"30\"}'>\r\n\t\t\t\t\t\t\t\r\n\t\t\t\t\t\t\t<div class=\"swiper-container\">\r\n\t\t\t\t\t\t\t\t<div class=\"swiper-wrapper\">\t\t\t\t\r\n\t\t\t\t<article id=\"post-5280\" class=\"dgbc_post_item post-5280 post type-post status-publish format-standard has-post-thumbnail hentry category-faturas et-has-post-format-content et_post_format-et-post-format-standard\">\r\n\t\t\t\t\t<div class=\"dgbc_post_inner_wrapper\">\r\n\t\t\t\t\t\t<div class=\"dg-post-thumb\"><a href=\"https:\/\/leonardo.care\/pt-br\/da-fatura-devida-a-fatura-paga\" data-icon=\"1\"><img loading=\"lazy\" decoding=\"async\" src=\"https:\/\/leonardo.care\/wp-content\/uploads\/2020\/11\/7-fromduetopaidinvoice-400x250.png\" alt=\"Da fatura devida \u00e0 fatura paga\" class=\"\" srcset=\"https:\/\/leonardo.care\/wp-content\/uploads\/2020\/11\/7-fromduetopaidinvoice.png 479w, https:\/\/leonardo.care\/wp-content\/uploads\/2020\/11\/7-fromduetopaidinvoice-400x250.png 480w \" sizes=\"auto, (max-width:479px) 479px, 100vw \"  width=\"400\" height=\"250\" \/><\/a><\/div>\t\t\t\t\t\t<div class=\"content-wrapper\">\r\n\t\t\t\t\t\t\t<h3 class=\"dg_bc_title\"><a href=\"https:\/\/leonardo.care\/pt-br\/da-fatura-devida-a-fatura-paga\">Da fatura devida \u00e0 fatura paga<\/a><\/h3><div class=\"post-content\"><p>Neste v\u00eddeo voc\u00ea aprende como transformar uma fatura devida em uma fatura p...<\/div>\t\t\t\t\t\t\t<div class=\"dg_read_more_wrapper\"><a class=\"read-more\" href=\"https:\/\/leonardo.care\/pt-br\/da-fatura-devida-a-fatura-paga\" ><span>Read More<\/span><\/a><\/div>\t\t\t\t\t\t\t\t\t\t\t\t\t\t\r\n\t\t\t\t\t\t<\/div>\r\n\t\t\t\t\t<\/div>\r\n\t\t\t\t<\/article>\r\n\t\t\t\t\t\t\t\t\r\n\t\t\t\t<article id=\"post-5161\" class=\"dgbc_post_item post-5161 post type-post status-publish format-standard has-post-thumbnail hentry category-calendario-pt-br et-has-post-format-content et_post_format-et-post-format-standard\">\r\n\t\t\t\t\t<div class=\"dgbc_post_inner_wrapper\">\r\n\t\t\t\t\t\t<div class=\"dg-post-thumb\"><a href=\"https:\/\/leonardo.care\/pt-br\/calendario-e-compromissos\" data-icon=\"1\"><img loading=\"lazy\" decoding=\"async\" src=\"https:\/\/leonardo.care\/wp-content\/uploads\/2020\/11\/6-CalendarandAppointments-1-400x250.png\" alt=\"Calend\u00e1rio e compromissos\" class=\"\" srcset=\"https:\/\/leonardo.care\/wp-content\/uploads\/2020\/11\/6-CalendarandAppointments-1.png 479w, https:\/\/leonardo.care\/wp-content\/uploads\/2020\/11\/6-CalendarandAppointments-1-400x250.png 480w \" sizes=\"auto, (max-width:479px) 479px, 100vw \"  width=\"400\" height=\"250\" \/><\/a><\/div>\t\t\t\t\t\t<div class=\"content-wrapper\">\r\n\t\t\t\t\t\t\t<h3 class=\"dg_bc_title\"><a href=\"https:\/\/leonardo.care\/pt-br\/calendario-e-compromissos\">Calend\u00e1rio e compromissos<\/a><\/h3><div class=\"post-content\"><p>Este v\u00eddeo mostra as fun\u00e7\u00f5es b\u00e1sicas do Calend\u00e1rio e do Assistente de Ma...<\/div>\t\t\t\t\t\t\t<div class=\"dg_read_more_wrapper\"><a class=\"read-more\" href=\"https:\/\/leonardo.care\/pt-br\/calendario-e-compromissos\" ><span>Read More<\/span><\/a><\/div>\t\t\t\t\t\t\t\t\t\t\t\t\t\t\r\n\t\t\t\t\t\t<\/div>\r\n\t\t\t\t\t<\/div>\r\n\t\t\t\t<\/article>\r\n\t\t\t\t\t\t\t\t\r\n\t\t\t\t<article id=\"post-4888\" class=\"dgbc_post_item post-4888 post type-post status-publish format-standard has-post-thumbnail hentry category-nao-categorizado et-has-post-format-content et_post_format-et-post-format-standard\">\r\n\t\t\t\t\t<div class=\"dgbc_post_inner_wrapper\">\r\n\t\t\t\t\t\t<div class=\"dg-post-thumb\"><a href=\"https:\/\/leonardo.care\/pt-br\/leonardo-introducao\" data-icon=\"1\"><img loading=\"lazy\" decoding=\"async\" src=\"https:\/\/leonardo.care\/wp-content\/uploads\/2019\/11\/featured_starticon-400x250.png\" alt=\"Leonardo-Introdu\u00e7\u00e3o\" class=\"\" srcset=\"https:\/\/leonardo.care\/wp-content\/uploads\/2019\/11\/featured_starticon.png 479w, https:\/\/leonardo.care\/wp-content\/uploads\/2019\/11\/featured_starticon-400x250.png 480w \" sizes=\"auto, (max-width:479px) 479px, 100vw \"  width=\"400\" height=\"250\" \/><\/a><\/div>\t\t\t\t\t\t<div class=\"content-wrapper\">\r\n\t\t\t\t\t\t\t<h3 class=\"dg_bc_title\"><a href=\"https:\/\/leonardo.care\/pt-br\/leonardo-introducao\">Leonardo-Introdu\u00e7\u00e3o<\/a><\/h3><div class=\"post-content\"><\/div>\t\t\t\t\t\t\t<div class=\"dg_read_more_wrapper\"><a class=\"read-more\" href=\"https:\/\/leonardo.care\/pt-br\/leonardo-introducao\" ><span>Read More<\/span><\/a><\/div>\t\t\t\t\t\t\t\t\t\t\t\t\t\t\r\n\t\t\t\t\t\t<\/div>\r\n\t\t\t\t\t<\/div>\r\n\t\t\t\t<\/article>\r\n\t\t\t\t\t\t\t\t\r\n\t\t\t\t<article id=\"post-4818\" class=\"dgbc_post_item post-4818 post type-post status-publish format-standard has-post-thumbnail hentry category-calendario-pt-br category-faturas category-lista-de-clientes category-registo-do-cliente et-has-post-format-content et_post_format-et-post-format-standard\">\r\n\t\t\t\t\t<div class=\"dgbc_post_inner_wrapper\">\r\n\t\t\t\t\t\t<div class=\"dg-post-thumb\"><a href=\"https:\/\/leonardo.care\/pt-br\/clever-activate-your-next-client\" data-icon=\"1\"><img loading=\"lazy\" decoding=\"async\" src=\"https:\/\/leonardo.care\/wp-content\/uploads\/2020\/10\/5-clientactivation-9-400x250.png\" alt=\"Inteligente: Ative seu pr\u00f3ximo cliente\" class=\"\" srcset=\"https:\/\/leonardo.care\/wp-content\/uploads\/2020\/10\/5-clientactivation-9.png 479w, https:\/\/leonardo.care\/wp-content\/uploads\/2020\/10\/5-clientactivation-9-400x250.png 480w \" sizes=\"auto, (max-width:479px) 479px, 100vw \"  width=\"400\" height=\"250\" \/><\/a><\/div>\t\t\t\t\t\t<div class=\"content-wrapper\">\r\n\t\t\t\t\t\t\t<h3 class=\"dg_bc_title\"><a href=\"https:\/\/leonardo.care\/pt-br\/clever-activate-your-next-client\">Inteligente: Ative seu pr\u00f3ximo cliente<\/a><\/h3><div class=\"post-content\"><\/div>\t\t\t\t\t\t\t<div class=\"dg_read_more_wrapper\"><a class=\"read-more\" href=\"https:\/\/leonardo.care\/pt-br\/clever-activate-your-next-client\" ><span>Read More<\/span><\/a><\/div>\t\t\t\t\t\t\t\t\t\t\t\t\t\t\r\n\t\t\t\t\t\t<\/div>\r\n\t\t\t\t\t<\/div>\r\n\t\t\t\t<\/article>\r\n\t\t\t\t\t\t\t\t\r\n\t\t\t\t<article id=\"post-4644\" class=\"dgbc_post_item post-4644 post type-post status-publish format-standard has-post-thumbnail hentry category-clients-record category-faturas category-invoices category-registo-do-cliente et-has-post-format-content et_post_format-et-post-format-standard\">\r\n\t\t\t\t\t<div class=\"dgbc_post_inner_wrapper\">\r\n\t\t\t\t\t\t<div class=\"dg-post-thumb\"><a href=\"https:\/\/leonardo.care\/pt-br\/novo-cliente-com-faturamento-automatico-ativado\" data-icon=\"1\"><img loading=\"lazy\" decoding=\"async\" src=\"https:\/\/leonardo.care\/wp-content\/uploads\/2020\/10\/4-newclientautomaticbilling-400x250.png\" alt=\"Novo cliente com faturamento autom\u00e1tico ativado\" class=\"\" srcset=\"https:\/\/leonardo.care\/wp-content\/uploads\/2020\/10\/4-newclientautomaticbilling.png 479w, https:\/\/leonardo.care\/wp-content\/uploads\/2020\/10\/4-newclientautomaticbilling-400x250.png 480w \" sizes=\"auto, (max-width:479px) 479px, 100vw \"  width=\"400\" height=\"250\" \/><\/a><\/div>\t\t\t\t\t\t<div class=\"content-wrapper\">\r\n\t\t\t\t\t\t\t<h3 class=\"dg_bc_title\"><a href=\"https:\/\/leonardo.care\/pt-br\/novo-cliente-com-faturamento-automatico-ativado\">Novo cliente com faturamento autom\u00e1tico ativado<\/a><\/h3><div class=\"post-content\"><p>O faturamento autom\u00e1tico \u00e9 um recurso conveniente, quando voc\u00ea fatura um C...<\/div>\t\t\t\t\t\t\t<div class=\"dg_read_more_wrapper\"><a class=\"read-more\" href=\"https:\/\/leonardo.care\/pt-br\/novo-cliente-com-faturamento-automatico-ativado\" ><span>Read More<\/span><\/a><\/div>\t\t\t\t\t\t\t\t\t\t\t\t\t\t\r\n\t\t\t\t\t\t<\/div>\r\n\t\t\t\t\t<\/div>\r\n\t\t\t\t<\/article>\r\n\t\t\t\t\t\t\t\t\r\n\t\t\t\t<article id=\"post-4417\" class=\"dgbc_post_item post-4417 post type-post status-publish format-standard has-post-thumbnail hentry category-calendar category-calendario-pt-br category-faturas category-invoices et-has-post-format-content et_post_format-et-post-format-standard\">\r\n\t\t\t\t\t<div class=\"dgbc_post_inner_wrapper\">\r\n\t\t\t\t\t\t<div class=\"dg-post-thumb\"><a href=\"https:\/\/leonardo.care\/pt-br\/da-nomeacao-a-fatura\" data-icon=\"1\"><img loading=\"lazy\" decoding=\"async\" src=\"https:\/\/leonardo.care\/wp-content\/uploads\/2020\/10\/3-createinvoice-400x250.png\" alt=\"Da nomea\u00e7\u00e3o \u00e0 fatura\" class=\"\" srcset=\"https:\/\/leonardo.care\/wp-content\/uploads\/2020\/10\/3-createinvoice.png 479w, https:\/\/leonardo.care\/wp-content\/uploads\/2020\/10\/3-createinvoice-400x250.png 480w \" sizes=\"auto, (max-width:479px) 479px, 100vw \"  width=\"400\" height=\"250\" \/><\/a><\/div>\t\t\t\t\t\t<div class=\"content-wrapper\">\r\n\t\t\t\t\t\t\t<h3 class=\"dg_bc_title\"><a href=\"https:\/\/leonardo.care\/pt-br\/da-nomeacao-a-fatura\">Da nomea\u00e7\u00e3o \u00e0 fatura<\/a><\/h3><div class=\"post-content\"><p>Com Leonardo voc\u00ea pode escrever uma fatura em segundos. Voc\u00ea pode salvar a ...<\/div>\t\t\t\t\t\t\t<div class=\"dg_read_more_wrapper\"><a class=\"read-more\" href=\"https:\/\/leonardo.care\/pt-br\/da-nomeacao-a-fatura\" ><span>Read More<\/span><\/a><\/div>\t\t\t\t\t\t\t\t\t\t\t\t\t\t\r\n\t\t\t\t\t\t<\/div>\r\n\t\t\t\t\t<\/div>\r\n\t\t\t\t<\/article>\r\n\t\t\t\t\t\t\t\t\r\n\t\t\t\t<article id=\"post-4387\" class=\"dgbc_post_item post-4387 post type-post status-publish format-standard has-post-thumbnail hentry category-outros et-has-post-format-content et_post_format-et-post-format-standard\">\r\n\t\t\t\t\t<div class=\"dgbc_post_inner_wrapper\">\r\n\t\t\t\t\t\t<div class=\"dg-post-thumb\"><a href=\"https:\/\/leonardo.care\/pt-br\/instalacao-de-leonardo-app-em-multiplos-dispositivos\" data-icon=\"1\"><img loading=\"lazy\" decoding=\"async\" src=\"https:\/\/leonardo.care\/wp-content\/uploads\/2019\/11\/multipledevices-400x250.png\" alt=\"Instala\u00e7\u00e3o de Leonardo app em m\u00faltiplos dispositivos\" class=\"\" srcset=\"https:\/\/leonardo.care\/wp-content\/uploads\/2019\/11\/multipledevices.png 479w, https:\/\/leonardo.care\/wp-content\/uploads\/2019\/11\/multipledevices-400x250.png 480w \" sizes=\"auto, (max-width:479px) 479px, 100vw \"  width=\"400\" height=\"250\" \/><\/a><\/div>\t\t\t\t\t\t<div class=\"content-wrapper\">\r\n\t\t\t\t\t\t\t<h3 class=\"dg_bc_title\"><a href=\"https:\/\/leonardo.care\/pt-br\/instalacao-de-leonardo-app-em-multiplos-dispositivos\">Instala\u00e7\u00e3o de Leonardo app em m\u00faltiplos dispositivos<\/a><\/h3><div class=\"post-content\"><p>Voc\u00ea pode instalar o aplicativo Leonardo em qualquer aplicativo Android em q...<\/div>\t\t\t\t\t\t\t<div class=\"dg_read_more_wrapper\"><a class=\"read-more\" href=\"https:\/\/leonardo.care\/pt-br\/instalacao-de-leonardo-app-em-multiplos-dispositivos\" ><span>Read More<\/span><\/a><\/div>\t\t\t\t\t\t\t\t\t\t\t\t\t\t\r\n\t\t\t\t\t\t<\/div>\r\n\t\t\t\t\t<\/div>\r\n\t\t\t\t<\/article>\r\n\t\t\t\t\t\t\t\t\r\n\t\t\t\t<article id=\"post-4358\" class=\"dgbc_post_item post-4358 post type-post status-publish format-standard has-post-thumbnail hentry category-modulos-de-texto category-text-modules et-has-post-format-content et_post_format-et-post-format-standard\">\r\n\t\t\t\t\t<div class=\"dgbc_post_inner_wrapper\">\r\n\t\t\t\t\t\t<div class=\"dg-post-thumb\"><a href=\"https:\/\/leonardo.care\/pt-br\/criar-um-modelo-de-carta\" data-icon=\"1\"><img loading=\"lazy\" decoding=\"async\" src=\"https:\/\/leonardo.care\/wp-content\/uploads\/2020\/09\/1-Stationery-400x250.png\" alt=\"Criar um modelo de carta&#8230;\" class=\"\" srcset=\"https:\/\/leonardo.care\/wp-content\/uploads\/2020\/09\/1-Stationery.png 479w, https:\/\/leonardo.care\/wp-content\/uploads\/2020\/09\/1-Stationery-400x250.png 480w \" sizes=\"auto, (max-width:479px) 479px, 100vw \"  width=\"400\" height=\"250\" \/><\/a><\/div>\t\t\t\t\t\t<div class=\"content-wrapper\">\r\n\t\t\t\t\t\t\t<h3 class=\"dg_bc_title\"><a href=\"https:\/\/leonardo.care\/pt-br\/criar-um-modelo-de-carta\">Criar um modelo de carta&#8230;<\/a><\/h3><div class=\"post-content\"><p>Saiba como editar papel timbrado, rodap\u00e9, sauda\u00e7\u00e3o individual e como criar...<\/div>\t\t\t\t\t\t\t<div class=\"dg_read_more_wrapper\"><a class=\"read-more\" href=\"https:\/\/leonardo.care\/pt-br\/criar-um-modelo-de-carta\" ><span>Read More<\/span><\/a><\/div>\t\t\t\t\t\t\t\t\t\t\t\t\t\t\r\n\t\t\t\t\t\t<\/div>\r\n\t\t\t\t\t<\/div>\r\n\t\t\t\t<\/article>\r\n\t\t\t\t\t\t\t\t\r\n\t\t\t\t<article id=\"post-4210\" class=\"dgbc_post_item post-4210 post type-post status-publish format-standard has-post-thumbnail hentry category-outros et-has-post-format-content et_post_format-et-post-format-standard\">\r\n\t\t\t\t\t<div class=\"dgbc_post_inner_wrapper\">\r\n\t\t\t\t\t\t<div class=\"dg-post-thumb\"><a href=\"https:\/\/leonardo.care\/pt-br\/quem-pode-usar-leonardo\" data-icon=\"1\"><img loading=\"lazy\" decoding=\"async\" src=\"https:\/\/leonardo.care\/wp-content\/uploads\/2019\/09\/whocanuseleonardo-400x250.png\" alt=\"Quem pode usar Leonardo?\" class=\"\" srcset=\"https:\/\/leonardo.care\/wp-content\/uploads\/2019\/09\/whocanuseleonardo.png 479w, https:\/\/leonardo.care\/wp-content\/uploads\/2019\/09\/whocanuseleonardo-400x250.png 480w \" sizes=\"auto, (max-width:479px) 479px, 100vw \"  width=\"400\" height=\"250\" \/><\/a><\/div>\t\t\t\t\t\t<div class=\"content-wrapper\">\r\n\t\t\t\t\t\t\t<h3 class=\"dg_bc_title\"><a href=\"https:\/\/leonardo.care\/pt-br\/quem-pode-usar-leonardo\">Quem pode usar Leonardo?<\/a><\/h3><div class=\"post-content\"><p>Estas profiss\u00f5es s\u00e3o as que mais se beneficiam de Leonardo: Praticantes da ...<\/div>\t\t\t\t\t\t\t<div class=\"dg_read_more_wrapper\"><a class=\"read-more\" href=\"https:\/\/leonardo.care\/pt-br\/quem-pode-usar-leonardo\" ><span>Read More<\/span><\/a><\/div>\t\t\t\t\t\t\t\t\t\t\t\t\t\t\r\n\t\t\t\t\t\t<\/div>\r\n\t\t\t\t\t<\/div>\r\n\t\t\t\t<\/article>\r\n\t\t\t\t\t\t\t\t\r\n\t\t\t\t<article id=\"post-4246\" class=\"dgbc_post_item post-4246 post type-post status-publish format-standard has-post-thumbnail hentry category-settings-pt-br category-outros et-has-post-format-content et_post_format-et-post-format-standard\">\r\n\t\t\t\t\t<div class=\"dgbc_post_inner_wrapper\">\r\n\t\t\t\t\t\t<div class=\"dg-post-thumb\"><a href=\"https:\/\/leonardo.care\/pt-br\/cinco-cores-de-elementos\" data-icon=\"1\"><img loading=\"lazy\" decoding=\"async\" src=\"https:\/\/leonardo.care\/wp-content\/uploads\/2020\/06\/2-changetheme-400x250.png\" alt=\"Cinco Cores de Elementos\" class=\"\" srcset=\"https:\/\/leonardo.care\/wp-content\/uploads\/2020\/06\/2-changetheme.png 479w, https:\/\/leonardo.care\/wp-content\/uploads\/2020\/06\/2-changetheme-400x250.png 480w \" sizes=\"auto, (max-width:479px) 479px, 100vw \"  width=\"400\" height=\"250\" \/><\/a><\/div>\t\t\t\t\t\t<div class=\"content-wrapper\">\r\n\t\t\t\t\t\t\t<h3 class=\"dg_bc_title\"><a href=\"https:\/\/leonardo.care\/pt-br\/cinco-cores-de-elementos\">Cinco Cores de Elementos<\/a><\/h3><div class=\"post-content\"><p>Mudan\u00e7a para as cores do Leonardo.<\/p>\n...<\/div>\t\t\t\t\t\t\t<div class=\"dg_read_more_wrapper\"><a class=\"read-more\" href=\"https:\/\/leonardo.care\/pt-br\/cinco-cores-de-elementos\" ><span>Read More<\/span><\/a><\/div>\t\t\t\t\t\t\t\t\t\t\t\t\t\t\r\n\t\t\t\t\t\t<\/div>\r\n\t\t\t\t\t<\/div>\r\n\t\t\t\t<\/article>\r\n\t\t\t\t<\/div>\r\n\t\t\t\t\t\t\t<\/div><div class=\"swiper-pagination dg-bc-dots-0\"><\/div>\r\n\t\t\t\t\t\t<\/div>\n\t\t\t\t<\/div>\n\t\t\t<\/div><\/p>\n","protected":false},"author":1,"featured_media":0,"parent":0,"menu_order":18,"comment_status":"closed","ping_status":"closed","template":"page-template-fullwidth.php","meta":{"_et_pb_use_builder":"on","_et_pb_old_content":"","_et_gb_content_width":"","footnotes":""},"class_list":["post-3933","page","type-page","status-publish","hentry"],"_links":{"self":[{"href":"https:\/\/leonardo.care\/pt-br\/wp-json\/wp\/v2\/pages\/3933","targetHints":{"allow":["GET"]}}],"collection":[{"href":"https:\/\/leonardo.care\/pt-br\/wp-json\/wp\/v2\/pages"}],"about":[{"href":"https:\/\/leonardo.care\/pt-br\/wp-json\/wp\/v2\/types\/page"}],"author":[{"embeddable":true,"href":"https:\/\/leonardo.care\/pt-br\/wp-json\/wp\/v2\/users\/1"}],"replies":[{"embeddable":true,"href":"https:\/\/leonardo.care\/pt-br\/wp-json\/wp\/v2\/comments?post=3933"}],"version-history":[{"count":3,"href":"https:\/\/leonardo.care\/pt-br\/wp-json\/wp\/v2\/pages\/3933\/revisions"}],"predecessor-version":[{"id":5068,"href":"https:\/\/leonardo.care\/pt-br\/wp-json\/wp\/v2\/pages\/3933\/revisions\/5068"}],"wp:attachment":[{"href":"https:\/\/leonardo.care\/pt-br\/wp-json\/wp\/v2\/media?parent=3933"}],"curies":[{"name":"wp","href":"https:\/\/api.w.org\/{rel}","templated":true}]}}