{"id":3964,"date":"2020-10-02T18:27:01","date_gmt":"2020-10-02T18:27:01","guid":{"rendered":"https:\/\/leonardo.care\/sobre-nos"},"modified":"2020-10-02T18:27:02","modified_gmt":"2020-10-02T18:27:02","slug":"sobre-nos","status":"publish","type":"page","link":"https:\/\/leonardo.care\/pt-br\/sobre-nos","title":{"rendered":"Sobre n\u00f3s"},"content":{"rendered":"<p>[et_pb_section fb_built=&#8221;1&#8243; _builder_version=&#8221;3.22&#8243; background_image=&#8221;https:\/\/leonardo.care\/wp-content\/uploads\/2019\/01\/Neuhoefe-1.png&#8221; parallax=&#8221;on&#8221;][et_pb_row column_structure=&#8221;1_2,1_2&#8243; _builder_version=&#8221;3.25&#8243; background_color=&#8221;rgba(255,255,255,0.55)&#8221; background_size=&#8221;initial&#8221; background_position=&#8221;top_left&#8221; background_repeat=&#8221;repeat&#8221; custom_padding=&#8221;33px|33px|33px|33px|true|true&#8221;][et_pb_column type=&#8221;1_2&#8243; _builder_version=&#8221;3.25&#8243; custom_padding=&#8221;|||&#8221; custom_padding__hover=&#8221;|||&#8221;][et_pb_image src=&#8221;https:\/\/leonardo.care\/wp-content\/uploads\/2019\/01\/JB_18.jpg&#8221; align=&#8221;center&#8221; align_tablet=&#8221;center&#8221; align_phone=&#8221;&#8221; align_last_edited=&#8221;on|desktop&#8221; _builder_version=&#8221;3.28&#8243; width=&#8221;100%&#8221; max_width=&#8221;57%&#8221; height_tablet=&#8221;141px&#8221; height_phone=&#8221;100px&#8221; height_last_edited=&#8221;on|phone&#8221; filter_saturate=&#8221;104%&#8221; filter_brightness=&#8221;117%&#8221; filter_opacity=&#8221;64%&#8221; border_radii=&#8221;on|20px|20px|20px|20px&#8221;][\/et_pb_image][\/et_pb_column][et_pb_column type=&#8221;1_2&#8243; _builder_version=&#8221;3.25&#8243; custom_padding=&#8221;|||&#8221; custom_padding__hover=&#8221;|||&#8221;][et_pb_text _builder_version=&#8221;3.28&#8243;]<\/p>\n<h1>Juergen Bschaden<\/h1>\n<p>&nbsp;<\/p>\n<p>&nbsp;<\/p>\n<p>CEO &amp; Autor<\/p>\n<p>Aqui &#8211; 80 km ao norte de Frankfurt \/ Main &#8211; em uma fazenda de 200 anos, os cavalos ainda correm pelas ruas, os veados pastam \u00e0 vista e at\u00e9 mesmo um javali pode ser visto. Aqui n\u00f3s vivemos e trabalhamos.<\/p>\n<p>J\u00e1 no in\u00edcio da minha carreira profissional eu tinha que tratar doen\u00e7as complexas. Naquela \u00e9poca procurei muitas vezes em atlas de acupuntura por pontos de acupuntura para ajudar ainda mais meus pacientes. Como este era um tempo valioso que eu estava perdendo de outro lugar, comecei a coletar informa\u00e7\u00f5es sobre pontos de acupuntura e a gerenci\u00e1-los em um banco de dados.<\/p>\n<p>[\/et_pb_text][\/et_pb_column][\/et_pb_row][et_pb_row _builder_version=&#8221;3.25&#8243; custom_padding=&#8221;0|0px|0|0px|false|false&#8221;][et_pb_column type=&#8221;4_4&#8243; _builder_version=&#8221;3.25&#8243; custom_padding=&#8221;|||&#8221; custom_padding__hover=&#8221;|||&#8221;][\/et_pb_column][\/et_pb_row][et_pb_row _builder_version=&#8221;3.25&#8243; background_color=&#8221;rgba(255,255,255,0.84)&#8221; background_size=&#8221;initial&#8221; background_position=&#8221;top_left&#8221; background_repeat=&#8221;repeat&#8221; custom_margin=&#8221;||10px&#8221; custom_padding=&#8221;0|33px|0|33px|true|true&#8221;][et_pb_column type=&#8221;4_4&#8243; _builder_version=&#8221;3.25&#8243; custom_padding=&#8221;0px|||&#8221; custom_padding__hover=&#8221;|||&#8221;][et_pb_text _builder_version=&#8221;4.4.7&#8243;]<\/p>\n<h1 style=\"text-align: center;\">Nossos produtos<\/h1>\n<p style=\"text-align: center;\">Leonardo &#8211; Gerenciamento da Pr\u00e1tica<br \/>Para todos que trabalham com pessoas<br \/>www.leonardo.care<\/p>\n<p style=\"text-align: center;\">Shen-Acupuncture App<br \/>www.shen-apps.com<\/p>\n<p>[\/et_pb_text][\/et_pb_column][\/et_pb_row][et_pb_row _builder_version=&#8221;3.25&#8243; background_color=&#8221;rgba(255,255,255,0.83)&#8221; background_size=&#8221;initial&#8221; background_position=&#8221;top_left&#8221; background_repeat=&#8221;repeat&#8221; custom_margin=&#8221;||10px&#8221; custom_padding=&#8221;5px|33px|5px|33px|true|false&#8221;][et_pb_column type=&#8221;4_4&#8243; _builder_version=&#8221;3.25&#8243; custom_padding=&#8221;0px|||&#8221; custom_padding__hover=&#8221;|||&#8221;][et_pb_text _builder_version=&#8221;3.27.4&#8243;]<\/p>\n<h1 style=\"text-align: center;\">Impressum<\/h1>\n<p style=\"text-align: center;\">Dipl. F\u00edsico Juergen Bschaden<br \/>Carl-Orff-Weg 4<br \/>Marburg, 35043<br \/>Alemanha<\/p>\n<p style=\"text-align: center;\">E-mail:<br \/>J.Bschaden@shenprofessional.com<\/p>\n<p style=\"text-align: center;\">Telefone:<br \/>+491627930889<\/p>\n<p style=\"text-align: center;\">IDENTIFICA\u00c7\u00c3O DO IVA:<br \/>060500DE206498876<\/p>\n<p>[\/et_pb_text][\/et_pb_column][\/et_pb_row][\/et_pb_section][et_pb_section fb_built=&#8221;1&#8243; _builder_version=&#8221;3.22&#8243;][et_pb_row _builder_version=&#8221;4.6.5&#8243; _module_preset=&#8221;default&#8221;][et_pb_column type=&#8221;4_4&#8243; _builder_version=&#8221;4.6.5&#8243; _module_preset=&#8221;default&#8221;][et_pb_text _builder_version=&#8221;4.6.5&#8243; _module_preset=&#8221;default&#8221;]<\/p>\n<h1 style=\"text-align: center;\">Jornada de Minha Vida:<\/h1>\n<p>2020<\/p>\n<p>Leonardo para Android \u00e9 lan\u00e7ado. Acrescentamos 8 idiomas.<br \/>Adicionado o diagn\u00f3stico da l\u00edngua a Shen-Acupuncture.<\/p>\n<p>&nbsp;<\/p>\n<p>2019<\/p>\n<p>\u00a0Adicionado o russo e o italiano \u00e0 Shen-Acupuncture<\/p>\n<p>&nbsp;<\/p>\n<p>2018<\/p>\n<p>O Shen Acupuncture App \u00e9 lan\u00e7ado (para Android e iOS).<\/p>\n<p>&nbsp;<\/p>\n<p>2017<\/p>\n<p>Shen-Atlas de Acupuntura (eBook de 1000 p\u00e1ginas) aparece em sete idiomas<br \/>Os fundamentos da MTC s\u00e3o publicados em quatro idiomas<br \/>A ginecologia chinesa \u00e9 publicada em quatro idiomas<\/p>\n<p>&nbsp;<\/p>\n<p>2016<\/p>\n<p>Shen-Atlas de Acupuntura Atlas \u00e9 publicado como um eBook especificamente para smartphones e tablets.<\/p>\n<p>&nbsp;<\/p>\n<p>2015<\/p>\n<p>ShenProfessional 3.1 \u00e9 lan\u00e7ado (alem\u00e3o, ingl\u00eas, espanhol, portugu\u00eas e chin\u00eas).<\/p>\n<p>&nbsp;<\/p>\n<p>2006-2015<\/p>\n<p>Tradu\u00e7\u00e3o do Shen-Atlas de Acupuntura para ingl\u00eas, chin\u00eas, russo, espanhol, portugu\u00eas, italiano.<\/p>\n<p>&nbsp;<\/p>\n<p>2011<\/p>\n<p>ShenProfessional 3.0 \u00e9 lan\u00e7ado.<\/p>\n<p>&nbsp;<\/p>\n<p>2007<\/p>\n<p>Primeiro texto pr\u00e1tico sobre os Vasos Extraordin\u00e1rios.<\/p>\n<p>&nbsp;<\/p>\n<p>2005<\/p>\n<p>Minha filha Hannah nasceu!<\/p>\n<p>&nbsp;<\/p>\n<p>2004<\/p>\n<p>ShenProfessional 2.0 tamb\u00e9m publicado pela Springer-Verlag.<\/p>\n<p>&nbsp;<\/p>\n<p>2002<\/p>\n<p>Diagn\u00f3stico da l\u00edngua chinesa publicado na ShenProfessional.<\/p>\n<p>&nbsp;<\/p>\n<p>2001<\/p>\n<p>Publicou o Shen-Atlas de Acupuntura na Springer House.<\/p>\n<p>&nbsp;<\/p>\n<p>2000<\/p>\n<p>Lan\u00e7ado ShenProfessional 1.0.<\/p>\n<p>1999<\/p>\n<p>Revis\u00e3o completa dos textos dos pontos de acupuntura.<br \/>Ginecologia chinesa publicada em ShenProfessional.<\/p>\n<p>&nbsp;<\/p>\n<p>1997-2001<\/p>\n<p>Criou o cat\u00e1logo de sintomas e diagn\u00f3sticos com mais de 4000 entradas. Foram necess\u00e1rias buscas bibliogr\u00e1ficas de mais de 10.000 p\u00e1ginas.<\/p>\n<p>&nbsp;<\/p>\n<p>1998<\/p>\n<p>Adquiriu os modelos de anatomia, em quatro n\u00edveis, para os gr\u00e1ficos de acupuntura. Cada ponto de acupuntura foi desenhado individualmente em um sistema de coordenadas dentro de um banco de dados. Atrav\u00e9s deste m\u00e9todo, os gr\u00e1ficos de acupuntura em ShenProfessional se tornaram interativos.<\/p>\n<p>&nbsp;<\/p>\n<p>1997-1998<\/p>\n<p>Criei as bases da Medicina Tradicional Chinesa &#8211; para meus cursos na Su\u00ed\u00e7a.<\/p>\n<p>&nbsp;<\/p>\n<p>1998<\/p>\n<p>Iniciou o ensino de MTC na Su\u00ed\u00e7a.<\/p>\n<p>&nbsp;<\/p>\n<p>1993<\/p>\n<p>Criei meus pr\u00f3prios textos de pontos de acupuntura.<br \/>Abri uma pr\u00e1tica focada em Acupress\u00e3o e Medicina Tradicional Chinesa<\/p>\n<p>[\/et_pb_text][\/et_pb_column][\/et_pb_row][\/et_pb_section]<\/p>\n","protected":false},"excerpt":{"rendered":"<p>Juergen Bschaden &nbsp; &nbsp; CEO &amp; Autor Aqui &#8211; 80 km ao norte de Frankfurt \/ Main &#8211; em uma fazenda de 200 anos, os cavalos ainda correm pelas ruas, os veados pastam \u00e0 vista e at\u00e9 mesmo um javali pode ser visto. Aqui n\u00f3s vivemos e trabalhamos. J\u00e1 no in\u00edcio da minha carreira profissional [&hellip;]<\/p>\n","protected":false},"author":1,"featured_media":0,"parent":0,"menu_order":18,"comment_status":"closed","ping_status":"closed","template":"page-template-fullwidth.php","meta":{"_et_pb_use_builder":"on","_et_pb_old_content":"","_et_gb_content_width":"","footnotes":""},"class_list":["post-3964","page","type-page","status-publish","hentry"],"_links":{"self":[{"href":"https:\/\/leonardo.care\/pt-br\/wp-json\/wp\/v2\/pages\/3964","targetHints":{"allow":["GET"]}}],"collection":[{"href":"https:\/\/leonardo.care\/pt-br\/wp-json\/wp\/v2\/pages"}],"about":[{"href":"https:\/\/leonardo.care\/pt-br\/wp-json\/wp\/v2\/types\/page"}],"author":[{"embeddable":true,"href":"https:\/\/leonardo.care\/pt-br\/wp-json\/wp\/v2\/users\/1"}],"replies":[{"embeddable":true,"href":"https:\/\/leonardo.care\/pt-br\/wp-json\/wp\/v2\/comments?post=3964"}],"version-history":[{"count":2,"href":"https:\/\/leonardo.care\/pt-br\/wp-json\/wp\/v2\/pages\/3964\/revisions"}],"predecessor-version":[{"id":3966,"href":"https:\/\/leonardo.care\/pt-br\/wp-json\/wp\/v2\/pages\/3964\/revisions\/3966"}],"wp:attachment":[{"href":"https:\/\/leonardo.care\/pt-br\/wp-json\/wp\/v2\/media?parent=3964"}],"curies":[{"name":"wp","href":"https:\/\/api.w.org\/{rel}","templated":true}]}}