{"id":3974,"date":"2020-05-25T11:00:30","date_gmt":"2020-05-25T11:00:30","guid":{"rendered":"https:\/\/leonardo.care\/prices"},"modified":"2021-02-19T11:56:50","modified_gmt":"2021-02-19T11:56:50","slug":"prices","status":"publish","type":"page","link":"https:\/\/leonardo.care\/pt-br\/prices","title":{"rendered":"Pre\u00e7os"},"content":{"rendered":"<p>[et_pb_section fb_built=&#8221;1&#8243; _builder_version=&#8221;3.29.3&#8243; min_height=&#8221;678px&#8221; custom_padding=&#8221;0px||0px|||&#8221;][et_pb_row _builder_version=&#8221;3.29.3&#8243; min_height=&#8221;695px&#8221; custom_padding=&#8221;||0px|||&#8221;][et_pb_column type=&#8221;4_4&#8243; _builder_version=&#8221;3.29.3&#8243;][et_pb_text content_last_edited=&#8221;off|tablet&#8221; _builder_version=&#8221;4.6.5&#8243; header_font_size=&#8221;50px&#8221; custom_padding=&#8221;0px|||||&#8221; header_font_tablet=&#8221;&#8221; header_font_phone=&#8221;&#8221; header_font_last_edited=&#8221;on|phone&#8221; header_font_size_tablet=&#8221;&#8221; header_font_size_phone=&#8221;30px&#8221; header_font_size_last_edited=&#8221;on|phone&#8221;]<\/p>\n<h1 style=\"text-align: center;\">Leonardo-Pre\u00e7os<\/h1>\n<p>O Plano Leonardo Starter \u00e9 gratuito para todos. N\u00e3o \u00e9 necess\u00e1rio registro. Basta fazer o download e come\u00e7ar.<\/p>\n<blockquote>\n<p>CUIDADO: Leonardo n\u00e3o \u00e9 desenvolvido para faturar diretamente com companhias de seguro sa\u00fade.<\/p>\n<\/blockquote>\n<p>[\/et_pb_text][et_pb_pricing_tables featured_table_background_color=&#8221;#FFFFFF&#8221; featured_table_header_text_color=&#8221;#FFFFFF&#8221; featured_table_bullet_color=&#8221;#0C71C3&#8243; bullet_color=&#8221;#0C71C3&#8243; _builder_version=&#8221;4.9.0&#8243; price_text_color=&#8221;#0C71C3&#8243; body_font=&#8221;|||||on|||&#8221; body_line_height=&#8221;1.2em&#8221; price_font_size=&#8221;66px&#8221; hover_enabled=&#8221;0&#8243; price_text_shadow_style=&#8221;preset1&#8243; border_color_all=&#8221;#e8e8e8&#8243; border_color_top_price=&#8221;#0959a3&#8243; sticky_enabled=&#8221;0&#8243;][et_pb_pricing_table title=&#8221;Starter&#8221; subtitle=&#8221;10 Clientes&#8221; currency=&#8221;\u20ac&#8221; per=&#8221;M\u00eas&#8221; sum=&#8221;0&#8243; bullet_color=&#8221;#0C71C3&#8243; header_background_color=&#8221;#0C71C3&#8243; _builder_version=&#8221;4.6.5&#8243; price_text_color=&#8221;#0C71C3&#8243; box_shadow_style=&#8221;preset3&#8243; sticky_transition=&#8221;on&#8221;]<\/p>\n<p>10 Clientes<\/p>\n<p>Faturas ilimitadas<\/p>\n<p>TODAS as caracter\u00edsticas<\/p>\n<p>Gr\u00e1tis<\/p>\n<p>[\/et_pb_pricing_table][et_pb_pricing_table featured=&#8221;on&#8221; title=&#8221;Pro&#8221; subtitle=&#8221;50 Clientes&#8221; currency=&#8221;\u20ac&#8221; per=&#8221;M\u00eas&#8221; sum=&#8221;3,95&#8243; bullet_color=&#8221;#63a31b&#8221; header_background_color=&#8221;#63a31b&#8221; _builder_version=&#8221;4.9.0&#8243; price_text_color=&#8221;#63a31b&#8221; hover_enabled=&#8221;0&#8243; box_shadow_style=&#8221;preset3&#8243; sticky_transition=&#8221;on&#8221; sticky_enabled=&#8221;0&#8243;]<\/p>\n<p>50 Clientes<\/p>\n<p>Faturas ilimitadas<\/p>\n<p>TODAS as caracter\u00edsticas<\/p>\n<p>3,95\/m\u00eas ou 30 euros\/ano<\/p>\n<p>[\/et_pb_pricing_table][et_pb_pricing_table title=&#8221;Ilimitado&#8221; subtitle=&#8221;Clientes ilimitados&#8221; currency=&#8221;\u20ac&#8221; per=&#8221;M\u00eas&#8221; sum=&#8221;8,95&#8243; bullet_color=&#8221;#c91c1c&#8221; header_background_color=&#8221;#bc1a1a&#8221; _builder_version=&#8221;4.9.0&#8243; price_text_color=&#8221;#bc1a1a&#8221; hover_enabled=&#8221;0&#8243; box_shadow_style=&#8221;preset3&#8243; sticky_transition=&#8221;on&#8221; sticky_enabled=&#8221;0&#8243;]<\/p>\n<p>Clientes ilimitados<\/p>\n<p>Faturas ilimitadas<\/p>\n<p>TODAS as caracter\u00edsticas<\/p>\n<p>8,95\/m\u00eas ou 80 euros\/ano<\/p>\n<p>[\/et_pb_pricing_table][\/et_pb_pricing_tables][\/et_pb_column][\/et_pb_row][\/et_pb_section]<\/p>\n","protected":false},"excerpt":{"rendered":"<p>Leonardo-Pre\u00e7os O Plano Leonardo Starter \u00e9 gratuito para todos. N\u00e3o \u00e9 necess\u00e1rio registro. Basta fazer o download e come\u00e7ar. CUIDADO: Leonardo n\u00e3o \u00e9 desenvolvido para faturar diretamente com companhias de seguro sa\u00fade. 10 Clientes Faturas ilimitadas TODAS as caracter\u00edsticas Gr\u00e1tis50 Clientes Faturas ilimitadas TODAS as caracter\u00edsticas 3,95\/m\u00eas ou 30 euros\/anoClientes ilimitados Faturas ilimitadas TODAS as [&hellip;]<\/p>\n","protected":false},"author":1,"featured_media":0,"parent":0,"menu_order":13,"comment_status":"closed","ping_status":"closed","template":"page-template-fullwidth.php","meta":{"_et_pb_use_builder":"on","_et_pb_old_content":"","_et_gb_content_width":"","footnotes":""},"class_list":["post-3974","page","type-page","status-publish","hentry"],"_links":{"self":[{"href":"https:\/\/leonardo.care\/pt-br\/wp-json\/wp\/v2\/pages\/3974","targetHints":{"allow":["GET"]}}],"collection":[{"href":"https:\/\/leonardo.care\/pt-br\/wp-json\/wp\/v2\/pages"}],"about":[{"href":"https:\/\/leonardo.care\/pt-br\/wp-json\/wp\/v2\/types\/page"}],"author":[{"embeddable":true,"href":"https:\/\/leonardo.care\/pt-br\/wp-json\/wp\/v2\/users\/1"}],"replies":[{"embeddable":true,"href":"https:\/\/leonardo.care\/pt-br\/wp-json\/wp\/v2\/comments?post=3974"}],"version-history":[{"count":7,"href":"https:\/\/leonardo.care\/pt-br\/wp-json\/wp\/v2\/pages\/3974\/revisions"}],"predecessor-version":[{"id":5340,"href":"https:\/\/leonardo.care\/pt-br\/wp-json\/wp\/v2\/pages\/3974\/revisions\/5340"}],"wp:attachment":[{"href":"https:\/\/leonardo.care\/pt-br\/wp-json\/wp\/v2\/media?parent=3974"}],"curies":[{"name":"wp","href":"https:\/\/api.w.org\/{rel}","templated":true}]}}