{"id":4006,"date":"2020-10-03T08:28:20","date_gmt":"2020-10-03T08:28:20","guid":{"rendered":"https:\/\/leonardo.care\/funcionalidades"},"modified":"2020-10-03T08:45:06","modified_gmt":"2020-10-03T08:45:06","slug":"funcionalidades","status":"publish","type":"page","link":"https:\/\/leonardo.care\/pt-br\/funcionalidades","title":{"rendered":"Funcionalidades"},"content":{"rendered":"<p>[et_pb_section fb_built=&#8221;1&#8243; _builder_version=&#8221;3.22&#8243; custom_padding=&#8221;0px|||||&#8221;][et_pb_row _builder_version=&#8221;3.25&#8243; background_size=&#8221;initial&#8221; background_position=&#8221;top_left&#8221; background_repeat=&#8221;repeat&#8221;][et_pb_column type=&#8221;4_4&#8243; _builder_version=&#8221;3.25&#8243; custom_padding=&#8221;|||&#8221; custom_padding__hover=&#8221;|||&#8221;][et_pb_text _builder_version=&#8221;4.5.1&#8243; header_text_color=&#8221;#910004&#8243; header_font_size=&#8221;50px&#8221; background_size=&#8221;initial&#8221; background_position=&#8221;top_left&#8221; background_repeat=&#8221;repeat&#8221; min_height=&#8221;108px&#8221; header_font_size_tablet=&#8221;40px&#8221; header_font_size_phone=&#8221;30px&#8221; header_font_size_last_edited=&#8221;on|phone&#8221;]<\/p>\n<h1 style=\"text-align: center;\">Leonardo &#8211; Funcionalidades<\/h1>\n<p style=\"text-align: center;\"><strong>Lista de clientes &#8211; Registo de clientes &#8211; Calend\u00e1rio &#8211; Faturas &#8211; Tarefas &#8211; M\u00f3dulos de texto &#8211; Defini\u00e7\u00f5es<\/strong><\/p>\n<p>Leonardo \u00e9 a aplica\u00e7\u00e3o do Android para pr\u00e1ticas privadas e de auto-pagamento numa vasta gama de profiss\u00f5es. Leonardo armazena os dados do seu cliente no seu dispositivo &#8211; n\u00e3o numa nuvem. S\u00f3 precisa de uma liga\u00e7\u00e3o \u00e0 Internet para comunica\u00e7\u00e3o por correio eletr\u00f3nico ou se quiser enviar um Boletim informativo.<\/p>\n<p>[\/et_pb_text][\/et_pb_column][\/et_pb_row][et_pb_row _builder_version=&#8221;4.4.2&#8243;][et_pb_column type=&#8221;4_4&#8243; _builder_version=&#8221;4.4.2&#8243;][et_pb_blurb title=&#8221;Lista de Clientes&#8221; image=&#8221;https:\/\/leonardo.care\/wp-content\/uploads\/2020\/04\/ClientsList.png&#8221; icon_placement=&#8221;left&#8221; _builder_version=&#8221;4.4.2&#8243; border_width_all=&#8221;0px&#8221; border_color_all=&#8221;#000000&#8243; border_width_bottom=&#8221;1px&#8221; border_color_bottom=&#8221;#dbdbdb&#8221;]<\/p>\n<ul>\n<li>Lista de Clientes<\/li>\n<li>Gerir e enviar Boletim informativos (tr\u00eas grupos, cada um com 500 destinat\u00e1rios)<\/li>\n<\/ul>\n<p>[\/et_pb_blurb][et_pb_blurb title=&#8221;Registo do cliente&#8221; image=&#8221;https:\/\/leonardo.care\/wp-content\/uploads\/2020\/04\/ClientsRecord.png&#8221; icon_placement=&#8221;left&#8221; _builder_version=&#8221;4.4.2&#8243; animation_style=&#8221;fade&#8221; border_width_bottom=&#8221;1px&#8221; border_color_bottom=&#8221;#dbdbdb&#8221;]<\/p>\n<ul>\n<li>Vis\u00e3o Geral Marca\u00e7\u00f5es com Fatura\u00e7\u00e3o<\/li>\n<li>Documenta\u00e7\u00e3o extensiva: texto, imagem, v\u00eddeo, som, discurso para texto, anexos em pdf<\/li>\n<li>Gerir os diagn\u00f3sticos<\/li>\n<li>Cartas e e-mails<\/li>\n<li>Gest\u00e3o de endere\u00e7os<\/li>\n<li>Fatura\u00e7\u00e3o autom\u00e1tica de marca\u00e7\u00f5es<\/li>\n<\/ul>\n<p>[\/et_pb_blurb][et_pb_blurb title=&#8221;Calend\u00e1rio&#8221; image=&#8221;https:\/\/leonardo.care\/wp-content\/uploads\/2020\/04\/Calendar.png&#8221; icon_placement=&#8221;left&#8221; _builder_version=&#8221;4.4.2&#8243; animation_style=&#8221;fade&#8221; border_width_bottom=&#8221;1px&#8221; border_color_bottom=&#8221;#dbdbdb&#8221;]<\/p>\n<ul>\n<li>Dia, 5-Dias, 7-Dias, M\u00eas, Ano<\/li>\n<li>Assistente de Marca\u00e7\u00e3o e Fatura\u00e7\u00e3o<\/li>\n<li>Marca\u00e7\u00f5es individuais e de grupo com fatura\u00e7\u00e3o<\/li>\n<\/ul>\n<p>[\/et_pb_blurb][et_pb_blurb title=&#8221;Faturas&#8221; image=&#8221;https:\/\/leonardo.care\/wp-content\/uploads\/2020\/04\/Billing.png&#8221; icon_placement=&#8221;left&#8221; _builder_version=&#8221;4.4.2&#8243; animation_style=&#8221;fade&#8221; border_width_bottom=&#8221;1px&#8221; border_color_bottom=&#8221;#dbdbdb&#8221;]<\/p>\n<ul>\n<li>Faturas com um clique<\/li>\n<li>Criar faturas, faturas devidas, faturas pagas<\/li>\n<li>Lembrete de pagamento<\/li>\n<li>Fatura de cancelamento<\/li>\n<li>Imprimir faturas<\/li>\n<li>Faturas por correio<\/li>\n<\/ul>\n<p>[\/et_pb_blurb][et_pb_blurb title=&#8221;Tarefas&#8221; image=&#8221;https:\/\/leonardo.care\/wp-content\/uploads\/2020\/04\/Tasks.png&#8221; icon_placement=&#8221;left&#8221; _builder_version=&#8221;4.4.2&#8243; animation_style=&#8221;fade&#8221; scroll_vertical_motion_enable=&#8221;off&#8221; border_width_bottom=&#8221;1px&#8221; border_color_bottom=&#8221;#dbdbdb&#8221;]<\/p>\n<ul>\n<li>Gest\u00e3o de Tarefas<\/li>\n<li>Eliminar automaticamente as tarefas feitas<\/li>\n<\/ul>\n<p>[\/et_pb_blurb][et_pb_blurb title=&#8221;M\u00f3dulos de Texto&#8221; image=&#8221;https:\/\/leonardo.care\/wp-content\/uploads\/2020\/04\/Textmodules.png&#8221; icon_placement=&#8221;left&#8221; _builder_version=&#8221;4.6.5&#8243; animation_style=&#8221;fade&#8221; border_width_bottom=&#8221;1px&#8221; border_color_bottom=&#8221;#dbdbdb&#8221;]<\/p>\n<ul>\n<li>Gerir Procedimentos e Produtos<\/li>\n<li>Trechos de texto para documenta\u00e7\u00e3o, cartas e correios (escrever uma vez sempre dispon\u00edvel)<\/li>\n<li>Gerir diagn\u00f3sticos (partes do CID 10 dispon\u00edveis)<\/li>\n<li>Modelos para Faturas, Lembretes, Cartas, E-Mails<\/li>\n<\/ul>\n<p>[\/et_pb_blurb][et_pb_blurb title=&#8221;Defini\u00e7\u00f5es&#8221; image=&#8221;https:\/\/leonardo.care\/wp-content\/uploads\/2020\/04\/Settings.png&#8221; icon_placement=&#8221;left&#8221; _builder_version=&#8221;4.4.2&#8243; animation_style=&#8221;fade&#8221; border_width_bottom=&#8221;1px&#8221; border_color_bottom=&#8221;#dbdbdb&#8221;]<\/p>\n<ul>\n<li>Gerir Procedimentos e Produtos<\/li>\n<li>Trechos de texto para documenta\u00e7\u00e3o, cartas e correios (escrever uma vez sempre dispon\u00edvel)<\/li>\n<li>Gerir diagn\u00f3sticos (partes do CID 10 dispon\u00edveis)<\/li>\n<li>Modelos para Faturas, Lembretes, Cartas, E-Mails<\/li>\n<\/ul>\n<p>[\/et_pb_blurb][\/et_pb_column][\/et_pb_row][\/et_pb_section]<\/p>\n","protected":false},"excerpt":{"rendered":"<p>Leonardo &#8211; Funcionalidades Lista de clientes &#8211; Registo de clientes &#8211; Calend\u00e1rio &#8211; Faturas &#8211; Tarefas &#8211; M\u00f3dulos de texto &#8211; Defini\u00e7\u00f5es Leonardo \u00e9 a aplica\u00e7\u00e3o do Android para pr\u00e1ticas privadas e de auto-pagamento numa vasta gama de profiss\u00f5es. Leonardo armazena os dados do seu cliente no seu dispositivo &#8211; n\u00e3o numa nuvem. S\u00f3 precisa [&hellip;]<\/p>\n","protected":false},"author":1,"featured_media":0,"parent":0,"menu_order":15,"comment_status":"closed","ping_status":"closed","template":"page-template-fullwidth.php","meta":{"_et_pb_use_builder":"on","_et_pb_old_content":"","_et_gb_content_width":"","footnotes":""},"class_list":["post-4006","page","type-page","status-publish","hentry"],"_links":{"self":[{"href":"https:\/\/leonardo.care\/pt-br\/wp-json\/wp\/v2\/pages\/4006","targetHints":{"allow":["GET"]}}],"collection":[{"href":"https:\/\/leonardo.care\/pt-br\/wp-json\/wp\/v2\/pages"}],"about":[{"href":"https:\/\/leonardo.care\/pt-br\/wp-json\/wp\/v2\/types\/page"}],"author":[{"embeddable":true,"href":"https:\/\/leonardo.care\/pt-br\/wp-json\/wp\/v2\/users\/1"}],"replies":[{"embeddable":true,"href":"https:\/\/leonardo.care\/pt-br\/wp-json\/wp\/v2\/comments?post=4006"}],"version-history":[{"count":4,"href":"https:\/\/leonardo.care\/pt-br\/wp-json\/wp\/v2\/pages\/4006\/revisions"}],"predecessor-version":[{"id":4020,"href":"https:\/\/leonardo.care\/pt-br\/wp-json\/wp\/v2\/pages\/4006\/revisions\/4020"}],"wp:attachment":[{"href":"https:\/\/leonardo.care\/pt-br\/wp-json\/wp\/v2\/media?parent=4006"}],"curies":[{"name":"wp","href":"https:\/\/api.w.org\/{rel}","templated":true}]}}